{"id":956,"date":"2022-06-17T03:21:45","date_gmt":"2022-06-17T03:21:45","guid":{"rendered":"https:\/\/czd-shelves.com\/?post_type=product&#038;p=956"},"modified":"2022-08-19T07:09:19","modified_gmt":"2022-08-19T07:09:19","slug":"consigne-colis-code-numerique","status":"publish","type":"product","link":"https:\/\/czd-shelves.com\/fr\/product\/digital-code-parcel-locker\/","title":{"rendered":"casier \u00e0 colis \u00e0 code num\u00e9rique \u00e0 vendre"},"content":{"rendered":"<table width=\"1190\">\n<tbody>\n<tr>\n<td width=\"212\">Nom du produit<\/td>\n<td width=\"978\"><strong>casier \u00e0 colis \u00e0 code num\u00e9rique<\/strong><\/td>\n<\/tr>\n<tr>\n<td width=\"212\">Couleur<\/td>\n<td width=\"978\">Bleu ciel\/vert fruit\/marron\/gris\/blanc, personnaliser<\/td>\n<\/tr>\n<tr>\n<td width=\"212\">Appliquer<\/td>\n<td width=\"978\">Casier de v\u00eatements d&#039;\u00e9cole de gym \u00e9lectronique intelligent en plastique ABS<\/td>\n<\/tr>\n<tr>\n<td rowspan=\"3\" width=\"212\">Caract\u00e9ristique<\/td>\n<td width=\"978\">La fente \u00e0 monnaie peut \u00eatre install\u00e9e<\/td>\n<\/tr>\n<tr>\n<td width=\"978\">12\/24\/36\/48 portes<\/td>\n<\/tr>\n<tr>\n<td width=\"978\">Finition\u00a0: plaque d&#039;acier lamin\u00e9e \u00e0 froid de 0,8\u00a0mm\/poudre \u00e9lectrostatique<br \/>\npulv\u00e9risation (environnementale); fen\u00eatres en polycarbonate de 3 mm d&#039;\u00e9paisseur en option.<\/td>\n<\/tr>\n<tr>\n<td width=\"212\">Forfait<\/td>\n<td width=\"978\">\u00c9quip\u00e9, film plastique int\u00e9rieur, carton ondul\u00e9 5 couches, caisse en bois. Prot\u00e9gez le produit contre les dommages<\/td>\n<\/tr>\n<tr>\n<td width=\"212\">Service<\/td>\n<td width=\"978\">Couleur personnalis\u00e9e, capacit\u00e9, \u00e9paisseur, raccords, conception 3D, prix direct usine<\/td>\n<\/tr>\n<tr>\n<td width=\"212\">Forfait<\/td>\n<td width=\"978\">Film \u00e0 bulles pour montant et poutre, carton standard pour plaque; Ou emballage de s\u00e9curit\u00e9 personnalis\u00e9 pour le transport longue distance<\/td>\n<\/tr>\n<tr>\n<td width=\"212\">Service<\/td>\n<td width=\"978\">Couleur personnalis\u00e9e, capacit\u00e9, \u00e9paisseur, conception 3D, prix direct usine<\/td>\n<\/tr>\n<\/tbody>\n<\/table>","protected":false},"excerpt":{"rendered":"<p>Product Name digital code parcel locker Color Sky blue\/fruit-green\/brown\/gray\/white, customize Apply ABS Plastic Electronic Smart Gym School Clothes Locker Feature Coin slot can be installed 12\/24\/36\/48 doors Finish:\u00a00.8mm cold rolled steel plate\/Electrostatic powder (environmental) spraying;3mm thick polycarbonate windows optional. Package Equipped, lnner plastic film,5 layers corrugated carton, wooden case. Protect the product from damage Service [&hellip;]<\/p>\n","protected":false},"featured_media":959,"template":"","meta":[],"product_brand":[],"product_cat":[26],"product_tag":[],"class_list":{"0":"post-956","1":"product","2":"type-product","3":"status-publish","4":"has-post-thumbnail","6":"product_cat-locker","8":"first","9":"instock","10":"shipping-taxable","11":"product-type-simple"},"_links":{"self":[{"href":"https:\/\/czd-shelves.com\/fr\/wp-json\/wp\/v2\/product\/956","targetHints":{"allow":["GET"]}}],"collection":[{"href":"https:\/\/czd-shelves.com\/fr\/wp-json\/wp\/v2\/product"}],"about":[{"href":"https:\/\/czd-shelves.com\/fr\/wp-json\/wp\/v2\/types\/product"}],"wp:featuredmedia":[{"embeddable":true,"href":"https:\/\/czd-shelves.com\/fr\/wp-json\/wp\/v2\/media\/959"}],"wp:attachment":[{"href":"https:\/\/czd-shelves.com\/fr\/wp-json\/wp\/v2\/media?parent=956"}],"wp:term":[{"taxonomy":"product_brand","embeddable":true,"href":"https:\/\/czd-shelves.com\/fr\/wp-json\/wp\/v2\/product_brand?post=956"},{"taxonomy":"product_cat","embeddable":true,"href":"https:\/\/czd-shelves.com\/fr\/wp-json\/wp\/v2\/product_cat?post=956"},{"taxonomy":"product_tag","embeddable":true,"href":"https:\/\/czd-shelves.com\/fr\/wp-json\/wp\/v2\/product_tag?post=956"}],"curies":[{"name":"wp","href":"https:\/\/api.w.org\/{rel}","templated":true}]}}