{"id":944,"date":"2022-06-17T03:16:32","date_gmt":"2022-06-17T03:16:32","guid":{"rendered":"https:\/\/czd-shelves.com\/?post_type=product&#038;p=944"},"modified":"2022-08-18T05:46:10","modified_gmt":"2022-08-18T05:46:10","slug":"panier-depicerie-empilable","status":"publish","type":"product","link":"https:\/\/czd-shelves.com\/fr\/product\/stackable-retail-grocery-store-shopping-basket\/","title":{"rendered":"Panier empilable d&#039;\u00e9picerie au d\u00e9tail"},"content":{"rendered":"<table width=\"1250\">\n<tbody>\n<tr>\n<td width=\"177\">Nom du produit<\/td>\n<td width=\"1072\"><strong>Panier de pique-nique en plastique Marchandises de supermarch\u00e9 Panier d&#039;\u00e9picerie au d\u00e9tail empilable<\/strong><\/td>\n<\/tr>\n<tr>\n<td width=\"177\">Mat\u00e9riel<\/td>\n<td width=\"1072\">Plastique<\/td>\n<\/tr>\n<tr>\n<td width=\"177\">Couleur<\/td>\n<td width=\"1072\">Bleu, rouge, gris, vert<\/td>\n<\/tr>\n<tr>\n<td width=\"177\">Appliquer<\/td>\n<td width=\"1072\">panier de magasin pratique, panier d&#039;\u00e9picerie, panier de magasin g\u00e9n\u00e9ral, panier de march\u00e9 moyen, panier de magasin \u00e0 cha\u00eenes, panier de supermarch\u00e9, panier de pharmacie, panier de papeterie, caissier de fruiterie, panier de papeterie, panier de courses<\/td>\n<\/tr>\n<tr>\n<td rowspan=\"2\" width=\"177\">Taille<\/td>\n<td width=\"1072\">Grand : 28L<\/td>\n<\/tr>\n<tr>\n<td width=\"1072\">Milieu : 18L<\/td>\n<\/tr>\n<tr>\n<td rowspan=\"3\" width=\"177\">transaction<\/td>\n<td width=\"1072\">MOQ : 1 ensembles<\/td>\n<\/tr>\n<tr>\n<td width=\"1072\">Conditions de paiement\u00a0: T\/T, d\u00e9p\u00f4t 30%, solde 70% doit \u00eatre pay\u00e9 avant l&#039;exp\u00e9dition<\/td>\n<\/tr>\n<tr>\n<td width=\"1072\">D\u00e9lai d&#039;ex\u00e9cution : 1-7 jours ouvrables pour l&#039;\u00e9chantillon, 10-15 jours ouvrables pour la production en s\u00e9rie<\/td>\n<\/tr>\n<tr>\n<td width=\"177\">Forfait<\/td>\n<td width=\"1072\">Emballage d\u00e9montable par carton et mousse \u00e0 bulles, emballage souple pour le transport longue distance<\/td>\n<\/tr>\n<tr>\n<td width=\"177\">Service<\/td>\n<td width=\"1072\">Couleur personnalis\u00e9e, capacit\u00e9, \u00e9paisseur, raccords, conception 3D, prix direct usine<\/td>\n<\/tr>\n<\/tbody>\n<\/table>","protected":false},"excerpt":{"rendered":"<p>Product Name Plastic Picnic Basket Supermarket Goods Stackable Retail Grocery Store Shopping Basket Material Plastic Color Blue, red, gray, green Apply convenient shop basket, grocery store basket, general store basket, middle-size market basket, chain store basket, supermarket basket, pharmacy shop basket, stationery shop basket,\u00a0 fruit store cashier, stationery shop basket, shopping basket Size Big: 28L [&hellip;]<\/p>\n","protected":false},"featured_media":949,"template":"","meta":[],"product_brand":[],"product_cat":[25,35],"product_tag":[],"class_list":{"0":"post-944","1":"product","2":"type-product","3":"status-publish","4":"has-post-thumbnail","6":"product_cat-shopping-basket","7":"product_cat-shopping-basket-shopping-basket","9":"first","10":"instock","11":"shipping-taxable","12":"product-type-simple"},"_links":{"self":[{"href":"https:\/\/czd-shelves.com\/fr\/wp-json\/wp\/v2\/product\/944","targetHints":{"allow":["GET"]}}],"collection":[{"href":"https:\/\/czd-shelves.com\/fr\/wp-json\/wp\/v2\/product"}],"about":[{"href":"https:\/\/czd-shelves.com\/fr\/wp-json\/wp\/v2\/types\/product"}],"wp:featuredmedia":[{"embeddable":true,"href":"https:\/\/czd-shelves.com\/fr\/wp-json\/wp\/v2\/media\/949"}],"wp:attachment":[{"href":"https:\/\/czd-shelves.com\/fr\/wp-json\/wp\/v2\/media?parent=944"}],"wp:term":[{"taxonomy":"product_brand","embeddable":true,"href":"https:\/\/czd-shelves.com\/fr\/wp-json\/wp\/v2\/product_brand?post=944"},{"taxonomy":"product_cat","embeddable":true,"href":"https:\/\/czd-shelves.com\/fr\/wp-json\/wp\/v2\/product_cat?post=944"},{"taxonomy":"product_tag","embeddable":true,"href":"https:\/\/czd-shelves.com\/fr\/wp-json\/wp\/v2\/product_tag?post=944"}],"curies":[{"name":"wp","href":"https:\/\/api.w.org\/{rel}","templated":true}]}}