{"id":932,"date":"2022-06-17T03:11:04","date_gmt":"2022-06-17T03:11:04","guid":{"rendered":"https:\/\/czd-shelves.com\/?post_type=product&#038;p=932"},"modified":"2022-08-18T05:46:27","modified_gmt":"2022-08-18T05:46:27","slug":"panier-en-plastique-de-type-a-quatre-roues-pour-magasin-supermarche-3","status":"publish","type":"product","link":"https:\/\/czd-shelves.com\/fr\/product\/four-wheel-pull-type-plastic-shopping-basket-for-store-supermarket-3\/","title":{"rendered":"Panier \u00e0 provisions en plastique \u00e0 traction \u00e0 quatre roues pour supermarch\u00e9"},"content":{"rendered":"<table width=\"1046\">\n<tbody>\n<tr>\n<td width=\"206\">Nom du produit<\/td>\n<td width=\"839\"><strong>Panier \u00e0 provisions en plastique \u00e0 traction \u00e0 quatre roues pour magasin\/supermarch\u00e9<\/strong><\/td>\n<\/tr>\n<tr>\n<td width=\"206\">Couleur<\/td>\n<td width=\"839\">Rouge, Bleu, Gris, Vert, personnalisation<\/td>\n<\/tr>\n<tr>\n<td width=\"206\">Appliquer<\/td>\n<td width=\"839\">panier de supermarch\u00e9\u00a0; panier de magasin de d\u00e9tail, panier de magasinage en plastique<\/td>\n<\/tr>\n<tr>\n<td width=\"206\">capacit\u00e9<\/td>\n<td width=\"839\">45L\/35L<\/td>\n<\/tr>\n<tr>\n<td width=\"206\">Mat\u00e9riel<\/td>\n<td width=\"839\">Plastique<\/td>\n<\/tr>\n<tr>\n<td rowspan=\"2\" width=\"206\">Dimension<\/td>\n<td width=\"839\">45L:50*35.5*36cm<\/td>\n<\/tr>\n<tr>\n<td width=\"839\">35L:49*32*34cm<\/td>\n<\/tr>\n<tr>\n<td rowspan=\"3\" width=\"206\">transaction<\/td>\n<td width=\"839\">MOQ : 50 ensembles<\/td>\n<\/tr>\n<tr>\n<td width=\"839\">Conditions de paiement\u00a0: T\/T, d\u00e9p\u00f4t 30%, solde 70% doit \u00eatre pay\u00e9 avant l&#039;exp\u00e9dition<\/td>\n<\/tr>\n<tr>\n<td width=\"839\">D\u00e9lai d&#039;ex\u00e9cution : 1-7 jours ouvrables pour l&#039;\u00e9chantillon, 10-15 jours ouvrables pour la production en s\u00e9rie<\/td>\n<\/tr>\n<tr>\n<td width=\"206\">Forfait<\/td>\n<td width=\"839\">Emballage d\u00e9montable par carton et mousse \u00e0 bulles, emballage souple pour le transport longue distance<\/td>\n<\/tr>\n<\/tbody>\n<\/table>","protected":false},"excerpt":{"rendered":"<p>Product Name Four Wheel Pull Type Plastic Shopping Basket For Store\/Supermarket Color Red, Blue, Grey, Green, customization Apply supermarket shopping basket;retail store basket, plastic shopping basket capacity 45L\/35L Material Plastic Dimension 45L:50*35.5*36cm 35L:49*32*34cm transaction MOQ:\u00a0 50 sets Payment term: T\/T, 30% deposit, 70% balance should be paid before shipment Lead time: 1-7 working days for [&hellip;]<\/p>\n","protected":false},"featured_media":937,"template":"","meta":[],"product_brand":[],"product_cat":[25,34],"product_tag":[],"class_list":{"0":"post-932","1":"product","2":"type-product","3":"status-publish","4":"has-post-thumbnail","6":"product_cat-shopping-basket","7":"product_cat-shopping-basket-with-wheels","9":"first","10":"instock","11":"shipping-taxable","12":"product-type-simple"},"_links":{"self":[{"href":"https:\/\/czd-shelves.com\/fr\/wp-json\/wp\/v2\/product\/932","targetHints":{"allow":["GET"]}}],"collection":[{"href":"https:\/\/czd-shelves.com\/fr\/wp-json\/wp\/v2\/product"}],"about":[{"href":"https:\/\/czd-shelves.com\/fr\/wp-json\/wp\/v2\/types\/product"}],"wp:featuredmedia":[{"embeddable":true,"href":"https:\/\/czd-shelves.com\/fr\/wp-json\/wp\/v2\/media\/937"}],"wp:attachment":[{"href":"https:\/\/czd-shelves.com\/fr\/wp-json\/wp\/v2\/media?parent=932"}],"wp:term":[{"taxonomy":"product_brand","embeddable":true,"href":"https:\/\/czd-shelves.com\/fr\/wp-json\/wp\/v2\/product_brand?post=932"},{"taxonomy":"product_cat","embeddable":true,"href":"https:\/\/czd-shelves.com\/fr\/wp-json\/wp\/v2\/product_cat?post=932"},{"taxonomy":"product_tag","embeddable":true,"href":"https:\/\/czd-shelves.com\/fr\/wp-json\/wp\/v2\/product_tag?post=932"}],"curies":[{"name":"wp","href":"https:\/\/api.w.org\/{rel}","templated":true}]}}