{"id":895,"date":"2022-06-17T02:40:38","date_gmt":"2022-06-17T02:40:38","guid":{"rendered":"https:\/\/czd-shelves.com\/?post_type=product&#038;p=895"},"modified":"2022-08-18T05:47:00","modified_gmt":"2022-08-18T05:47:00","slug":"caddie-avec-panier","status":"publish","type":"product","link":"https:\/\/czd-shelves.com\/fr\/product\/shopping-cart-with-shopping-basket\/","title":{"rendered":"Panier avec panier"},"content":{"rendered":"<table width=\"1080\">\n<tbody>\n<tr>\n<td width=\"206\">Nom du produit<\/td>\n<td width=\"874\"><strong>\u00a0Panier avec panier<\/strong><\/td>\n<\/tr>\n<tr>\n<td width=\"206\">Mat\u00e9riel<\/td>\n<td width=\"874\">Acier<\/td>\n<\/tr>\n<tr>\n<td width=\"206\">Couleur<\/td>\n<td width=\"874\">Rouge, bleu, noir, vert<\/td>\n<\/tr>\n<tr>\n<td width=\"206\">Appliquer<\/td>\n<td width=\"874\">chariot de magasin pratique, chariot d&#039;\u00e9picerie, chariot de magasin g\u00e9n\u00e9ral, chariot de march\u00e9 de taille moyenne, caddie de magasin \u00e0 cha\u00eenes, caddie de supermarch\u00e9, chariot de caddie<\/td>\n<\/tr>\n<tr>\n<td width=\"206\">Taille<\/td>\n<td width=\"874\">125L, 150L, 180L, 210L, 240L<\/td>\n<\/tr>\n<tr>\n<td rowspan=\"3\" width=\"206\">transaction<\/td>\n<td width=\"874\">MOQ : 100 ensembles<\/td>\n<\/tr>\n<tr>\n<td width=\"874\">Conditions de paiement\u00a0: T\/T, d\u00e9p\u00f4t 30%, solde 70% doit \u00eatre pay\u00e9 avant l&#039;exp\u00e9dition<\/td>\n<\/tr>\n<tr>\n<td width=\"874\">D\u00e9lai d&#039;ex\u00e9cution : 1-7 jours ouvrables pour l&#039;\u00e9chantillon, 10-15 jours ouvrables pour la production en s\u00e9rie<\/td>\n<\/tr>\n<tr>\n<td width=\"206\">Forfait<\/td>\n<td width=\"874\">Emballage d\u00e9montable par carton et mousse bubbe, emballage saft pour le transport longue distance<\/td>\n<\/tr>\n<tr>\n<td width=\"206\">Service<\/td>\n<td width=\"874\">Couleur personnalis\u00e9e, capacit\u00e9, \u00e9paisseur, raccords, conception 3D, prix direct usine<\/td>\n<\/tr>\n<\/tbody>\n<\/table>","protected":false},"excerpt":{"rendered":"<p>Product Name \u00a0Shopping cart with shopping basket Material Steel Color Red, blue, black, Green Apply convenient shop trolley, grocery store trolley, general store trolley, middle-size market trolley, chain store shopping cart,supermarket shopping cart,\u00a0 shopping cart trolley Size 125L, 150L, 180L, 210L, 240L transaction MOQ: 100 sets Payment term: T\/T, 30% deposit, 70% balance should be [&hellip;]<\/p>\n","protected":false},"featured_media":900,"template":"","meta":[],"product_brand":[],"product_cat":[24],"product_tag":[],"class_list":{"0":"post-895","1":"product","2":"type-product","3":"status-publish","4":"has-post-thumbnail","6":"product_cat-shopping-cart","8":"first","9":"instock","10":"shipping-taxable","11":"product-type-simple"},"_links":{"self":[{"href":"https:\/\/czd-shelves.com\/fr\/wp-json\/wp\/v2\/product\/895","targetHints":{"allow":["GET"]}}],"collection":[{"href":"https:\/\/czd-shelves.com\/fr\/wp-json\/wp\/v2\/product"}],"about":[{"href":"https:\/\/czd-shelves.com\/fr\/wp-json\/wp\/v2\/types\/product"}],"wp:featuredmedia":[{"embeddable":true,"href":"https:\/\/czd-shelves.com\/fr\/wp-json\/wp\/v2\/media\/900"}],"wp:attachment":[{"href":"https:\/\/czd-shelves.com\/fr\/wp-json\/wp\/v2\/media?parent=895"}],"wp:term":[{"taxonomy":"product_brand","embeddable":true,"href":"https:\/\/czd-shelves.com\/fr\/wp-json\/wp\/v2\/product_brand?post=895"},{"taxonomy":"product_cat","embeddable":true,"href":"https:\/\/czd-shelves.com\/fr\/wp-json\/wp\/v2\/product_cat?post=895"},{"taxonomy":"product_tag","embeddable":true,"href":"https:\/\/czd-shelves.com\/fr\/wp-json\/wp\/v2\/product_tag?post=895"}],"curies":[{"name":"wp","href":"https:\/\/api.w.org\/{rel}","templated":true}]}}