{"id":881,"date":"2022-06-17T02:23:01","date_gmt":"2022-06-17T02:23:01","guid":{"rendered":"https:\/\/czd-shelves.com\/?post_type=product&#038;p=881"},"modified":"2022-08-18T05:48:00","modified_gmt":"2022-08-18T05:48:00","slug":"supermarche-tourniquet","status":"publish","type":"product","link":"https:\/\/czd-shelves.com\/fr\/product\/supermarket-turnstile\/","title":{"rendered":"Le meilleur tourniquet d&#039;entr\u00e9e de supermarch\u00e9 \u00e0 vendre"},"content":{"rendered":"<h2 style=\"text-align: center;\">Le meilleur tourniquet d&#039;entr\u00e9e de supermarch\u00e9 \u00e0 vendre<\/h2>","protected":false},"excerpt":{"rendered":"<p>Le meilleur tourniquet d&#039;entr\u00e9e de supermarch\u00e9 \u00e0 vendre<\/p>","protected":false},"featured_media":883,"template":"","meta":[],"product_brand":[],"product_cat":[23],"product_tag":[],"class_list":{"0":"post-881","1":"product","2":"type-product","3":"status-publish","4":"has-post-thumbnail","6":"product_cat-supermarket-turnstile","8":"first","9":"instock","10":"shipping-taxable","11":"product-type-simple"},"_links":{"self":[{"href":"https:\/\/czd-shelves.com\/fr\/wp-json\/wp\/v2\/product\/881","targetHints":{"allow":["GET"]}}],"collection":[{"href":"https:\/\/czd-shelves.com\/fr\/wp-json\/wp\/v2\/product"}],"about":[{"href":"https:\/\/czd-shelves.com\/fr\/wp-json\/wp\/v2\/types\/product"}],"wp:featuredmedia":[{"embeddable":true,"href":"https:\/\/czd-shelves.com\/fr\/wp-json\/wp\/v2\/media\/883"}],"wp:attachment":[{"href":"https:\/\/czd-shelves.com\/fr\/wp-json\/wp\/v2\/media?parent=881"}],"wp:term":[{"taxonomy":"product_brand","embeddable":true,"href":"https:\/\/czd-shelves.com\/fr\/wp-json\/wp\/v2\/product_brand?post=881"},{"taxonomy":"product_cat","embeddable":true,"href":"https:\/\/czd-shelves.com\/fr\/wp-json\/wp\/v2\/product_cat?post=881"},{"taxonomy":"product_tag","embeddable":true,"href":"https:\/\/czd-shelves.com\/fr\/wp-json\/wp\/v2\/product_tag?post=881"}],"curies":[{"name":"wp","href":"https:\/\/api.w.org\/{rel}","templated":true}]}}