{"id":879,"date":"2022-06-17T02:17:10","date_gmt":"2022-06-17T02:17:10","guid":{"rendered":"https:\/\/czd-shelves.com\/?post_type=product&#038;p=879"},"modified":"2022-08-19T07:30:52","modified_gmt":"2022-08-19T07:30:52","slug":"rack-dans-rack","status":"publish","type":"product","link":"https:\/\/czd-shelves.com\/fr\/product\/rack-in-rack\/","title":{"rendered":"Support de supermarch\u00e9 dans le support"},"content":{"rendered":"<h4>sp\u00e9cification<\/h4>\n<ol>\n<li>L&#039;\u00e9tag\u00e8re est fabriqu\u00e9e en acier de haute qualit\u00e9 avec une finition par pulv\u00e9risation statique, est de construction solide et d&#039;apparence antirouille.<\/li>\n<li>Il est facile \u00e0 assembler et \u00e0 d\u00e9monter, largement utilis\u00e9 dans les supermarch\u00e9s, les pharmacies et les grands magasins.<\/li>\n<li>Chaque \u00e9cran peut \u00eatre fabriqu\u00e9 selon les exigences du client.<\/li>\n<li>Diff\u00e9rentes tailles de couleurs, couches et \u00e9paisseurs de mat\u00e9riau sont facultatives.<\/li>\n<\/ol>\n<ul>\n<li style=\"list-style-type: none;\">\n<ul>\n<li>\u00c9paisseur du panneau arri\u00e8re\u00a0: 0,4\u00a0mm \u00e0 1,2\u00a0mm<\/li>\n<li>\u00c9paisseur de couche : 0,5 mm-1,2 mm<\/li>\n<\/ul>\n<\/li>\n<\/ul>\n<ol start=\"5\">\n<li>\u00c9quip\u00e9 de diff\u00e9rents accessoires.<\/li>\n<\/ol>\n<h4>Avantages<\/h4>\n<ol>\n<li>Pas de taille fixe, nous pouvons produire selon les demandes du client.<\/li>\n<li>Diff\u00e9rentes \u00e9paisseurs de mat\u00e9riau sont disponibles pour diff\u00e9rentes capacit\u00e9s de chargement<\/li>\n<li>Facile \u00e0 assembler et \u00e0 d\u00e9monter, aucun outil requis. Chaque couche de l&#039;\u00e9tag\u00e8re peut \u00eatre ajust\u00e9e librement<\/li>\n<li>D\u00e9lai de livraison et exp\u00e9dition rapide<\/li>\n<\/ol>","protected":false},"excerpt":{"rendered":"<p>Les \u00e9tag\u00e8res des supermarch\u00e9s occupent de petites couches d&#039;espace peuvent \u00eatre ajust\u00e9es de mani\u00e8re al\u00e9atoire, \u00e9galement avec des avantages de rapidit\u00e9.<\/p>\n<p>D\u00e9montage ou assemblage, ferme, durable. Ces \u00e9tag\u00e8res sont principalement utilis\u00e9es dans les supermarch\u00e9s. La disposition de la position haute-basse de chaque couche peut \u00eatre ajust\u00e9e en fonction de la dimension des diff\u00e9rents produits, nos racks aident le vendeur \u00e0 obtenir un effet d&#039;affichage parfait des produits et \u00e0 r\u00e9aliser une bonne vente.<\/p>","protected":false},"featured_media":880,"template":"","meta":[],"product_brand":[],"product_cat":[22,32],"product_tag":[],"class_list":{"0":"post-879","1":"product","2":"type-product","3":"status-publish","4":"has-post-thumbnail","6":"product_cat-supermarket-equipment","7":"product_cat-rack-in-rack","9":"first","10":"instock","11":"shipping-taxable","12":"product-type-simple"},"_links":{"self":[{"href":"https:\/\/czd-shelves.com\/fr\/wp-json\/wp\/v2\/product\/879","targetHints":{"allow":["GET"]}}],"collection":[{"href":"https:\/\/czd-shelves.com\/fr\/wp-json\/wp\/v2\/product"}],"about":[{"href":"https:\/\/czd-shelves.com\/fr\/wp-json\/wp\/v2\/types\/product"}],"wp:featuredmedia":[{"embeddable":true,"href":"https:\/\/czd-shelves.com\/fr\/wp-json\/wp\/v2\/media\/880"}],"wp:attachment":[{"href":"https:\/\/czd-shelves.com\/fr\/wp-json\/wp\/v2\/media?parent=879"}],"wp:term":[{"taxonomy":"product_brand","embeddable":true,"href":"https:\/\/czd-shelves.com\/fr\/wp-json\/wp\/v2\/product_brand?post=879"},{"taxonomy":"product_cat","embeddable":true,"href":"https:\/\/czd-shelves.com\/fr\/wp-json\/wp\/v2\/product_cat?post=879"},{"taxonomy":"product_tag","embeddable":true,"href":"https:\/\/czd-shelves.com\/fr\/wp-json\/wp\/v2\/product_tag?post=879"}],"curies":[{"name":"wp","href":"https:\/\/api.w.org\/{rel}","templated":true}]}}