{"id":861,"date":"2022-06-17T02:06:47","date_gmt":"2022-06-17T02:06:47","guid":{"rendered":"https:\/\/czd-shelves.com\/?post_type=product&#038;p=861"},"modified":"2022-08-19T08:07:04","modified_gmt":"2022-08-19T08:07:04","slug":"supermarche-equipement-etagere-fruit-stand","status":"publish","type":"product","link":"https:\/\/czd-shelves.com\/fr\/product\/supermarket-equipment-shelf-fruit-stand\/","title":{"rendered":"\u00c9tag\u00e8re d&#039;\u00e9quipement de supermarch\u00e9 support de fruits affichage de l\u00e9gumes support de gondole pour \u00e9tag\u00e8re de magasin de fruits"},"content":{"rendered":"<p><img fetchpriority=\"high\" decoding=\"async\" class=\"aligncenter size-full wp-image-866\" src=\"https:\/\/czd-shelves.com\/wp-content\/uploads\/2022\/06\/YPHJ-GS02-Detail-1.jpg\" alt=\"\" width=\"751\" height=\"554\" title=\"\" srcset=\"https:\/\/czd-shelves.com\/wp-content\/uploads\/2022\/06\/YPHJ-GS02-Detail-1.jpg 751w, https:\/\/czd-shelves.com\/wp-content\/uploads\/2022\/06\/YPHJ-GS02-Detail-1-300x221.jpg 300w, https:\/\/czd-shelves.com\/wp-content\/uploads\/2022\/06\/YPHJ-GS02-Detail-1-600x443.jpg 600w\" sizes=\"(max-width: 751px) 100vw, 751px\" \/> <img decoding=\"async\" class=\"aligncenter size-full wp-image-867\" src=\"https:\/\/czd-shelves.com\/wp-content\/uploads\/2022\/06\/YPHJ-GS02-Detail-2.jpg\" alt=\"\" width=\"751\" height=\"542\" title=\"\" srcset=\"https:\/\/czd-shelves.com\/wp-content\/uploads\/2022\/06\/YPHJ-GS02-Detail-2.jpg 751w, https:\/\/czd-shelves.com\/wp-content\/uploads\/2022\/06\/YPHJ-GS02-Detail-2-300x217.jpg 300w, https:\/\/czd-shelves.com\/wp-content\/uploads\/2022\/06\/YPHJ-GS02-Detail-2-600x433.jpg 600w\" sizes=\"(max-width: 751px) 100vw, 751px\" \/> <img decoding=\"async\" class=\"aligncenter size-full wp-image-865\" src=\"https:\/\/czd-shelves.com\/wp-content\/uploads\/2022\/06\/YPHJ-GS02-Detail-3.jpg\" alt=\"\" width=\"751\" height=\"666\" title=\"\" srcset=\"https:\/\/czd-shelves.com\/wp-content\/uploads\/2022\/06\/YPHJ-GS02-Detail-3.jpg 751w, https:\/\/czd-shelves.com\/wp-content\/uploads\/2022\/06\/YPHJ-GS02-Detail-3-300x266.jpg 300w, https:\/\/czd-shelves.com\/wp-content\/uploads\/2022\/06\/YPHJ-GS02-Detail-3-600x532.jpg 600w\" sizes=\"(max-width: 751px) 100vw, 751px\" \/><\/p>","protected":false},"excerpt":{"rendered":"","protected":false},"featured_media":870,"template":"","meta":[],"product_brand":[],"product_cat":[22,31],"product_tag":[],"class_list":{"0":"post-861","1":"product","2":"type-product","3":"status-publish","4":"has-post-thumbnail","6":"product_cat-supermarket-equipment","7":"product_cat-fruit-vegetable-rack","9":"first","10":"instock","11":"shipping-taxable","12":"product-type-simple"},"_links":{"self":[{"href":"https:\/\/czd-shelves.com\/fr\/wp-json\/wp\/v2\/product\/861","targetHints":{"allow":["GET"]}}],"collection":[{"href":"https:\/\/czd-shelves.com\/fr\/wp-json\/wp\/v2\/product"}],"about":[{"href":"https:\/\/czd-shelves.com\/fr\/wp-json\/wp\/v2\/types\/product"}],"wp:featuredmedia":[{"embeddable":true,"href":"https:\/\/czd-shelves.com\/fr\/wp-json\/wp\/v2\/media\/870"}],"wp:attachment":[{"href":"https:\/\/czd-shelves.com\/fr\/wp-json\/wp\/v2\/media?parent=861"}],"wp:term":[{"taxonomy":"product_brand","embeddable":true,"href":"https:\/\/czd-shelves.com\/fr\/wp-json\/wp\/v2\/product_brand?post=861"},{"taxonomy":"product_cat","embeddable":true,"href":"https:\/\/czd-shelves.com\/fr\/wp-json\/wp\/v2\/product_cat?post=861"},{"taxonomy":"product_tag","embeddable":true,"href":"https:\/\/czd-shelves.com\/fr\/wp-json\/wp\/v2\/product_tag?post=861"}],"curies":[{"name":"wp","href":"https:\/\/api.w.org\/{rel}","templated":true}]}}