{"id":844,"date":"2022-06-17T01:50:15","date_gmt":"2022-06-17T01:50:15","guid":{"rendered":"https:\/\/czd-shelves.com\/?post_type=product&#038;p=844"},"modified":"2022-08-19T08:14:56","modified_gmt":"2022-08-19T08:14:56","slug":"presentoir-papeterie-acier","status":"publish","type":"product","link":"https:\/\/czd-shelves.com\/fr\/product\/steel-stationery-shop-display-rack\/","title":{"rendered":"Pr\u00e9sentoir de papeterie en acier \u00e0 vendre"},"content":{"rendered":"<table width=\"1196\">\n<tbody>\n<tr>\n<td width=\"206\">Nom du produit<\/td>\n<td width=\"990\">rayonnage de d\u00e9tail supermarch\u00e9 \u00e9tag\u00e8re gondole en bois acier papeterie magasin pr\u00e9sentoir<\/td>\n<\/tr>\n<tr>\n<td width=\"206\">Mat\u00e9riel<\/td>\n<td width=\"990\">Q235B Acier lamin\u00e9 \u00e0 froid ou avec du bois<\/td>\n<\/tr>\n<tr>\n<td width=\"206\">Accessoire<\/td>\n<td width=\"990\">Crochet, tube de chargement, \u00e9tiquette de prix, bouchon, caisson lumineux \u00e0 LED<\/td>\n<\/tr>\n<tr>\n<td width=\"206\">Couleur<\/td>\n<td width=\"990\">Blanc, gris, noir, couleur bois, brillant personnalis\u00e9 ou couleur mate sont disponibles<\/td>\n<\/tr>\n<tr>\n<td rowspan=\"2\" width=\"206\">Appliquer<\/td>\n<td width=\"990\">support de magasin pratique, support d&#039;\u00e9picerie, pr\u00e9sentoir de magasin g\u00e9n\u00e9ral, mobilier de march\u00e9 de taille moyenne, \u00e9tag\u00e8re de magasin \u00e0 cha\u00eenes, supermarch\u00e9<\/td>\n<\/tr>\n<tr>\n<td width=\"990\">\u00e9tag\u00e8re, rayonnage de magasin de pharmacie, \u00e9tag\u00e8re de magasin de papeterie, pr\u00e9sentoir de soins maternels<\/td>\n<\/tr>\n<tr>\n<td rowspan=\"4\" width=\"206\">Caract\u00e9ristique<\/td>\n<td width=\"990\">Capacit\u00e9\u00a0: 30-35\u00a0kg<\/td>\n<\/tr>\n<tr>\n<td width=\"990\">couche : Standard 5 (base + 4 couches)<\/td>\n<\/tr>\n<tr>\n<td width=\"990\">Finition : rev\u00eatement en poudre durable + bois.<\/td>\n<\/tr>\n<tr>\n<td width=\"990\">Traitement de surface : d\u00e9capage et phosphatation<\/td>\n<\/tr>\n<tr>\n<td rowspan=\"4\" width=\"206\">Dimension<\/td>\n<td width=\"990\">L : 600\/900<\/td>\n<\/tr>\n<tr>\n<td width=\"990\">W\u00a0: 300\/350\u00a0mm (un seul c\u00f4t\u00e9)<\/td>\n<\/tr>\n<tr>\n<td width=\"990\">600\/700mm (double face)<\/td>\n<\/tr>\n<tr>\n<td width=\"990\">H : 1150\/1350\/1550\/1750\/1950\/2150mm<\/td>\n<\/tr>\n<tr>\n<td rowspan=\"3\" width=\"206\">transaction<\/td>\n<td width=\"990\">MOQ : 10 ensembles<\/td>\n<\/tr>\n<tr>\n<td width=\"990\">Conditions de paiement\u00a0: T\/T, d\u00e9p\u00f4t 30%, solde 70% doit \u00eatre pay\u00e9 avant l&#039;exp\u00e9dition<\/td>\n<\/tr>\n<tr>\n<td width=\"990\">D\u00e9lai d&#039;ex\u00e9cution : 1-7 jours ouvrables pour l&#039;\u00e9chantillon, 10-15 jours ouvrables pour la production en s\u00e9rie<\/td>\n<\/tr>\n<tr>\n<td width=\"206\">Forfait<\/td>\n<td width=\"990\">Emballage d\u00e9montable par carton et mousse bubbe, emballage saft pour le transport longue distance<\/td>\n<\/tr>\n<tr>\n<td width=\"206\">Service<\/td>\n<td width=\"990\">Couleur personnalis\u00e9e, capacit\u00e9, \u00e9paisseur, raccords, conception 3D, prix direct usine<\/td>\n<\/tr>\n<tr>\n<td width=\"206\">Forfait<\/td>\n<td width=\"990\">Film \u00e0 bulles pour montant et poutre, carton standard pour plaque; Ou emballage de s\u00e9curit\u00e9 personnalis\u00e9 pour le transport longue distance<\/td>\n<\/tr>\n<tr>\n<td width=\"206\">Service<\/td>\n<td width=\"990\">Couleur personnalis\u00e9e, capacit\u00e9, \u00e9paisseur, conception 3D, prix direct usine<\/td>\n<\/tr>\n<\/tbody>\n<\/table>","protected":false},"excerpt":{"rendered":"<p>Product Name retail shelving supermarket shelf gondola wooden steel stationery shop display rack Material Q235B Cold-rolled steel or with wood Accessory Hook, loading tube, price tag, stopper, LED light box Color White, gray, black, wood color, customized gloss or matt color are available Apply convenient shop rack, grocery store stand, general store display rack, middle-size [&hellip;]<\/p>\n","protected":false},"featured_media":849,"template":"","meta":[],"product_brand":[],"product_cat":[22,28],"product_tag":[],"class_list":{"0":"post-844","1":"product","2":"type-product","3":"status-publish","4":"has-post-thumbnail","6":"product_cat-supermarket-equipment","7":"product_cat-supermarket-shelves","9":"first","10":"instock","11":"shipping-taxable","12":"product-type-simple"},"_links":{"self":[{"href":"https:\/\/czd-shelves.com\/fr\/wp-json\/wp\/v2\/product\/844","targetHints":{"allow":["GET"]}}],"collection":[{"href":"https:\/\/czd-shelves.com\/fr\/wp-json\/wp\/v2\/product"}],"about":[{"href":"https:\/\/czd-shelves.com\/fr\/wp-json\/wp\/v2\/types\/product"}],"wp:featuredmedia":[{"embeddable":true,"href":"https:\/\/czd-shelves.com\/fr\/wp-json\/wp\/v2\/media\/849"}],"wp:attachment":[{"href":"https:\/\/czd-shelves.com\/fr\/wp-json\/wp\/v2\/media?parent=844"}],"wp:term":[{"taxonomy":"product_brand","embeddable":true,"href":"https:\/\/czd-shelves.com\/fr\/wp-json\/wp\/v2\/product_brand?post=844"},{"taxonomy":"product_cat","embeddable":true,"href":"https:\/\/czd-shelves.com\/fr\/wp-json\/wp\/v2\/product_cat?post=844"},{"taxonomy":"product_tag","embeddable":true,"href":"https:\/\/czd-shelves.com\/fr\/wp-json\/wp\/v2\/product_tag?post=844"}],"curies":[{"name":"wp","href":"https:\/\/api.w.org\/{rel}","templated":true}]}}