{"id":800,"date":"2022-06-17T00:55:08","date_gmt":"2022-06-17T00:55:08","guid":{"rendered":"https:\/\/czd-shelves.com\/?post_type=product&#038;p=800"},"modified":"2022-08-18T05:50:05","modified_gmt":"2022-08-18T05:50:05","slug":"porte-epicerie-en-bois","status":"publish","type":"product","link":"https:\/\/czd-shelves.com\/fr\/product\/wooden-grocery-rack\/","title":{"rendered":"\u00e9tag\u00e8re en bois de supermarch\u00e9 \u00e0 vendre"},"content":{"rendered":"<h2 style=\"text-align: center;\">\u00e9tag\u00e8re en bois de supermarch\u00e9 \u00e0 vendre<\/h2>\n<p><img fetchpriority=\"high\" decoding=\"async\" class=\"aligncenter size-full wp-image-805\" src=\"https:\/\/czd-shelves.com\/wp-content\/uploads\/2022\/06\/YPHJ-G-04-Detail-2.jpg\" alt=\"\" width=\"751\" height=\"806\" title=\"\" srcset=\"https:\/\/czd-shelves.com\/wp-content\/uploads\/2022\/06\/YPHJ-G-04-Detail-2.jpg 751w, https:\/\/czd-shelves.com\/wp-content\/uploads\/2022\/06\/YPHJ-G-04-Detail-2-300x322.jpg 300w, https:\/\/czd-shelves.com\/wp-content\/uploads\/2022\/06\/YPHJ-G-04-Detail-2-600x644.jpg 600w, https:\/\/czd-shelves.com\/wp-content\/uploads\/2022\/06\/YPHJ-G-04-Detail-2-280x300.jpg 280w\" sizes=\"(max-width: 751px) 100vw, 751px\" \/> <img decoding=\"async\" class=\"aligncenter size-full wp-image-804\" src=\"https:\/\/czd-shelves.com\/wp-content\/uploads\/2022\/06\/YPHJ-G-04-Detail-1.jpg\" alt=\"\" width=\"751\" height=\"976\" title=\"\" srcset=\"https:\/\/czd-shelves.com\/wp-content\/uploads\/2022\/06\/YPHJ-G-04-Detail-1.jpg 751w, https:\/\/czd-shelves.com\/wp-content\/uploads\/2022\/06\/YPHJ-G-04-Detail-1-300x390.jpg 300w, https:\/\/czd-shelves.com\/wp-content\/uploads\/2022\/06\/YPHJ-G-04-Detail-1-600x780.jpg 600w, https:\/\/czd-shelves.com\/wp-content\/uploads\/2022\/06\/YPHJ-G-04-Detail-1-231x300.jpg 231w\" sizes=\"(max-width: 751px) 100vw, 751px\" \/><\/p>","protected":false},"excerpt":{"rendered":"<p>\u00e9tag\u00e8re en bois de supermarch\u00e9 \u00e0 vendre<\/p>","protected":false},"featured_media":803,"template":"","meta":[],"product_brand":[],"product_cat":[22,30],"product_tag":[],"class_list":{"0":"post-800","1":"product","2":"type-product","3":"status-publish","4":"has-post-thumbnail","6":"product_cat-supermarket-equipment","7":"product_cat-steel-wooden-shelves","9":"first","10":"instock","11":"shipping-taxable","12":"product-type-simple"},"_links":{"self":[{"href":"https:\/\/czd-shelves.com\/fr\/wp-json\/wp\/v2\/product\/800","targetHints":{"allow":["GET"]}}],"collection":[{"href":"https:\/\/czd-shelves.com\/fr\/wp-json\/wp\/v2\/product"}],"about":[{"href":"https:\/\/czd-shelves.com\/fr\/wp-json\/wp\/v2\/types\/product"}],"wp:featuredmedia":[{"embeddable":true,"href":"https:\/\/czd-shelves.com\/fr\/wp-json\/wp\/v2\/media\/803"}],"wp:attachment":[{"href":"https:\/\/czd-shelves.com\/fr\/wp-json\/wp\/v2\/media?parent=800"}],"wp:term":[{"taxonomy":"product_brand","embeddable":true,"href":"https:\/\/czd-shelves.com\/fr\/wp-json\/wp\/v2\/product_brand?post=800"},{"taxonomy":"product_cat","embeddable":true,"href":"https:\/\/czd-shelves.com\/fr\/wp-json\/wp\/v2\/product_cat?post=800"},{"taxonomy":"product_tag","embeddable":true,"href":"https:\/\/czd-shelves.com\/fr\/wp-json\/wp\/v2\/product_tag?post=800"}],"curies":[{"name":"wp","href":"https:\/\/api.w.org\/{rel}","templated":true}]}}