{"id":782,"date":"2022-06-17T00:47:43","date_gmt":"2022-06-17T00:47:43","guid":{"rendered":"https:\/\/czd-shelves.com\/?post_type=product&#038;p=782"},"modified":"2022-08-18T05:50:23","modified_gmt":"2022-08-18T05:50:23","slug":"yphj-g-01","status":"publish","type":"product","link":"https:\/\/czd-shelves.com\/fr\/product\/yphj-g-01\/","title":{"rendered":"\u00c9tag\u00e8res de supermarch\u00e9 \u00e0 vendre en afrique du sud"},"content":{"rendered":"<h2 style=\"text-align: center;\">\u00e9tag\u00e8res de supermarch\u00e9 \u00e0 vendre en afrique du sud<\/h2>\n<p><img fetchpriority=\"high\" decoding=\"async\" class=\"aligncenter size-full wp-image-784\" src=\"https:\/\/czd-shelves.com\/wp-content\/uploads\/2022\/06\/YPHJ-G-01-Detail-1.jpg\" alt=\"\" width=\"751\" height=\"800\" title=\"\" srcset=\"https:\/\/czd-shelves.com\/wp-content\/uploads\/2022\/06\/YPHJ-G-01-Detail-1.jpg 751w, https:\/\/czd-shelves.com\/wp-content\/uploads\/2022\/06\/YPHJ-G-01-Detail-1-300x320.jpg 300w, https:\/\/czd-shelves.com\/wp-content\/uploads\/2022\/06\/YPHJ-G-01-Detail-1-600x639.jpg 600w, https:\/\/czd-shelves.com\/wp-content\/uploads\/2022\/06\/YPHJ-G-01-Detail-1-282x300.jpg 282w\" sizes=\"(max-width: 751px) 100vw, 751px\" \/> <img decoding=\"async\" class=\"aligncenter size-full wp-image-783\" src=\"https:\/\/czd-shelves.com\/wp-content\/uploads\/2022\/06\/YPHJ-G-01-Detail-2.jpg\" alt=\"\" width=\"751\" height=\"982\" title=\"\" srcset=\"https:\/\/czd-shelves.com\/wp-content\/uploads\/2022\/06\/YPHJ-G-01-Detail-2.jpg 751w, https:\/\/czd-shelves.com\/wp-content\/uploads\/2022\/06\/YPHJ-G-01-Detail-2-300x392.jpg 300w, https:\/\/czd-shelves.com\/wp-content\/uploads\/2022\/06\/YPHJ-G-01-Detail-2-600x785.jpg 600w, https:\/\/czd-shelves.com\/wp-content\/uploads\/2022\/06\/YPHJ-G-01-Detail-2-229x300.jpg 229w\" sizes=\"(max-width: 751px) 100vw, 751px\" \/><\/p>","protected":false},"excerpt":{"rendered":"<p>\u00e9tag\u00e8res de supermarch\u00e9 \u00e0 vendre en afrique du sud<\/p>","protected":false},"featured_media":787,"template":"","meta":[],"product_brand":[],"product_cat":[22,30],"product_tag":[],"class_list":{"0":"post-782","1":"product","2":"type-product","3":"status-publish","4":"has-post-thumbnail","6":"product_cat-supermarket-equipment","7":"product_cat-steel-wooden-shelves","9":"first","10":"instock","11":"shipping-taxable","12":"product-type-simple"},"_links":{"self":[{"href":"https:\/\/czd-shelves.com\/fr\/wp-json\/wp\/v2\/product\/782","targetHints":{"allow":["GET"]}}],"collection":[{"href":"https:\/\/czd-shelves.com\/fr\/wp-json\/wp\/v2\/product"}],"about":[{"href":"https:\/\/czd-shelves.com\/fr\/wp-json\/wp\/v2\/types\/product"}],"wp:featuredmedia":[{"embeddable":true,"href":"https:\/\/czd-shelves.com\/fr\/wp-json\/wp\/v2\/media\/787"}],"wp:attachment":[{"href":"https:\/\/czd-shelves.com\/fr\/wp-json\/wp\/v2\/media?parent=782"}],"wp:term":[{"taxonomy":"product_brand","embeddable":true,"href":"https:\/\/czd-shelves.com\/fr\/wp-json\/wp\/v2\/product_brand?post=782"},{"taxonomy":"product_cat","embeddable":true,"href":"https:\/\/czd-shelves.com\/fr\/wp-json\/wp\/v2\/product_cat?post=782"},{"taxonomy":"product_tag","embeddable":true,"href":"https:\/\/czd-shelves.com\/fr\/wp-json\/wp\/v2\/product_tag?post=782"}],"curies":[{"name":"wp","href":"https:\/\/api.w.org\/{rel}","templated":true}]}}