{"id":775,"date":"2022-06-17T00:44:03","date_gmt":"2022-06-17T00:44:03","guid":{"rendered":"https:\/\/czd-shelves.com\/?post_type=product&#038;p=775"},"modified":"2022-08-18T05:50:28","modified_gmt":"2022-08-18T05:50:28","slug":"yphj-bz02","status":"publish","type":"product","link":"https:\/\/czd-shelves.com\/fr\/product\/yphj-bz02\/","title":{"rendered":"\u00c9tag\u00e8res de supermarch\u00e9 \u00e0 vendre \u00e0 duba\u00ef"},"content":{"rendered":"<h2 style=\"text-align: center;\">\u00c9tag\u00e8res de supermarch\u00e9 \u00e0 vendre \u00e0 duba\u00ef<\/h2>\n<p><img fetchpriority=\"high\" decoding=\"async\" class=\"aligncenter size-full wp-image-781\" src=\"https:\/\/czd-shelves.com\/wp-content\/uploads\/2022\/06\/YPHJ-BZ02-Detail-1.jpg\" alt=\"\" width=\"751\" height=\"803\" title=\"\" srcset=\"https:\/\/czd-shelves.com\/wp-content\/uploads\/2022\/06\/YPHJ-BZ02-Detail-1.jpg 751w, https:\/\/czd-shelves.com\/wp-content\/uploads\/2022\/06\/YPHJ-BZ02-Detail-1-300x321.jpg 300w, https:\/\/czd-shelves.com\/wp-content\/uploads\/2022\/06\/YPHJ-BZ02-Detail-1-600x642.jpg 600w, https:\/\/czd-shelves.com\/wp-content\/uploads\/2022\/06\/YPHJ-BZ02-Detail-1-281x300.jpg 281w\" sizes=\"(max-width: 751px) 100vw, 751px\" \/> <img decoding=\"async\" class=\"aligncenter size-full wp-image-780\" src=\"https:\/\/czd-shelves.com\/wp-content\/uploads\/2022\/06\/YPHJ-BZ02-Detail-2.jpg\" alt=\"\" width=\"751\" height=\"1240\" title=\"\" srcset=\"https:\/\/czd-shelves.com\/wp-content\/uploads\/2022\/06\/YPHJ-BZ02-Detail-2.jpg 751w, https:\/\/czd-shelves.com\/wp-content\/uploads\/2022\/06\/YPHJ-BZ02-Detail-2-300x495.jpg 300w, https:\/\/czd-shelves.com\/wp-content\/uploads\/2022\/06\/YPHJ-BZ02-Detail-2-600x991.jpg 600w, https:\/\/czd-shelves.com\/wp-content\/uploads\/2022\/06\/YPHJ-BZ02-Detail-2-182x300.jpg 182w, https:\/\/czd-shelves.com\/wp-content\/uploads\/2022\/06\/YPHJ-BZ02-Detail-2-620x1024.jpg 620w\" sizes=\"(max-width: 751px) 100vw, 751px\" \/><\/p>","protected":false},"excerpt":{"rendered":"<p>\u00c9tag\u00e8res de supermarch\u00e9 \u00e0 vendre \u00e0 duba\u00ef<\/p>","protected":false},"featured_media":779,"template":"","meta":[],"product_brand":[],"product_cat":[22,28],"product_tag":[],"class_list":{"0":"post-775","1":"product","2":"type-product","3":"status-publish","4":"has-post-thumbnail","6":"product_cat-supermarket-equipment","7":"product_cat-supermarket-shelves","9":"first","10":"instock","11":"shipping-taxable","12":"product-type-simple"},"_links":{"self":[{"href":"https:\/\/czd-shelves.com\/fr\/wp-json\/wp\/v2\/product\/775","targetHints":{"allow":["GET"]}}],"collection":[{"href":"https:\/\/czd-shelves.com\/fr\/wp-json\/wp\/v2\/product"}],"about":[{"href":"https:\/\/czd-shelves.com\/fr\/wp-json\/wp\/v2\/types\/product"}],"wp:featuredmedia":[{"embeddable":true,"href":"https:\/\/czd-shelves.com\/fr\/wp-json\/wp\/v2\/media\/779"}],"wp:attachment":[{"href":"https:\/\/czd-shelves.com\/fr\/wp-json\/wp\/v2\/media?parent=775"}],"wp:term":[{"taxonomy":"product_brand","embeddable":true,"href":"https:\/\/czd-shelves.com\/fr\/wp-json\/wp\/v2\/product_brand?post=775"},{"taxonomy":"product_cat","embeddable":true,"href":"https:\/\/czd-shelves.com\/fr\/wp-json\/wp\/v2\/product_cat?post=775"},{"taxonomy":"product_tag","embeddable":true,"href":"https:\/\/czd-shelves.com\/fr\/wp-json\/wp\/v2\/product_tag?post=775"}],"curies":[{"name":"wp","href":"https:\/\/api.w.org\/{rel}","templated":true}]}}