{"id":766,"date":"2022-06-16T09:25:22","date_gmt":"2022-06-16T09:25:22","guid":{"rendered":"https:\/\/czd-shelves.com\/?post_type=product&#038;p=766"},"modified":"2022-08-21T03:13:27","modified_gmt":"2022-08-21T03:13:27","slug":"presentoirs-portables-table-support-publicitaire-en-bois-supermarche-table-de-promotion","status":"publish","type":"product","link":"https:\/\/czd-shelves.com\/fr\/product\/portable-display-racks-table-wooden-advertising-stand-supermarket-promotion-table\/","title":{"rendered":"Pr\u00e9sentoirs portables table support publicitaire en bois supermarch\u00e9 Table de promotion"},"content":{"rendered":"<table width=\"1148\">\n<tbody>\n<tr>\n<td width=\"240\">Nom du produit<\/td>\n<td width=\"908\">\u00a0Pr\u00e9sentoirs portables table support publicitaire en bois supermarch\u00e9 Table de promotion<\/td>\n<\/tr>\n<tr>\n<td width=\"240\">Mat\u00e9riel<\/td>\n<td width=\"908\">Bois + acier<\/td>\n<\/tr>\n<tr>\n<td width=\"240\">Couleur<\/td>\n<td width=\"908\">Blanc noir<\/td>\n<\/tr>\n<tr>\n<td width=\"240\">Appliquer<\/td>\n<td width=\"908\">table de magasin pratique, stand d&#039;\u00e9picerie, affichage de magasin g\u00e9n\u00e9ral, table d&#039;affichage de march\u00e9 de taille moyenne, pr\u00e9sentoir de magasin \u00e0 cha\u00eenes, pr\u00e9sentoir de supermarch\u00e9, table de pharmacie, stand de papeterie, \u00e9tag\u00e8re de magasin de fruits, table de promotion de supermarch\u00e9<\/td>\n<\/tr>\n<tr>\n<td rowspan=\"2\" width=\"240\">Taille<\/td>\n<td width=\"908\">Taille r\u00e9guli\u00e8re 80*80*85cm, 100*100*85cm, 120*120*85cm<\/td>\n<\/tr>\n<tr>\n<td width=\"908\">Taille personnalis\u00e9e<\/td>\n<\/tr>\n<tr>\n<td rowspan=\"3\" width=\"240\">transaction<\/td>\n<td width=\"908\">MOQ : 10 ensembles<\/td>\n<\/tr>\n<tr>\n<td width=\"908\">Conditions de paiement\u00a0: T\/T, d\u00e9p\u00f4t 30%, solde 70% doit \u00eatre pay\u00e9 avant l&#039;exp\u00e9dition<\/td>\n<\/tr>\n<tr>\n<td width=\"908\">D\u00e9lai d&#039;ex\u00e9cution : 1-7 jours ouvrables pour l&#039;\u00e9chantillon, 10-15 jours ouvrables pour la production en s\u00e9rie<\/td>\n<\/tr>\n<tr>\n<td width=\"240\">Forfait<\/td>\n<td width=\"908\">Emballage d\u00e9montable par carton et mousse bubbe, emballage saft pour le transport longue distance<\/td>\n<\/tr>\n<tr>\n<td width=\"240\">Service<\/td>\n<td width=\"908\">Couleur personnalis\u00e9e, capacit\u00e9, \u00e9paisseur, raccords, conception 3D, prix direct usine<\/td>\n<\/tr>\n<\/tbody>\n<\/table>","protected":false},"excerpt":{"rendered":"<p>Product Name \u00a0Portable display racks table wooden advertising stand supermarket Promotion table Material Wooden + steel Color White, black Apply convenient shop table, grocery store stand, general store display, middle-size market display table, chain store display rack,supermarket display stand, pharmacy shop table, stationery shop stand,\u00a0 fruit store rack, supermarket Promotion table Size Regular size 80*80*85cm, [&hellip;]<\/p>\n","protected":false},"featured_media":768,"template":"","meta":[],"product_brand":[],"product_cat":[22,29],"product_tag":[],"class_list":{"0":"post-766","1":"product","2":"type-product","3":"status-publish","4":"has-post-thumbnail","6":"product_cat-supermarket-equipment","7":"product_cat-display-rack","9":"first","10":"instock","11":"shipping-taxable","12":"product-type-simple"},"_links":{"self":[{"href":"https:\/\/czd-shelves.com\/fr\/wp-json\/wp\/v2\/product\/766","targetHints":{"allow":["GET"]}}],"collection":[{"href":"https:\/\/czd-shelves.com\/fr\/wp-json\/wp\/v2\/product"}],"about":[{"href":"https:\/\/czd-shelves.com\/fr\/wp-json\/wp\/v2\/types\/product"}],"wp:featuredmedia":[{"embeddable":true,"href":"https:\/\/czd-shelves.com\/fr\/wp-json\/wp\/v2\/media\/768"}],"wp:attachment":[{"href":"https:\/\/czd-shelves.com\/fr\/wp-json\/wp\/v2\/media?parent=766"}],"wp:term":[{"taxonomy":"product_brand","embeddable":true,"href":"https:\/\/czd-shelves.com\/fr\/wp-json\/wp\/v2\/product_brand?post=766"},{"taxonomy":"product_cat","embeddable":true,"href":"https:\/\/czd-shelves.com\/fr\/wp-json\/wp\/v2\/product_cat?post=766"},{"taxonomy":"product_tag","embeddable":true,"href":"https:\/\/czd-shelves.com\/fr\/wp-json\/wp\/v2\/product_tag?post=766"}],"curies":[{"name":"wp","href":"https:\/\/api.w.org\/{rel}","templated":true}]}}