{"id":699,"date":"2022-06-16T08:45:57","date_gmt":"2022-06-16T08:45:57","guid":{"rendered":"https:\/\/czd-shelves.com\/?post_type=product&#038;p=699"},"modified":"2022-08-21T03:15:16","modified_gmt":"2022-08-21T03:15:16","slug":"4-post-retail-shop-racking-display-grocery-item-display-rack-supermarket-shelf-gondola","status":"publish","type":"product","link":"https:\/\/czd-shelves.com\/fr\/product\/4-post-retail-shop-racking-display-grocery-item-display-rack-supermarket-shelf-gondola\/","title":{"rendered":"Pr\u00e9sentoir de magasin de d\u00e9tail \u00e0 4 postes pr\u00e9sentoir d&#039;article d&#039;\u00e9picerie gondole d&#039;\u00e9tag\u00e8re de supermarch\u00e9"},"content":{"rendered":"<table style=\"border-collapse: collapse; width: 869.27pt;\" border=\"0\" width=\"1159\" cellspacing=\"0\" cellpadding=\"0\">\n<tbody>\n<tr style=\"height: 59.50pt;\">\n<td class=\"et2\" style=\"height: 59.50pt; width: 155.50pt;\" width=\"207\" height=\"79\">Nom du produit<\/td>\n<td class=\"et3\" style=\"width: 714.00pt;\" width=\"952\">Pr\u00e9sentoir de magasin de d\u00e9tail \u00e0 4 postes pr\u00e9sentoir d&#039;article d&#039;\u00e9picerie gondole d&#039;\u00e9tag\u00e8re de supermarch\u00e9<\/td>\n<\/tr>\n<tr style=\"height: 45.50pt;\">\n<td class=\"et2\" style=\"height: 45.50pt; width: 155.50pt;\" width=\"207\" height=\"60\">Accessoire<\/td>\n<td class=\"et4\" style=\"width: 714.00pt;\" width=\"952\">Crochet, tube de chargement, \u00e9tiquette de prix, bouchon, couvercle<\/td>\n<\/tr>\n<tr style=\"height: 45.50pt;\">\n<td class=\"et2\" style=\"height: 45.50pt; width: 155.50pt;\" width=\"207\" height=\"60\">Couleur<\/td>\n<td class=\"et4\" style=\"width: 714.00pt;\" width=\"952\">Blanc, gris, noir, couleur bois, brillant personnalis\u00e9 ou couleur mate sont disponibles<\/td>\n<\/tr>\n<tr style=\"height: 90.50pt;\">\n<td class=\"et2\" style=\"height: 90.50pt; width: 155.50pt;\" width=\"207\" height=\"120\">Appliquer<\/td>\n<td class=\"et4\" style=\"width: 714.00pt;\" width=\"952\">support de magasin pratique, support d&#039;\u00e9picerie, pr\u00e9sentoir de magasin g\u00e9n\u00e9ral, mobilier de march\u00e9 de taille moyenne, \u00e9tag\u00e8re de magasin \u00e0 cha\u00eenes<\/td>\n<\/tr>\n<tr style=\"height: 23.25pt;\">\n<td class=\"et5\" style=\"height: 92.00pt; width: 155.50pt; border-bottom: 1.0pt solid #CCCCCC;\" rowspan=\"3\" width=\"207\" height=\"122\">Caract\u00e9ristique<\/td>\n<td class=\"et4\" style=\"width: 714.00pt;\" width=\"952\">Capacit\u00e9 : 70 kg<\/td>\n<\/tr>\n<tr style=\"height: 23.25pt;\">\n<td class=\"et4\" style=\"width: 714.00pt;\" width=\"952\">couche : Standard 5 (base + 4 couches)<\/td>\n<\/tr>\n<tr style=\"height: 45.50pt;\">\n<td class=\"et4\" style=\"width: 714.00pt;\" width=\"952\">Panneau arri\u00e8re : plat ou perfor\u00e9 au choix<\/td>\n<\/tr>\n<tr style=\"height: 23.25pt;\">\n<td class=\"et5\" style=\"height: 92.00pt; width: 155.50pt; border-bottom: 1.0pt solid #CCCCCC;\" rowspan=\"3\" width=\"207\" height=\"122\">Produire<\/td>\n<td class=\"et4\" style=\"width: 714.00pt;\" width=\"952\">Mat\u00e9riel: Acier lamin\u00e9 \u00e0 froid Q235B<\/td>\n<\/tr>\n<tr style=\"height: 23.25pt;\">\n<td class=\"et4\" style=\"width: 714.00pt;\" width=\"952\">Finition : Rev\u00eatement en poudre durable<\/td>\n<\/tr>\n<tr style=\"height: 45.50pt;\">\n<td class=\"et4\" style=\"width: 714.00pt;\" width=\"952\">Traitement de surface : d\u00e9capage et phosphatation<\/td>\n<\/tr>\n<tr style=\"height: 23.25pt;\">\n<td class=\"et5\" style=\"height: 92.25pt; width: 155.50pt; border-bottom: 1.0pt solid #CCCCCC;\" rowspan=\"4\" width=\"207\" height=\"123\">Dimension<\/td>\n<td class=\"et4\" style=\"width: 714.00pt;\" width=\"952\">L : 900\/1200 mm<\/td>\n<\/tr>\n<tr style=\"height: 22.50pt;\">\n<td class=\"et8\" style=\"width: 714.00pt;\" width=\"952\">W\u00a0: 365\u00a0mm (un seul c\u00f4t\u00e9)<\/td>\n<\/tr>\n<tr style=\"height: 23.25pt;\">\n<td class=\"et9\" style=\"width: 714.00pt;\" width=\"952\">700mm (double face)<\/td>\n<\/tr>\n<tr style=\"height: 23.25pt;\">\n<td class=\"et4\" style=\"width: 714.00pt;\" width=\"952\">H : 1500\/1700\/2100\/2300mm<\/td>\n<\/tr>\n<tr style=\"height: 23.25pt;\">\n<td class=\"et5\" style=\"height: 69.75pt; width: 155.50pt; border-bottom: 1.0pt solid #CCCCCC;\" rowspan=\"3\" width=\"207\" height=\"93\">transaction<\/td>\n<td class=\"et4\" style=\"width: 714.00pt;\" width=\"952\">MOQ : 10 ensembles<\/td>\n<\/tr>\n<tr style=\"height: 23.25pt;\">\n<td class=\"et4\" style=\"width: 714.00pt;\" width=\"952\">Conditions de paiement\u00a0: T\/T, d\u00e9p\u00f4t 30%, solde 70% doit \u00eatre pay\u00e9 avant l&#039;exp\u00e9dition<\/td>\n<\/tr>\n<tr style=\"height: 23.25pt;\">\n<td class=\"et4\" style=\"width: 714.00pt;\" width=\"952\">D\u00e9lai d&#039;ex\u00e9cution : 1-7 jours ouvrables pour l&#039;\u00e9chantillon, 10-15 jours ouvrables pour la production en s\u00e9rie<\/td>\n<\/tr>\n<tr style=\"height: 45.75pt;\">\n<td class=\"et2\" style=\"height: 45.75pt; width: 155.50pt;\" width=\"207\" height=\"61\">Forfait<\/td>\n<td class=\"et4\" style=\"width: 714.00pt;\" width=\"952\">Emballage d\u00e9montable par carton et mousse bubbe, emballage saft pour le transport longue distance<\/td>\n<\/tr>\n<tr style=\"height: 45.75pt;\">\n<td class=\"et2\" style=\"height: 45.75pt; width: 155.50pt;\" width=\"207\" height=\"61\">Service<\/td>\n<td class=\"et4\" style=\"width: 714.00pt;\" width=\"952\">Couleur personnalis\u00e9e, capacit\u00e9, \u00e9paisseur, raccords, conception 3D, prix direct usine<\/td>\n<\/tr>\n<\/tbody>\n<\/table>","protected":false},"excerpt":{"rendered":"<p>Product Name 4 post retail shop racking display grocery item display rack supermarket shelf gondola Accessory Hook, loading tube, price tag, stopper, cover Color White, gray, black, wood color, customized gloss or matt color are available Apply convenient shop rack, grocery store stand, general store display rack, middle-size market furniture, chain store shelf Feature Capacity: [&hellip;]<\/p>\n","protected":false},"featured_media":702,"template":"","meta":[],"product_brand":[],"product_cat":[22,28],"product_tag":[],"class_list":{"0":"post-699","1":"product","2":"type-product","3":"status-publish","4":"has-post-thumbnail","6":"product_cat-supermarket-equipment","7":"product_cat-supermarket-shelves","9":"first","10":"instock","11":"featured","12":"shipping-taxable","13":"product-type-simple"},"_links":{"self":[{"href":"https:\/\/czd-shelves.com\/fr\/wp-json\/wp\/v2\/product\/699","targetHints":{"allow":["GET"]}}],"collection":[{"href":"https:\/\/czd-shelves.com\/fr\/wp-json\/wp\/v2\/product"}],"about":[{"href":"https:\/\/czd-shelves.com\/fr\/wp-json\/wp\/v2\/types\/product"}],"wp:featuredmedia":[{"embeddable":true,"href":"https:\/\/czd-shelves.com\/fr\/wp-json\/wp\/v2\/media\/702"}],"wp:attachment":[{"href":"https:\/\/czd-shelves.com\/fr\/wp-json\/wp\/v2\/media?parent=699"}],"wp:term":[{"taxonomy":"product_brand","embeddable":true,"href":"https:\/\/czd-shelves.com\/fr\/wp-json\/wp\/v2\/product_brand?post=699"},{"taxonomy":"product_cat","embeddable":true,"href":"https:\/\/czd-shelves.com\/fr\/wp-json\/wp\/v2\/product_cat?post=699"},{"taxonomy":"product_tag","embeddable":true,"href":"https:\/\/czd-shelves.com\/fr\/wp-json\/wp\/v2\/product_tag?post=699"}],"curies":[{"name":"wp","href":"https:\/\/api.w.org\/{rel}","templated":true}]}}