{"id":665,"date":"2022-06-16T08:19:59","date_gmt":"2022-06-16T08:19:59","guid":{"rendered":"https:\/\/czd-shelves.com\/?post_type=product&#038;p=665"},"modified":"2022-08-21T03:21:36","modified_gmt":"2022-08-21T03:21:36","slug":"presentoir-central-pour-beauty-shop","status":"publish","type":"product","link":"https:\/\/czd-shelves.com\/fr\/product\/center-display-rack-for-beauty-shop\/","title":{"rendered":"Pr\u00e9sentoir central pour salon de beaut\u00e9"},"content":{"rendered":"<table width=\"1089\">\n<tbody>\n<tr>\n<td width=\"193\">Nom du produit<\/td>\n<td colspan=\"4\" width=\"896\">\u00c9tag\u00e8res de branche de cosm\u00e9tiques de beaut\u00e9 \u00c9tag\u00e8re de produit num\u00e9rique \u00c9tag\u00e8res de magasin de jouets \u00c9tag\u00e8res de branche maternelle et infantile<\/td>\n<\/tr>\n<tr>\n<td rowspan=\"8\" width=\"193\">Fonctionnalit\u00e9s<\/td>\n<td colspan=\"4\" width=\"896\">Mat\u00e9riel: Acier lamin\u00e9 \u00e0 froid<\/td>\n<\/tr>\n<tr>\n<td colspan=\"4\" width=\"896\">Traitement de surface: Spray Electrastique<\/td>\n<\/tr>\n<tr>\n<td colspan=\"4\" width=\"896\">Longueur(mm): 900\/1000\/1200<\/td>\n<\/tr>\n<tr>\n<td colspan=\"4\" width=\"896\">Largeur(mm):300\/350<\/td>\n<\/tr>\n<tr>\n<td colspan=\"4\" width=\"896\">Hauteur(mm): 1200\/Personnalisable<\/td>\n<\/tr>\n<tr>\n<td colspan=\"4\" width=\"896\">Couleur : Facultatif<\/td>\n<\/tr>\n<tr>\n<td colspan=\"4\" width=\"896\">FEO\/ ODM : Accept\u00e9<\/td>\n<\/tr>\n<tr>\n<td colspan=\"4\" width=\"896\">D&#039;entit\u00e9: Protection contre la corrosion<\/td>\n<\/tr>\n<tr>\n<td rowspan=\"3\" width=\"193\">sp\u00e9cification<\/td>\n<td colspan=\"4\" width=\"896\">Ce rack peut \u00eatre combin\u00e9 avec des \u00e9tag\u00e8res \u00e0 simple face et \u00e0 double face.<\/td>\n<\/tr>\n<tr>\n<td colspan=\"4\" width=\"896\">L&#039;espace et la capacit\u00e9 de charge de chaque niveau sont plus importants que les \u00e9tag\u00e8res commerciales courantes.<\/td>\n<\/tr>\n<tr>\n<td colspan=\"4\" width=\"896\">Diff\u00e9rentes \u00e9paisseurs, tailles, couches et couleurs sont disponibles au choix.<\/td>\n<\/tr>\n<tr>\n<td rowspan=\"5\" width=\"193\">Les autres<\/td>\n<td colspan=\"4\" width=\"896\">Quantit\u00e9 minimum de commande\u00a0: 30 ensembles<\/td>\n<\/tr>\n<tr>\n<td colspan=\"4\" width=\"896\">Capacit\u00e9 d&#039;approvisionnement : 5000 pi\u00e8ces par mois<\/td>\n<\/tr>\n<tr>\n<td colspan=\"4\" width=\"896\">Modalit\u00e9s de paiement\u00a0: d\u00e9p\u00f4t 30% \u00e0 la signature du contrat, le solde sera compens\u00e9 par T\/T avant la livraison.<\/td>\n<\/tr>\n<tr>\n<td colspan=\"4\" width=\"896\">Conditions de livraison : En usine<\/td>\n<\/tr>\n<tr>\n<td colspan=\"4\" width=\"896\">D\u00e9lai de livraison : 10-15 jours ouvrables d\u00e8s r\u00e9ception de l&#039;acompte<\/td>\n<\/tr>\n<\/tbody>\n<\/table>","protected":false},"excerpt":{"rendered":"<p>Product name Beauty Cosmetics Branch Shelves Digital Product Shelf Toy Store Shelves Maternal And Infant Branch Shelves Features Material: Cold-rolled Steel Surface treatment: Electrastic Spray Length(mm): 900\/1000\/1200 Width(mm):300\/350 Height(mm): 1200\/Customizable Color: Optional OEM\/ ODM: Accepted Feature: Corrosion Protection Specification This rack can be combined by single sided and double sided shelves. The space and load [&hellip;]<\/p>\n","protected":false},"featured_media":666,"template":"","meta":[],"product_brand":[],"product_cat":[22,28],"product_tag":[],"class_list":{"0":"post-665","1":"product","2":"type-product","3":"status-publish","4":"has-post-thumbnail","6":"product_cat-supermarket-equipment","7":"product_cat-supermarket-shelves","9":"first","10":"instock","11":"shipping-taxable","12":"product-type-simple"},"_links":{"self":[{"href":"https:\/\/czd-shelves.com\/fr\/wp-json\/wp\/v2\/product\/665","targetHints":{"allow":["GET"]}}],"collection":[{"href":"https:\/\/czd-shelves.com\/fr\/wp-json\/wp\/v2\/product"}],"about":[{"href":"https:\/\/czd-shelves.com\/fr\/wp-json\/wp\/v2\/types\/product"}],"wp:featuredmedia":[{"embeddable":true,"href":"https:\/\/czd-shelves.com\/fr\/wp-json\/wp\/v2\/media\/666"}],"wp:attachment":[{"href":"https:\/\/czd-shelves.com\/fr\/wp-json\/wp\/v2\/media?parent=665"}],"wp:term":[{"taxonomy":"product_brand","embeddable":true,"href":"https:\/\/czd-shelves.com\/fr\/wp-json\/wp\/v2\/product_brand?post=665"},{"taxonomy":"product_cat","embeddable":true,"href":"https:\/\/czd-shelves.com\/fr\/wp-json\/wp\/v2\/product_cat?post=665"},{"taxonomy":"product_tag","embeddable":true,"href":"https:\/\/czd-shelves.com\/fr\/wp-json\/wp\/v2\/product_tag?post=665"}],"curies":[{"name":"wp","href":"https:\/\/api.w.org\/{rel}","templated":true}]}}