{"id":636,"date":"2022-06-16T06:29:42","date_gmt":"2022-06-16T06:29:42","guid":{"rendered":"https:\/\/czd-shelves.com\/?post_type=product&#038;p=636"},"modified":"2022-08-18T05:53:11","modified_gmt":"2022-08-18T05:53:11","slug":"etagere-en-metal-pour-la-maison-baby-store","status":"publish","type":"product","link":"https:\/\/czd-shelves.com\/fr\/product\/metal-shelf-for-home-baby-store\/","title":{"rendered":"\u00c9tag\u00e8res en m\u00e9tal pour animalerie \u00e0 vendre"},"content":{"rendered":"<h2>\u00c9tag\u00e8res en m\u00e9tal pour animalerie \u00e0 vendre<\/h2>\n<table width=\"1089\">\n<tbody>\n<tr>\n<td width=\"193\">Nom du produit<\/td>\n<td colspan=\"4\" width=\"896\">\u00c9tag\u00e8re de gondole de supermarch\u00e9 rayonnage publicitaire en m\u00e9tal en acier<\/td>\n<\/tr>\n<tr>\n<td rowspan=\"8\" width=\"193\">Fonctionnalit\u00e9s<\/td>\n<td colspan=\"4\" width=\"896\">Mat\u00e9riel: Acier lamin\u00e9 \u00e0 froid<\/td>\n<\/tr>\n<tr>\n<td colspan=\"4\" width=\"896\">Traitement de surface: Spray Electrastique<\/td>\n<\/tr>\n<tr>\n<td colspan=\"4\" width=\"896\">Longueur(mm): 900\/1000\/1200<\/td>\n<\/tr>\n<tr>\n<td colspan=\"4\" width=\"896\">Largeur (mm):300\/350\/400\/450\/500<\/td>\n<\/tr>\n<tr>\n<td colspan=\"4\" width=\"896\">Hauteur(mm): 1400\/1500\/1600\/1800\/2000\/2200\/2400\/Personnalisable<\/td>\n<\/tr>\n<tr>\n<td colspan=\"4\" width=\"896\">Couleur : Facultatif<\/td>\n<\/tr>\n<tr>\n<td colspan=\"4\" width=\"896\">FEO\/ ODM : Accept\u00e9<\/td>\n<\/tr>\n<tr>\n<td colspan=\"4\" width=\"896\">D&#039;entit\u00e9: Protection contre la corrosion<\/td>\n<\/tr>\n<tr>\n<td rowspan=\"3\" width=\"193\">sp\u00e9cification<\/td>\n<td colspan=\"4\" width=\"896\">Ce rack peut \u00eatre combin\u00e9 avec des \u00e9tag\u00e8res \u00e0 simple face et \u00e0 double face.<\/td>\n<\/tr>\n<tr>\n<td colspan=\"4\" width=\"896\">L&#039;espace et la capacit\u00e9 de charge de chaque niveau sont plus importants que les \u00e9tag\u00e8res commerciales courantes.<\/td>\n<\/tr>\n<tr>\n<td colspan=\"4\" width=\"896\">Diff\u00e9rentes \u00e9paisseurs, tailles, couches et couleurs sont disponibles au choix.<\/td>\n<\/tr>\n<tr>\n<td rowspan=\"5\" width=\"193\">Les autres<\/td>\n<td colspan=\"4\" width=\"896\">Quantit\u00e9 minimum de commande\u00a0: 30 ensembles<\/td>\n<\/tr>\n<tr>\n<td colspan=\"4\" width=\"896\">Capacit\u00e9 d&#039;approvisionnement : 5000 pi\u00e8ces par mois<\/td>\n<\/tr>\n<tr>\n<td colspan=\"4\" width=\"896\">Modalit\u00e9s de paiement\u00a0: d\u00e9p\u00f4t 30% \u00e0 la signature du contrat, le solde sera compens\u00e9 par T\/T avant la livraison.<\/td>\n<\/tr>\n<tr>\n<td colspan=\"4\" width=\"896\">Conditions de livraison : En usine<\/td>\n<\/tr>\n<tr>\n<td colspan=\"4\" width=\"896\">D\u00e9lai de livraison : 10-15 jours ouvrables d\u00e8s r\u00e9ception de l&#039;acompte<\/td>\n<\/tr>\n<\/tbody>\n<\/table>","protected":false},"excerpt":{"rendered":"<p>Pet store metal shelves for sale Product name Supermarket gondola shelf steel\u00a0 metal advertising shelving Features Material: Cold-rolled Steel Surface treatment: Electrastic Spray Length(mm): 900\/1000\/1200 Width(mm):300\/350\/400\/450\/500 Height(mm): 1400\/1500\/1600\/1800\/2000\/2200\/2400\/Customizable Color: Optional OEM\/ ODM: Accepted Feature: Corrosion Protection Specification This rack can be combined by single sided and double sided shelves. The space and load capacity for [&hellip;]<\/p>\n","protected":false},"featured_media":637,"template":"","meta":[],"product_brand":[],"product_cat":[22,28],"product_tag":[],"class_list":{"0":"post-636","1":"product","2":"type-product","3":"status-publish","4":"has-post-thumbnail","6":"product_cat-supermarket-equipment","7":"product_cat-supermarket-shelves","9":"first","10":"instock","11":"shipping-taxable","12":"product-type-simple"},"_links":{"self":[{"href":"https:\/\/czd-shelves.com\/fr\/wp-json\/wp\/v2\/product\/636","targetHints":{"allow":["GET"]}}],"collection":[{"href":"https:\/\/czd-shelves.com\/fr\/wp-json\/wp\/v2\/product"}],"about":[{"href":"https:\/\/czd-shelves.com\/fr\/wp-json\/wp\/v2\/types\/product"}],"wp:featuredmedia":[{"embeddable":true,"href":"https:\/\/czd-shelves.com\/fr\/wp-json\/wp\/v2\/media\/637"}],"wp:attachment":[{"href":"https:\/\/czd-shelves.com\/fr\/wp-json\/wp\/v2\/media?parent=636"}],"wp:term":[{"taxonomy":"product_brand","embeddable":true,"href":"https:\/\/czd-shelves.com\/fr\/wp-json\/wp\/v2\/product_brand?post=636"},{"taxonomy":"product_cat","embeddable":true,"href":"https:\/\/czd-shelves.com\/fr\/wp-json\/wp\/v2\/product_cat?post=636"},{"taxonomy":"product_tag","embeddable":true,"href":"https:\/\/czd-shelves.com\/fr\/wp-json\/wp\/v2\/product_tag?post=636"}],"curies":[{"name":"wp","href":"https:\/\/api.w.org\/{rel}","templated":true}]}}