{"id":624,"date":"2022-06-16T06:20:35","date_gmt":"2022-06-16T06:20:35","guid":{"rendered":"https:\/\/czd-shelves.com\/?post_type=product&#038;p=624"},"modified":"2022-08-18T05:53:26","modified_gmt":"2022-08-18T05:53:26","slug":"etageres-metalliques-avec-meuble-fin","status":"publish","type":"product","link":"https:\/\/czd-shelves.com\/fr\/product\/metal-shelves-with-end-unit\/","title":{"rendered":"\u00c9tag\u00e8res m\u00e9talliques de supermarch\u00e9 avec unit\u00e9 d&#039;extr\u00e9mit\u00e9"},"content":{"rendered":"<h2 style=\"text-align: center;\">\u00c9tag\u00e8res m\u00e9talliques de supermarch\u00e9 avec unit\u00e9 d&#039;extr\u00e9mit\u00e9<\/h2>\n<p>&nbsp;<\/p>\n<p><img fetchpriority=\"high\" decoding=\"async\" class=\"aligncenter wp-image-629 size-full\" src=\"https:\/\/czd-shelves.com\/wp-content\/uploads\/2022\/06\/YPHJ-C02-detail-1.jpg\" alt=\"\" width=\"751\" height=\"806\" title=\"\" srcset=\"https:\/\/czd-shelves.com\/wp-content\/uploads\/2022\/06\/YPHJ-C02-detail-1.jpg 751w, https:\/\/czd-shelves.com\/wp-content\/uploads\/2022\/06\/YPHJ-C02-detail-1-300x322.jpg 300w, https:\/\/czd-shelves.com\/wp-content\/uploads\/2022\/06\/YPHJ-C02-detail-1-600x644.jpg 600w, https:\/\/czd-shelves.com\/wp-content\/uploads\/2022\/06\/YPHJ-C02-detail-1-280x300.jpg 280w\" sizes=\"(max-width: 751px) 100vw, 751px\" \/> <img decoding=\"async\" class=\"size-full wp-image-628 aligncenter\" src=\"https:\/\/czd-shelves.com\/wp-content\/uploads\/2022\/06\/YPHJ-C02-detail-2.jpg\" alt=\"\" width=\"751\" height=\"976\" title=\"\" srcset=\"https:\/\/czd-shelves.com\/wp-content\/uploads\/2022\/06\/YPHJ-C02-detail-2.jpg 751w, https:\/\/czd-shelves.com\/wp-content\/uploads\/2022\/06\/YPHJ-C02-detail-2-300x390.jpg 300w, https:\/\/czd-shelves.com\/wp-content\/uploads\/2022\/06\/YPHJ-C02-detail-2-600x780.jpg 600w, https:\/\/czd-shelves.com\/wp-content\/uploads\/2022\/06\/YPHJ-C02-detail-2-231x300.jpg 231w\" sizes=\"(max-width: 751px) 100vw, 751px\" \/><\/p>","protected":false},"excerpt":{"rendered":"<p>\u00c9tag\u00e8res m\u00e9talliques de supermarch\u00e9 avec unit\u00e9 d&#039;extr\u00e9mit\u00e9 &nbsp;<\/p>","protected":false},"featured_media":627,"template":"","meta":[],"product_brand":[],"product_cat":[28,22],"product_tag":[],"class_list":{"0":"post-624","1":"product","2":"type-product","3":"status-publish","4":"has-post-thumbnail","6":"product_cat-supermarket-shelves","7":"product_cat-supermarket-equipment","9":"first","10":"instock","11":"featured","12":"shipping-taxable","13":"product-type-simple"},"_links":{"self":[{"href":"https:\/\/czd-shelves.com\/fr\/wp-json\/wp\/v2\/product\/624","targetHints":{"allow":["GET"]}}],"collection":[{"href":"https:\/\/czd-shelves.com\/fr\/wp-json\/wp\/v2\/product"}],"about":[{"href":"https:\/\/czd-shelves.com\/fr\/wp-json\/wp\/v2\/types\/product"}],"wp:featuredmedia":[{"embeddable":true,"href":"https:\/\/czd-shelves.com\/fr\/wp-json\/wp\/v2\/media\/627"}],"wp:attachment":[{"href":"https:\/\/czd-shelves.com\/fr\/wp-json\/wp\/v2\/media?parent=624"}],"wp:term":[{"taxonomy":"product_brand","embeddable":true,"href":"https:\/\/czd-shelves.com\/fr\/wp-json\/wp\/v2\/product_brand?post=624"},{"taxonomy":"product_cat","embeddable":true,"href":"https:\/\/czd-shelves.com\/fr\/wp-json\/wp\/v2\/product_cat?post=624"},{"taxonomy":"product_tag","embeddable":true,"href":"https:\/\/czd-shelves.com\/fr\/wp-json\/wp\/v2\/product_tag?post=624"}],"curies":[{"name":"wp","href":"https:\/\/api.w.org\/{rel}","templated":true}]}}