{"id":586,"date":"2022-06-16T03:55:14","date_gmt":"2022-06-16T03:55:14","guid":{"rendered":"https:\/\/czd-shelves.com\/?post_type=product&#038;p=586"},"modified":"2022-08-18T05:53:57","modified_gmt":"2022-08-18T05:53:57","slug":"echelle-dentrepot","status":"publish","type":"product","link":"https:\/\/czd-shelves.com\/fr\/product\/warehouse-ladder\/","title":{"rendered":"Usine d&#039;\u00e9chelle d&#039;entrep\u00f4t en Chine"},"content":{"rendered":"<h2>Usine d&#039;\u00e9chelle d&#039;entrep\u00f4t en Chine<\/h2>","protected":false},"excerpt":{"rendered":"<p>Usine d&#039;\u00e9chelle d&#039;entrep\u00f4t en Chine<\/p>","protected":false},"featured_media":590,"template":"","meta":[],"product_brand":[],"product_cat":[20],"product_tag":[],"class_list":{"0":"post-586","1":"product","2":"type-product","3":"status-publish","4":"has-post-thumbnail","6":"product_cat-warehouse-racking","8":"first","9":"instock","10":"shipping-taxable","11":"product-type-simple"},"_links":{"self":[{"href":"https:\/\/czd-shelves.com\/fr\/wp-json\/wp\/v2\/product\/586","targetHints":{"allow":["GET"]}}],"collection":[{"href":"https:\/\/czd-shelves.com\/fr\/wp-json\/wp\/v2\/product"}],"about":[{"href":"https:\/\/czd-shelves.com\/fr\/wp-json\/wp\/v2\/types\/product"}],"wp:featuredmedia":[{"embeddable":true,"href":"https:\/\/czd-shelves.com\/fr\/wp-json\/wp\/v2\/media\/590"}],"wp:attachment":[{"href":"https:\/\/czd-shelves.com\/fr\/wp-json\/wp\/v2\/media?parent=586"}],"wp:term":[{"taxonomy":"product_brand","embeddable":true,"href":"https:\/\/czd-shelves.com\/fr\/wp-json\/wp\/v2\/product_brand?post=586"},{"taxonomy":"product_cat","embeddable":true,"href":"https:\/\/czd-shelves.com\/fr\/wp-json\/wp\/v2\/product_cat?post=586"},{"taxonomy":"product_tag","embeddable":true,"href":"https:\/\/czd-shelves.com\/fr\/wp-json\/wp\/v2\/product_tag?post=586"}],"curies":[{"name":"wp","href":"https:\/\/api.w.org\/{rel}","templated":true}]}}