{"id":583,"date":"2022-06-16T03:52:09","date_gmt":"2022-06-16T03:52:09","guid":{"rendered":"https:\/\/czd-shelves.com\/?post_type=product&#038;p=583"},"modified":"2022-08-18T05:55:01","modified_gmt":"2022-08-18T05:55:01","slug":"palettier-lourd","status":"publish","type":"product","link":"https:\/\/czd-shelves.com\/fr\/product\/pallet-rack-heavy\/","title":{"rendered":"syst\u00e8me de rayonnage \u00e0 palettes en porcelaine"},"content":{"rendered":"<table width=\"1216\">\n<tbody>\n<tr>\n<td width=\"248\">Nom du produit<\/td>\n<td width=\"968\">entrep\u00f4t de vente directe d&#039;usine stockage de produits lourds <strong>syst\u00e8me de rayonnage \u00e0 palettes en porcelaine<\/strong><\/td>\n<\/tr>\n<tr>\n<td width=\"248\">Mat\u00e9riel<\/td>\n<td width=\"968\">Acier lamin\u00e9 \u00e0 froid Q235B<\/td>\n<\/tr>\n<tr>\n<td width=\"248\">Taper<\/td>\n<td width=\"968\"><a href=\"https:\/\/czd-shelves.com\/fr\/categorie-de-produit\/rayonnage-dentrepot\/\">Support robuste<\/a><\/td>\n<\/tr>\n<tr>\n<td width=\"248\">Finir:<\/td>\n<td width=\"968\">Rev\u00eatement en poudre durable<\/td>\n<\/tr>\n<tr>\n<td width=\"248\">Traitement de surface:<\/td>\n<td width=\"968\">D\u00e9capage et Phosphatation<\/td>\n<\/tr>\n<tr>\n<td width=\"248\">Appliquer<\/td>\n<td width=\"968\">Industriel, stockage de cargaison d&#039;entrep\u00f4t, \u00e9tag\u00e8re longue port\u00e9e d&#039;usine, support d&#039;\u00e9tag\u00e8re de stockage de garage<\/td>\n<\/tr>\n<tr>\n<td rowspan=\"5\" width=\"248\">Caract\u00e9ristique<\/td>\n<td width=\"968\">Taille globale : personnalis\u00e9e selon vos besoins<\/td>\n<\/tr>\n<tr>\n<td width=\"968\">Capacit\u00e9 : 1000kg-3000kg\/couche<\/td>\n<\/tr>\n<tr>\n<td width=\"968\">couche: couche standard 4<\/td>\n<\/tr>\n<tr>\n<td width=\"968\">Structure\u00a0: montant, poutre, barre de support, contreplaqu\u00e9, etc.<\/td>\n<\/tr>\n<tr>\n<td width=\"968\">Couleur : bleu, gris, bleu + orange, couleur personnalis\u00e9e<\/td>\n<\/tr>\n<tr>\n<td rowspan=\"3\" width=\"248\">transaction<\/td>\n<td width=\"968\">Chargement\u00a0: 75 ensembles de rack principal pour 20GP, 195 ensembles de rack principal pour 40HQ<\/td>\n<\/tr>\n<tr>\n<td width=\"968\">Conditions de paiement\u00a0: T\/T, d\u00e9p\u00f4t 30%, solde 70% doit \u00eatre pay\u00e9 avant l&#039;exp\u00e9dition<\/td>\n<\/tr>\n<tr>\n<td width=\"968\">D\u00e9lai d&#039;ex\u00e9cution : 1-7 jours ouvrables pour l&#039;\u00e9chantillon, 10-15 jours ouvrables pour la production en s\u00e9rie<\/td>\n<\/tr>\n<tr>\n<td width=\"248\">Forfait<\/td>\n<td width=\"968\">Film \u00e0 bulles pour montant et poutre, carton standard pour plaque; Ou emballage de s\u00e9curit\u00e9 personnalis\u00e9 pour le transport longue distance<\/td>\n<\/tr>\n<tr>\n<td width=\"248\">Service<\/td>\n<td width=\"968\">Couleur personnalis\u00e9e, capacit\u00e9, \u00e9paisseur, conception 3D, prix direct usine<\/td>\n<\/tr>\n<\/tbody>\n<\/table>","protected":false},"excerpt":{"rendered":"<p>Product Name factory direct sales warehouse heavy product storage china pallet racking system Material Q235B Cold-rolled steel Type Heavy duty rack Finish: Durable powder coated Surface Treatment: Pickling and Phosphating Apply Industrial, warehouse cargo storage, factory longspan shelf, garage storage shelf rack Feature Overall size: Customized as per your needs Capacity: 1000kg-3000kg\/layer layer: Standard 4 [&hellip;]<\/p>\n","protected":false},"featured_media":585,"template":"","meta":[],"product_brand":[],"product_cat":[20],"product_tag":[],"class_list":{"0":"post-583","1":"product","2":"type-product","3":"status-publish","4":"has-post-thumbnail","6":"product_cat-warehouse-racking","8":"first","9":"instock","10":"shipping-taxable","11":"product-type-simple"},"_links":{"self":[{"href":"https:\/\/czd-shelves.com\/fr\/wp-json\/wp\/v2\/product\/583","targetHints":{"allow":["GET"]}}],"collection":[{"href":"https:\/\/czd-shelves.com\/fr\/wp-json\/wp\/v2\/product"}],"about":[{"href":"https:\/\/czd-shelves.com\/fr\/wp-json\/wp\/v2\/types\/product"}],"wp:featuredmedia":[{"embeddable":true,"href":"https:\/\/czd-shelves.com\/fr\/wp-json\/wp\/v2\/media\/585"}],"wp:attachment":[{"href":"https:\/\/czd-shelves.com\/fr\/wp-json\/wp\/v2\/media?parent=583"}],"wp:term":[{"taxonomy":"product_brand","embeddable":true,"href":"https:\/\/czd-shelves.com\/fr\/wp-json\/wp\/v2\/product_brand?post=583"},{"taxonomy":"product_cat","embeddable":true,"href":"https:\/\/czd-shelves.com\/fr\/wp-json\/wp\/v2\/product_cat?post=583"},{"taxonomy":"product_tag","embeddable":true,"href":"https:\/\/czd-shelves.com\/fr\/wp-json\/wp\/v2\/product_tag?post=583"}],"curies":[{"name":"wp","href":"https:\/\/api.w.org\/{rel}","templated":true}]}}