{"id":580,"date":"2022-06-16T03:50:27","date_gmt":"2022-06-16T03:50:27","guid":{"rendered":"https:\/\/czd-shelves.com\/?post_type=product&#038;p=580"},"modified":"2022-08-18T05:54:06","modified_gmt":"2022-08-18T05:54:06","slug":"palettier-moyen","status":"publish","type":"product","link":"https:\/\/czd-shelves.com\/fr\/product\/pallet-rack-medium\/","title":{"rendered":"fournisseur de racks \u00e0 usage moyen"},"content":{"rendered":"<table width=\"1273\">\n<tbody>\n<tr>\n<td width=\"268\">Nom du produit<\/td>\n<td width=\"1005\"><strong> fournisseur de racks \u00e0 usage moyen<\/strong><\/td>\n<\/tr>\n<tr>\n<td width=\"268\">Mat\u00e9riel<\/td>\n<td width=\"1005\">Acier lamin\u00e9 \u00e0 froid Q235B<\/td>\n<\/tr>\n<tr>\n<td width=\"268\">Taper<\/td>\n<td width=\"1005\">Support l\u00e9ger<\/td>\n<\/tr>\n<tr>\n<td width=\"268\">Finir:<\/td>\n<td width=\"1005\">Rev\u00eatement en poudre durable<\/td>\n<\/tr>\n<tr>\n<td width=\"268\">Traitement de surface:<\/td>\n<td width=\"1005\">D\u00e9capage et Phosphatation<\/td>\n<\/tr>\n<tr>\n<td width=\"268\">Appliquer<\/td>\n<td width=\"1005\">Industriel, entrep\u00f4t, usine<\/td>\n<\/tr>\n<tr>\n<td rowspan=\"5\" width=\"268\">Caract\u00e9ristique<\/td>\n<td width=\"1005\">Taille globale : 2000*500*2000mm, 2000*600*2000mm, 1500*500*2000mm, 1500*600*2000mm<\/td>\n<\/tr>\n<tr>\n<td width=\"1005\">Capacit\u00e9\u00a0: 200\u00a0kg\/couche<\/td>\n<\/tr>\n<tr>\n<td width=\"1005\">couche: couche standard 4<\/td>\n<\/tr>\n<tr>\n<td width=\"1005\">Structure : 2 montants + 8 poutres + 8 plaques<\/td>\n<\/tr>\n<tr>\n<td width=\"1005\">Couleur : bleu, gris, bleu + orange, couleur personnalis\u00e9e<\/td>\n<\/tr>\n<tr>\n<td rowspan=\"3\" width=\"268\">transaction<\/td>\n<td width=\"1005\">Chargement\u00a0: 85 ensembles de rack principal pour 20GP, 210 ensembles de rack principal pour 40HQ<\/td>\n<\/tr>\n<tr>\n<td width=\"1005\">Conditions de paiement\u00a0: T\/T, d\u00e9p\u00f4t 30%, solde 70% doit \u00eatre pay\u00e9 avant l&#039;exp\u00e9dition<\/td>\n<\/tr>\n<tr>\n<td width=\"1005\">D\u00e9lai d&#039;ex\u00e9cution : 1-7 jours ouvrables pour l&#039;\u00e9chantillon, 10-15 jours ouvrables pour la production en s\u00e9rie<\/td>\n<\/tr>\n<tr>\n<td width=\"268\">Forfait<\/td>\n<td width=\"1005\">Film \u00e0 bulles pour montant et poutre, carton standard pour plaque; Ou emballage de s\u00e9curit\u00e9 personnalis\u00e9 pour le transport longue distance<\/td>\n<\/tr>\n<tr>\n<td width=\"268\">Service<\/td>\n<td width=\"1005\">Couleur personnalis\u00e9e, capacit\u00e9, \u00e9paisseur, conception 3D, prix direct usine<\/td>\n<\/tr>\n<\/tbody>\n<\/table>","protected":false},"excerpt":{"rendered":"<p>Product Name medium duty racks supplier Material Q235B Cold-rolled steel Type Light duty rack Finish: Durable powder coated Surface Treatment: Pickling and Phosphating Apply Industrial, warehouse, factory Feature Overall size: 2000*500*2000mm, 2000*600*2000mm, 1500*500*2000mm, 1500*600*2000mm Capacity: 200kg\/layer layer: Standard 4 layer Structure: 2 upright + 8 beam +8 plate Color: Blue, gray, blue+orange, customized color transaction [&hellip;]<\/p>\n","protected":false},"featured_media":582,"template":"","meta":[],"product_brand":[],"product_cat":[20],"product_tag":[],"class_list":{"0":"post-580","1":"product","2":"type-product","3":"status-publish","4":"has-post-thumbnail","6":"product_cat-warehouse-racking","8":"first","9":"instock","10":"shipping-taxable","11":"product-type-simple"},"_links":{"self":[{"href":"https:\/\/czd-shelves.com\/fr\/wp-json\/wp\/v2\/product\/580","targetHints":{"allow":["GET"]}}],"collection":[{"href":"https:\/\/czd-shelves.com\/fr\/wp-json\/wp\/v2\/product"}],"about":[{"href":"https:\/\/czd-shelves.com\/fr\/wp-json\/wp\/v2\/types\/product"}],"wp:featuredmedia":[{"embeddable":true,"href":"https:\/\/czd-shelves.com\/fr\/wp-json\/wp\/v2\/media\/582"}],"wp:attachment":[{"href":"https:\/\/czd-shelves.com\/fr\/wp-json\/wp\/v2\/media?parent=580"}],"wp:term":[{"taxonomy":"product_brand","embeddable":true,"href":"https:\/\/czd-shelves.com\/fr\/wp-json\/wp\/v2\/product_brand?post=580"},{"taxonomy":"product_cat","embeddable":true,"href":"https:\/\/czd-shelves.com\/fr\/wp-json\/wp\/v2\/product_cat?post=580"},{"taxonomy":"product_tag","embeddable":true,"href":"https:\/\/czd-shelves.com\/fr\/wp-json\/wp\/v2\/product_tag?post=580"}],"curies":[{"name":"wp","href":"https:\/\/api.w.org\/{rel}","templated":true}]}}