{"id":577,"date":"2022-06-16T03:46:05","date_gmt":"2022-06-16T03:46:05","guid":{"rendered":"https:\/\/czd-shelves.com\/?post_type=product&#038;p=577"},"modified":"2022-08-18T05:54:21","modified_gmt":"2022-08-18T05:54:21","slug":"rayonnage-plate-forme-lourd","status":"publish","type":"product","link":"https:\/\/czd-shelves.com\/fr\/product\/heavy-duty-platform-racking\/","title":{"rendered":"Fabricants de rayonnages \u00e0 palettes pour charges lourdes"},"content":{"rendered":"<table style=\"border-collapse: collapse; width: 934.52pt;\" border=\"0\" width=\"1246\" cellspacing=\"0\" cellpadding=\"0\">\n<tbody>\n<tr style=\"height: 45.75pt;\">\n<td class=\"et2\" style=\"height: 45.75pt; width: 183.50pt;\" width=\"244\" height=\"61\">Nom du produit<\/td>\n<td class=\"et3\" style=\"width: 751.00pt;\" width=\"1001\"><strong>Fabricants de rayonnages \u00e0 palettes pour charges lourdes<\/strong><\/td>\n<\/tr>\n<tr style=\"height: 23.25pt;\">\n<td class=\"et2\" style=\"height: 23.25pt; width: 183.50pt;\" width=\"244\" height=\"31\">Mat\u00e9riel<\/td>\n<td class=\"et3\" style=\"width: 751.00pt;\" width=\"1001\">Acier lamin\u00e9 \u00e0 froid Q235B<\/td>\n<\/tr>\n<tr style=\"height: 23.25pt;\">\n<td class=\"et2\" style=\"height: 23.25pt; width: 183.50pt;\" width=\"244\" height=\"31\">Taper<\/td>\n<td class=\"et3\" style=\"width: 751.00pt;\" width=\"1001\">Plancher de mezzanine en acier \/ <strong>palette rack mezzanine bricolage<\/strong><\/td>\n<\/tr>\n<tr style=\"height: 23.25pt;\">\n<td class=\"et2\" style=\"height: 23.25pt; width: 183.50pt;\" width=\"244\" height=\"31\">Finir:<\/td>\n<td class=\"et3\" style=\"width: 751.00pt;\" width=\"1001\">Rev\u00eatement en poudre durable<\/td>\n<\/tr>\n<tr style=\"height: 22.50pt;\">\n<td class=\"et4\" style=\"height: 45.75pt; width: 183.50pt; border-bottom: 1.0pt solid #CCCCCC;\" rowspan=\"2\" width=\"244\" height=\"61\">Traitement de surface:<\/td>\n<td class=\"et5\" style=\"width: 751.00pt;\" width=\"1001\">D\u00e9capage et Phosphatation,<\/td>\n<\/tr>\n<tr style=\"height: 23.25pt;\">\n<td class=\"et7\" style=\"width: 751.00pt;\" width=\"1001\">Protection contre la corrosion<\/td>\n<\/tr>\n<tr style=\"height: 23.25pt;\">\n<td class=\"et2\" style=\"height: 23.25pt; width: 183.50pt;\" width=\"244\" height=\"31\">Garantie<\/td>\n<td class=\"et3\" style=\"width: 751.00pt;\" width=\"1001\">3-5 ans<\/td>\n<\/tr>\n<tr style=\"height: 24.00pt;\">\n<td class=\"et2\" style=\"height: 24.00pt; width: 183.50pt;\" width=\"244\" height=\"32\">Appliquer<\/td>\n<td class=\"et3\" style=\"width: 751.00pt;\" width=\"1001\">Industriel, entrep\u00f4t, usine, lieu de stockage\/stockage d&#039;entrep\u00f4t de support de plate-forme de grenier de structure m\u00e9tallique stable<\/td>\n<\/tr>\n<tr style=\"height: 23.25pt;\">\n<td class=\"et4\" style=\"height: 99.50pt; width: 183.50pt; border-bottom: 1.0pt solid #CCCCCC;\" rowspan=\"4\" width=\"244\" height=\"132\">Caract\u00e9ristique<\/td>\n<td class=\"et3\" style=\"width: 751.00pt;\" width=\"1001\">Capacit\u00e9 : 200kg-500kg\/SQM<\/td>\n<\/tr>\n<tr style=\"height: 23.25pt;\">\n<td class=\"et3\" style=\"width: 751.00pt;\" width=\"1001\">couche\u00a0: multiniveau<\/td>\n<\/tr>\n<tr style=\"height: 24.00pt;\">\n<td class=\"et3\" style=\"width: 751.00pt;\" width=\"1001\">Structure : montant + poutre + palette\/treillis m\u00e9tallique\/t\u00f4le d&#039;acier\/t\u00f4le de bois<\/td>\n<\/tr>\n<tr style=\"height: 29.00pt;\">\n<td class=\"et3\" style=\"width: 751.00pt;\" width=\"1001\">Couleur : bleu, gris, bleu + orange, couleur personnalis\u00e9e<\/td>\n<\/tr>\n<tr style=\"height: 23.25pt;\">\n<td class=\"et4\" style=\"height: 69.75pt; width: 183.50pt; border-bottom: 1.0pt solid #CCCCCC;\" rowspan=\"3\" width=\"244\" height=\"93\">Dimension<\/td>\n<td class=\"et3\" style=\"width: 751.00pt;\" width=\"1001\">Longueur : 2300\/2500\/2700\/3000\/3300\/3600\/3900mm<\/td>\n<\/tr>\n<tr style=\"height: 23.25pt;\">\n<td class=\"et3\" style=\"width: 751.00pt;\" width=\"1001\">Largeur : 800 \/ 1000 \/ 1100 \/ 1200mm<\/td>\n<\/tr>\n<tr style=\"height: 23.25pt;\">\n<td class=\"et3\" style=\"width: 751.00pt;\" width=\"1001\">H : 2000-13000mm<\/td>\n<\/tr>\n<tr style=\"height: 23.25pt;\">\n<td class=\"et4\" style=\"height: 87.75pt; width: 183.50pt; border-bottom: 1.0pt solid #CCCCCC;\" rowspan=\"3\" width=\"244\" height=\"117\">transaction<\/td>\n<td class=\"et3\" style=\"width: 751.00pt;\" width=\"1001\">MOQ : 1 ensembles<\/td>\n<\/tr>\n<tr style=\"height: 35.50pt;\">\n<td class=\"et3\" style=\"width: 751.00pt;\" width=\"1001\">Conditions de paiement\u00a0: T\/T, d\u00e9p\u00f4t 30%, solde 70% doit \u00eatre pay\u00e9 avant l&#039;exp\u00e9dition<\/td>\n<\/tr>\n<tr style=\"height: 29.00pt;\">\n<td class=\"et3\" style=\"width: 751.00pt;\" width=\"1001\">D\u00e9lai d&#039;ex\u00e9cution : 1-7 jours ouvrables pour l&#039;\u00e9chantillon, 10-15 jours ouvrables pour la production en s\u00e9rie<\/td>\n<\/tr>\n<tr style=\"height: 54.00pt;\">\n<td class=\"et4\" style=\"height: 89.00pt; width: 183.50pt; border-bottom: 1.0pt solid #CCCCCC;\" rowspan=\"2\" width=\"244\" height=\"118\">Forfait<\/td>\n<td class=\"et5\" style=\"width: 751.00pt;\" width=\"1001\">Support de sol mezzanine, film \u00e0 bulles pour montant et poutre, carton standard pour plaque\u00a0; Ou emballage de s\u00e9curit\u00e9 personnalis\u00e9 pour longue distance<\/td>\n<\/tr>\n<tr style=\"height: 35.00pt;\">\n<td class=\"et7\" style=\"width: 751.00pt;\" width=\"1001\">transport<\/td>\n<\/tr>\n<tr style=\"height: 35.50pt;\">\n<td class=\"et2\" style=\"height: 35.50pt; width: 183.50pt;\" width=\"244\" height=\"47\">Service<\/td>\n<td class=\"et3\" style=\"width: 751.00pt;\" width=\"1001\">Couleur personnalis\u00e9e, capacit\u00e9, \u00e9paisseur, conception 3D, prix direct usine<\/td>\n<\/tr>\n<\/tbody>\n<\/table>","protected":false},"excerpt":{"rendered":"<p>Product Name Heavy duty pallet rack manufacturers Material Q235B Cold-rolled steel Type Steel mazzanine floor \/ pallet rack mezzanine diy Finish: Durable powder coated Surface Treatment: Pickling and Phosphating, Corrosion Protection Guarantee 3-5years Apply Industrial, warehouse, factory, storage place\/ Stable Steel Structure Attic Platform Rack Warehouse Storage Feature Capacity: 200kg-500kg\/SQM layer: Multi-Level Structure: upright + [&hellip;]<\/p>\n","protected":false},"featured_media":579,"template":"","meta":[],"product_brand":[],"product_cat":[20],"product_tag":[],"class_list":{"0":"post-577","1":"product","2":"type-product","3":"status-publish","4":"has-post-thumbnail","6":"product_cat-warehouse-racking","8":"first","9":"instock","10":"shipping-taxable","11":"product-type-simple"},"_links":{"self":[{"href":"https:\/\/czd-shelves.com\/fr\/wp-json\/wp\/v2\/product\/577","targetHints":{"allow":["GET"]}}],"collection":[{"href":"https:\/\/czd-shelves.com\/fr\/wp-json\/wp\/v2\/product"}],"about":[{"href":"https:\/\/czd-shelves.com\/fr\/wp-json\/wp\/v2\/types\/product"}],"wp:featuredmedia":[{"embeddable":true,"href":"https:\/\/czd-shelves.com\/fr\/wp-json\/wp\/v2\/media\/579"}],"wp:attachment":[{"href":"https:\/\/czd-shelves.com\/fr\/wp-json\/wp\/v2\/media?parent=577"}],"wp:term":[{"taxonomy":"product_brand","embeddable":true,"href":"https:\/\/czd-shelves.com\/fr\/wp-json\/wp\/v2\/product_brand?post=577"},{"taxonomy":"product_cat","embeddable":true,"href":"https:\/\/czd-shelves.com\/fr\/wp-json\/wp\/v2\/product_cat?post=577"},{"taxonomy":"product_tag","embeddable":true,"href":"https:\/\/czd-shelves.com\/fr\/wp-json\/wp\/v2\/product_tag?post=577"}],"curies":[{"name":"wp","href":"https:\/\/api.w.org\/{rel}","templated":true}]}}