{"id":1006,"date":"2022-06-17T03:44:14","date_gmt":"2022-06-17T03:44:14","guid":{"rendered":"https:\/\/czd-shelves.com\/?post_type=product&#038;p=1006"},"modified":"2024-02-29T07:41:50","modified_gmt":"2024-02-29T07:41:50","slug":"caisse-style-bois","status":"publish","type":"product","link":"https:\/\/czd-shelves.com\/fr\/product\/wood-style-checkout-counter\/","title":{"rendered":"Wooden Style Supermarket Checkout Counter manufacturer &#038; supplier"},"content":{"rendered":"<table style=\"border-collapse: collapse; width: 786.02pt;\" border=\"0\" width=\"1048\" cellspacing=\"0\" cellpadding=\"0\">\n<tbody>\n<tr style=\"height: 41.50pt;\">\n<td class=\"et2\" style=\"height: 41.50pt; width: 157.00pt;\" width=\"209\" height=\"55\">Produit<\/td>\n<td class=\"et3\" style=\"width: 629.00pt;\" width=\"838\"><strong>Comptoir de caisse de supermarch\u00e9 de style en bois<\/strong><\/td>\n<\/tr>\n<tr style=\"height: 23.25pt;\">\n<td class=\"et4\" style=\"height: 23.25pt; width: 157.00pt;\" width=\"209\" height=\"31\">Couleur<\/td>\n<td class=\"et3\" style=\"width: 629.00pt;\" width=\"838\">blanc, grain de bois, gris, couleur personnalis\u00e9e sont disponibles<\/td>\n<\/tr>\n<tr style=\"height: 45.00pt;\">\n<td class=\"et5\" style=\"height: 90.75pt; width: 157.00pt; border-bottom: 1.0pt solid #CCCCCC;\" rowspan=\"2\" width=\"209\" height=\"121\">Appliquer<\/td>\n<td class=\"et6\" style=\"width: 629.00pt;\" width=\"838\">caissier de d\u00e9panneur, caissier d&#039;\u00e9picerie, caissier de magasin g\u00e9n\u00e9ral, caissier de march\u00e9 de taille moyenne, caissier de magasin \u00e0 succursales, supermarch\u00e9<\/td>\n<\/tr>\n<tr style=\"height: 45.75pt;\">\n<td class=\"et8\" style=\"width: 629.00pt;\" width=\"838\">caissi\u00e8re, caissi\u00e8re hypermarch\u00e9, caissi\u00e8re pharmacie, caissi\u00e8re papeterie, caissi\u00e8re magasin vent rouge, caissi\u00e8re fruiterie<\/td>\n<\/tr>\n<tr style=\"height: 23.25pt;\">\n<td class=\"et9\" style=\"height: 46.50pt; width: 157.00pt; border-bottom: 1.0pt solid #CCCCCC;\" rowspan=\"2\" width=\"209\" height=\"62\">Dimension<\/td>\n<td class=\"et3\" style=\"width: 629.00pt;\" width=\"838\">900mm*600mm*900mm<\/td>\n<\/tr>\n<tr style=\"height: 23.25pt;\">\n<td class=\"et3\" style=\"width: 629.00pt;\" width=\"838\">600mm*600mm*900mm<\/td>\n<\/tr>\n<tr style=\"height: 23.25pt;\">\n<td class=\"et11\" style=\"height: 114.75pt; width: 157.00pt; border-bottom: 1.0pt solid #CCCCCC;\" rowspan=\"3\" width=\"209\" height=\"153\">transaction<\/td>\n<td class=\"et3\" style=\"width: 629.00pt;\" width=\"838\">MOQ : 1 ensembles<\/td>\n<\/tr>\n<tr style=\"height: 45.75pt;\">\n<td class=\"et3\" style=\"width: 629.00pt;\" width=\"838\">Conditions de paiement\u00a0: T\/T, d\u00e9p\u00f4t 30%, solde 70% doit \u00eatre pay\u00e9 avant l&#039;exp\u00e9dition<\/td>\n<\/tr>\n<tr style=\"height: 45.75pt;\">\n<td class=\"et3\" style=\"width: 629.00pt;\" width=\"838\">D\u00e9lai d&#039;ex\u00e9cution : 1-7 jours ouvrables pour l&#039;\u00e9chantillon, 10-15 jours ouvrables pour la production en s\u00e9rie<\/td>\n<\/tr>\n<tr style=\"height: 45.75pt;\">\n<td class=\"et2\" style=\"height: 45.75pt; width: 157.00pt;\" width=\"209\" height=\"61\">Forfait<\/td>\n<td class=\"et3\" style=\"width: 629.00pt;\" width=\"838\">Emballage d\u00e9montable par carton et mousse \u00e0 bulles, emballage souple pour le transport longue distance<\/td>\n<\/tr>\n<tr style=\"height: 45.75pt;\">\n<td class=\"et2\" style=\"height: 45.75pt; width: 157.00pt;\" width=\"209\" height=\"61\">Service<\/td>\n<td class=\"et3\" style=\"width: 629.00pt;\" width=\"838\">Couleur personnalis\u00e9e, capacit\u00e9, \u00e9paisseur, raccords, conception 3D, prix direct usine<\/td>\n<\/tr>\n<\/tbody>\n<\/table>","protected":false},"excerpt":{"rendered":"<p>Product Wooden Style Supermarket Checkout Counter Color white, wood grain, grey, customized color are available Apply convenient shop cashier, grocery store cashier, general store cashier, middle-size market cashier, chain store cashier, supermarket cashier, hypermarket cashier, pharmacy shop cashier, stationery shop cashier, red wind store cashier, fruit store cashier Dimension 900mm*600mm*900mm 600mm*600mm*900mm transaction MOQ: 1 sets [&hellip;]<\/p>\n","protected":false},"featured_media":1007,"template":"","meta":[],"product_brand":[],"product_cat":[27],"product_tag":[],"class_list":{"0":"post-1006","1":"product","2":"type-product","3":"status-publish","4":"has-post-thumbnail","6":"product_cat-checkout-counter","8":"first","9":"instock","10":"shipping-taxable","11":"product-type-simple"},"_links":{"self":[{"href":"https:\/\/czd-shelves.com\/fr\/wp-json\/wp\/v2\/product\/1006","targetHints":{"allow":["GET"]}}],"collection":[{"href":"https:\/\/czd-shelves.com\/fr\/wp-json\/wp\/v2\/product"}],"about":[{"href":"https:\/\/czd-shelves.com\/fr\/wp-json\/wp\/v2\/types\/product"}],"wp:featuredmedia":[{"embeddable":true,"href":"https:\/\/czd-shelves.com\/fr\/wp-json\/wp\/v2\/media\/1007"}],"wp:attachment":[{"href":"https:\/\/czd-shelves.com\/fr\/wp-json\/wp\/v2\/media?parent=1006"}],"wp:term":[{"taxonomy":"product_brand","embeddable":true,"href":"https:\/\/czd-shelves.com\/fr\/wp-json\/wp\/v2\/product_brand?post=1006"},{"taxonomy":"product_cat","embeddable":true,"href":"https:\/\/czd-shelves.com\/fr\/wp-json\/wp\/v2\/product_cat?post=1006"},{"taxonomy":"product_tag","embeddable":true,"href":"https:\/\/czd-shelves.com\/fr\/wp-json\/wp\/v2\/product_tag?post=1006"}],"curies":[{"name":"wp","href":"https:\/\/api.w.org\/{rel}","templated":true}]}}