{"id":1000,"date":"2022-06-17T03:41:25","date_gmt":"2022-06-17T03:41:25","guid":{"rendered":"https:\/\/czd-shelves.com\/?post_type=product&#038;p=1000"},"modified":"2024-02-29T07:42:09","modified_gmt":"2024-02-29T07:42:09","slug":"supermarche-caisse-comptoir-avec-plateforme","status":"publish","type":"product","link":"https:\/\/czd-shelves.com\/fr\/product\/supermarket-cashier-counter-with-platform\/","title":{"rendered":"Supermarket Cashier Counter with Platform manufacturer &#038; supplier"},"content":{"rendered":"<table style=\"border-collapse: collapse; width: 876.02pt;\" border=\"0\" width=\"1168\" cellspacing=\"0\" cellpadding=\"0\">\n<tbody>\n<tr style=\"height: 46.00pt;\">\n<td class=\"et2\" style=\"height: 46.00pt; width: 172.50pt;\" width=\"230\" height=\"61\">Nom du produit<\/td>\n<td class=\"et3\" style=\"width: 704.00pt;\" width=\"938\">2022 Nouvelle Conception <strong>Comptoir caissier de supermarch\u00e9<\/strong> avec plate-forme<\/td>\n<\/tr>\n<tr style=\"height: 23.25pt;\">\n<td class=\"et2\" style=\"height: 23.25pt; width: 172.50pt;\" width=\"230\" height=\"31\">Mat\u00e9riel<\/td>\n<td class=\"et3\" style=\"width: 704.00pt;\" width=\"938\">Q235B Acier lamin\u00e9 \u00e0 froid + Acier inoxydable<\/td>\n<\/tr>\n<tr style=\"height: 25.00pt;\">\n<td class=\"et2\" style=\"height: 25.00pt; width: 172.50pt;\" width=\"230\" height=\"33\">Couleur<\/td>\n<td class=\"et3\" style=\"width: 704.00pt;\" width=\"938\">Bleu, rouge, noir, couleur bois, couleur personnalis\u00e9e sont disponibles<\/td>\n<\/tr>\n<tr style=\"height: 55.00pt;\">\n<td class=\"et4\" style=\"height: 106.00pt; width: 172.50pt; border-bottom: 1.0pt solid #CCCCCC;\" rowspan=\"2\" width=\"230\" height=\"141\">Appliquer<\/td>\n<td class=\"et5\" style=\"width: 704.00pt;\" width=\"938\">caissier de d\u00e9panneur, caissier d&#039;\u00e9picerie, caissier de magasin g\u00e9n\u00e9ral, caissier de march\u00e9 de taille moyenne, caissier de magasin \u00e0 succursales, supermarch\u00e9<\/td>\n<\/tr>\n<tr style=\"height: 51.00pt;\">\n<td class=\"et7\" style=\"width: 704.00pt;\" width=\"938\">caissi\u00e8re, caissi\u00e8re hypermarch\u00e9, caissi\u00e8re pharmacie, caissi\u00e8re papeterie, caissi\u00e8re magasin vent rouge, caissi\u00e8re fruiterie<\/td>\n<\/tr>\n<tr style=\"height: 23.25pt;\">\n<td class=\"et4\" style=\"height: 46.50pt; width: 172.50pt; border-bottom: 1.0pt solid #CCCCCC;\" rowspan=\"2\" width=\"230\" height=\"62\">Dimension<\/td>\n<td class=\"et3\" style=\"width: 704.00pt;\" width=\"938\">Compteur principal :1200\/1500\/1800*600*850 (mm)<\/td>\n<\/tr>\n<tr style=\"height: 23.25pt;\">\n<td class=\"et3\" style=\"width: 704.00pt;\" width=\"938\">sous-compteur\u00a0: 600*600*850 (mm)<\/td>\n<\/tr>\n<tr style=\"height: 23.25pt;\">\n<td class=\"et4\" style=\"height: 70.75pt; width: 172.50pt; border-bottom: 1.0pt solid #CCCCCC;\" rowspan=\"3\" width=\"230\" height=\"94\">transaction<\/td>\n<td class=\"et3\" style=\"width: 704.00pt;\" width=\"938\">MOQ : 1 ensembles<\/td>\n<\/tr>\n<tr style=\"height: 25.50pt;\">\n<td class=\"et3\" style=\"width: 704.00pt;\" width=\"938\">Conditions de paiement\u00a0: T\/T, d\u00e9p\u00f4t 30%, solde 70% doit \u00eatre pay\u00e9 avant l&#039;exp\u00e9dition<\/td>\n<\/tr>\n<tr style=\"height: 22.00pt;\">\n<td class=\"et3\" style=\"width: 704.00pt;\" width=\"938\">D\u00e9lai d&#039;ex\u00e9cution : 1-7 jours ouvrables pour l&#039;\u00e9chantillon, 10-15 jours ouvrables pour la production en s\u00e9rie<\/td>\n<\/tr>\n<tr style=\"height: 55.00pt;\">\n<td class=\"et2\" style=\"height: 55.00pt; width: 172.50pt;\" width=\"230\" height=\"73\">Forfait<\/td>\n<td class=\"et3\" style=\"width: 704.00pt;\" width=\"938\">Emballage d\u00e9montable par carton et mousse \u00e0 bulles, emballage souple pour le transport longue distance<\/td>\n<\/tr>\n<tr style=\"height: 28.00pt;\">\n<td class=\"et2\" style=\"height: 28.00pt; width: 172.50pt;\" width=\"230\" height=\"37\">Service<\/td>\n<td class=\"et3\" style=\"width: 704.00pt;\" width=\"938\">Couleur personnalis\u00e9e, capacit\u00e9, \u00e9paisseur, raccords, conception 3D, prix direct usine<\/td>\n<\/tr>\n<\/tbody>\n<\/table>","protected":false},"excerpt":{"rendered":"<p>Product Name 2022 New Design Supermarket Cashier Counter with Platform Material Q235B Cold-rolled steel + Stainless steel Color Blue, red, black, wood color, customized color are available Apply convenient shop cashier, grocery store cashier, general store cashier, middle-size market cashier, chain store cashier, supermarket cashier, hypermarket cashier, pharmacy shop cashier, stationery shop cashier, red wind [&hellip;]<\/p>\n","protected":false},"featured_media":1005,"template":"","meta":[],"product_brand":[],"product_cat":[27],"product_tag":[],"class_list":{"0":"post-1000","1":"product","2":"type-product","3":"status-publish","4":"has-post-thumbnail","6":"product_cat-checkout-counter","8":"first","9":"instock","10":"shipping-taxable","11":"product-type-simple"},"_links":{"self":[{"href":"https:\/\/czd-shelves.com\/fr\/wp-json\/wp\/v2\/product\/1000","targetHints":{"allow":["GET"]}}],"collection":[{"href":"https:\/\/czd-shelves.com\/fr\/wp-json\/wp\/v2\/product"}],"about":[{"href":"https:\/\/czd-shelves.com\/fr\/wp-json\/wp\/v2\/types\/product"}],"wp:featuredmedia":[{"embeddable":true,"href":"https:\/\/czd-shelves.com\/fr\/wp-json\/wp\/v2\/media\/1005"}],"wp:attachment":[{"href":"https:\/\/czd-shelves.com\/fr\/wp-json\/wp\/v2\/media?parent=1000"}],"wp:term":[{"taxonomy":"product_brand","embeddable":true,"href":"https:\/\/czd-shelves.com\/fr\/wp-json\/wp\/v2\/product_brand?post=1000"},{"taxonomy":"product_cat","embeddable":true,"href":"https:\/\/czd-shelves.com\/fr\/wp-json\/wp\/v2\/product_cat?post=1000"},{"taxonomy":"product_tag","embeddable":true,"href":"https:\/\/czd-shelves.com\/fr\/wp-json\/wp\/v2\/product_tag?post=1000"}],"curies":[{"name":"wp","href":"https:\/\/api.w.org\/{rel}","templated":true}]}}