{"id":503,"date":"2022-05-11T05:54:38","date_gmt":"2022-05-11T05:54:38","guid":{"rendered":"https:\/\/czd-shelves.com\/?page_id=503"},"modified":"2023-02-17T05:55:06","modified_gmt":"2023-02-17T05:55:06","slug":"solution-de-gros","status":"publish","type":"page","link":"https:\/\/czd-shelves.com\/fr\/wholesale-solution\/","title":{"rendered":"Vente en gros"},"content":{"rendered":"<div data-elementor-type=\"wp-page\" data-elementor-id=\"503\" class=\"elementor elementor-503\" data-elementor-post-type=\"page\">\n\t\t\t\t\t\t<section data-particle_enable=\"false\" data-particle-mobile-disabled=\"false\" class=\"elementor-section elementor-top-section elementor-element elementor-element-f87f7d8 ct-section-stretched elementor-section-height-min-height elementor-section-boxed elementor-section-height-default elementor-section-items-middle\" data-id=\"f87f7d8\" data-element_type=\"section\" data-e-type=\"section\" data-settings=\"{&quot;background_background&quot;:&quot;classic&quot;}\">\n\t\t\t\t\t\t\t<div class=\"elementor-background-overlay\"><\/div>\n\t\t\t\t\t\t\t<div class=\"elementor-container elementor-column-gap-default\">\n\t\t\t\t\t<div class=\"elementor-column elementor-col-100 elementor-top-column elementor-element elementor-element-f791e07\" data-id=\"f791e07\" data-element_type=\"column\" data-e-type=\"column\">\n\t\t\t<div class=\"elementor-widget-wrap elementor-element-populated\">\n\t\t\t\t\t\t<div class=\"elementor-element elementor-element-9421d09 elementor-widget elementor-widget-text-editor\" data-id=\"9421d09\" data-element_type=\"widget\" data-e-type=\"widget\" data-widget_type=\"text-editor.default\">\n\t\t\t\t<div class=\"elementor-widget-container\">\n\t\t\t\t\t\t\t\t\t<p><nav aria-label=\"chapelure\" class=\"rank-math-breadcrumb\"><p><span class=\"last\">Maison<\/span><\/p><\/nav><\/p>\t\t\t\t\t\t\t\t<\/div>\n\t\t\t\t<\/div>\n\t\t\t\t\t<\/div>\n\t\t<\/div>\n\t\t\t\t\t<\/div>\n\t\t<\/section>\n\t\t\t\t<section data-particle_enable=\"false\" data-particle-mobile-disabled=\"false\" class=\"elementor-section elementor-top-section elementor-element elementor-element-2f03a12 elementor-section-content-middle elementor-section-boxed elementor-section-height-default elementor-section-height-default\" data-id=\"2f03a12\" data-element_type=\"section\" data-e-type=\"section\">\n\t\t\t\t\t\t<div class=\"elementor-container elementor-column-gap-custom\">\n\t\t\t\t\t<div class=\"elementor-column elementor-col-50 elementor-top-column elementor-element elementor-element-3a5e250\" data-id=\"3a5e250\" data-element_type=\"column\" data-e-type=\"column\">\n\t\t\t<div class=\"elementor-widget-wrap elementor-element-populated\">\n\t\t\t\t\t\t<div class=\"elementor-element elementor-element-5d9bb9a elementor-widget elementor-widget-image\" data-id=\"5d9bb9a\" data-element_type=\"widget\" data-e-type=\"widget\" data-widget_type=\"image.default\">\n\t\t\t\t<div class=\"elementor-widget-container\">\n\t\t\t\t\t\t\t\t\t\t\t\t\t\t\t<img fetchpriority=\"high\" decoding=\"async\" width=\"750\" height=\"500\" src=\"https:\/\/czd-shelves.com\/wp-content\/uploads\/2022\/05\/ee57d8f8-2bc3-434b-b361-688de7555ecf.jpg\" class=\"attachment-large size-large wp-image-509\" alt=\"\" srcset=\"https:\/\/czd-shelves.com\/wp-content\/uploads\/2022\/05\/ee57d8f8-2bc3-434b-b361-688de7555ecf.jpg 750w, https:\/\/czd-shelves.com\/wp-content\/uploads\/2022\/05\/ee57d8f8-2bc3-434b-b361-688de7555ecf-300x200.jpg 300w, https:\/\/czd-shelves.com\/wp-content\/uploads\/2022\/05\/ee57d8f8-2bc3-434b-b361-688de7555ecf-600x400.jpg 600w\" sizes=\"(max-width: 750px) 100vw, 750px\" title=\"\">\t\t\t\t\t\t\t\t\t\t\t\t\t\t\t<\/div>\n\t\t\t\t<\/div>\n\t\t\t\t\t<\/div>\n\t\t<\/div>\n\t\t\t\t<div class=\"elementor-column elementor-col-50 elementor-top-column elementor-element elementor-element-e8555b8\" data-id=\"e8555b8\" data-element_type=\"column\" data-e-type=\"column\">\n\t\t\t<div class=\"elementor-widget-wrap elementor-element-populated\">\n\t\t\t\t\t\t<div class=\"elementor-element elementor-element-ad95e34 elementor-widget elementor-widget-heading\" data-id=\"ad95e34\" data-element_type=\"widget\" data-e-type=\"widget\" data-widget_type=\"heading.default\">\n\t\t\t\t<div class=\"elementor-widget-container\">\n\t\t\t\t\t<h2 class=\"elementor-heading-title elementor-size-default\">Efficace et productif<\/h2>\t\t\t\t<\/div>\n\t\t\t\t<\/div>\n\t\t\t\t<div class=\"elementor-element elementor-element-8bc4105 elementor-widget elementor-widget-text-editor\" data-id=\"8bc4105\" data-element_type=\"widget\" data-e-type=\"widget\" data-widget_type=\"text-editor.default\">\n\t\t\t\t<div class=\"elementor-widget-container\">\n\t\t\t\t\t\t\t\t\t<p>Changzhida Rack comprend la base de la vente en gros, la s\u00e9quence de succ\u00e8s et l&#039;abordabilit\u00e9 qui y est associ\u00e9e. Chez Changzhida Rack, nous offrons plusieurs remises sur l&#039;\u00e9quipement d&#039;affichage de supermarch\u00e9 en vrac, l&#039;\u00e9quipement de stockage et les commandes d&#039;\u00e9quipement d&#039;affichage commercial en magasin. Nos produits de rack en gros sont \u00e0 la fois de haute qualit\u00e9 et rentables, et nous assurons la livraison rapide de nos produits. De plus, Changzhida coop\u00e8re avec une \u00e9quipe d&#039;exp\u00e9dition de fret exp\u00e9riment\u00e9e, afin que nous puissions bien garantir le temps d&#039;exp\u00e9dition et contr\u00f4ler le co\u00fbt de la logistique.<\/p>\t\t\t\t\t\t\t\t<\/div>\n\t\t\t\t<\/div>\n\t\t\t\t\t<\/div>\n\t\t<\/div>\n\t\t\t\t\t<\/div>\n\t\t<\/section>\n\t\t\t\t<section data-particle_enable=\"false\" data-particle-mobile-disabled=\"false\" class=\"elementor-section elementor-top-section elementor-element elementor-element-d68367a elementor-section-content-middle elementor-reverse-mobile elementor-reverse-tablet elementor-section-boxed elementor-section-height-default elementor-section-height-default\" data-id=\"d68367a\" data-element_type=\"section\" data-e-type=\"section\">\n\t\t\t\t\t\t<div class=\"elementor-container elementor-column-gap-custom\">\n\t\t\t\t\t<div class=\"elementor-column elementor-col-50 elementor-top-column elementor-element elementor-element-b63c214\" data-id=\"b63c214\" data-element_type=\"column\" data-e-type=\"column\">\n\t\t\t<div class=\"elementor-widget-wrap elementor-element-populated\">\n\t\t\t\t\t\t<div class=\"elementor-element elementor-element-11bb175 elementor-widget elementor-widget-heading\" data-id=\"11bb175\" data-element_type=\"widget\" data-e-type=\"widget\" data-widget_type=\"heading.default\">\n\t\t\t\t<div class=\"elementor-widget-container\">\n\t\t\t\t\t<h2 class=\"elementor-heading-title elementor-size-default\">Un service \u00e0 guichet unique \u00e0 un prix inf\u00e9rieur<\/h2>\t\t\t\t<\/div>\n\t\t\t\t<\/div>\n\t\t\t\t<div class=\"elementor-element elementor-element-90e3d66 elementor-widget elementor-widget-text-editor\" data-id=\"90e3d66\" data-element_type=\"widget\" data-e-type=\"widget\" data-widget_type=\"text-editor.default\">\n\t\t\t\t<div class=\"elementor-widget-container\">\n\t\t\t\t\t\t\t\t\t<p>Changzhida est une usine d&#039;\u00e9quipement d&#039;affichage de supermarch\u00e9 et d&#039;entrep\u00f4t, pas une soci\u00e9t\u00e9 commerciale, ce qui signifie qu&#039;il n&#039;y a pas d&#039;interm\u00e9diaire entre nous. Contrairement \u00e0 d&#039;autres usines traditionnelles, Changzhida propose non seulement des produits d&#039;\u00e9quipement d&#039;affichage abordables, mais s&#039;efforce \u00e9galement d&#039;\u00eatre votre fournisseur de solutions de cha\u00eene d&#039;approvisionnement. Nous offrons une gamme de supermarch\u00e9s et d&#039;\u00e9quipements d&#039;affichage d&#039;entrep\u00f4t. Nos produits sont disponibles \u00e0 des prix de gros tr\u00e8s abordables et sont d&#039;excellente qualit\u00e9.<\/p><p>Changzhida peut fournir presque tout ce dont vous avez besoin pour vos importations car notre objectif professionnel n&#039;est pas seulement la fabrication finie d&#039;\u00e9quipements de supermarch\u00e9s et d&#039;entrep\u00f4ts ; nous nous effor\u00e7ons plut\u00f4t d&#039;\u00eatre une solution unique de gestion de la cha\u00eene d&#039;approvisionnement pour tous vos besoins. Cela inclut les services ODM\/OEM, l&#039;assistance \u00e0 la conception de magasins, la planification de solutions logistiques, le d\u00e9douanement et la fiscalit\u00e9, etc.<\/p>\t\t\t\t\t\t\t\t<\/div>\n\t\t\t\t<\/div>\n\t\t\t\t\t<\/div>\n\t\t<\/div>\n\t\t\t\t<div class=\"elementor-column elementor-col-50 elementor-top-column elementor-element elementor-element-19d3241\" data-id=\"19d3241\" data-element_type=\"column\" data-e-type=\"column\">\n\t\t\t<div class=\"elementor-widget-wrap elementor-element-populated\">\n\t\t\t\t\t\t<div class=\"elementor-element elementor-element-0d7cd78 elementor-widget elementor-widget-image\" data-id=\"0d7cd78\" data-element_type=\"widget\" data-e-type=\"widget\" data-widget_type=\"image.default\">\n\t\t\t\t<div class=\"elementor-widget-container\">\n\t\t\t\t\t\t\t\t\t\t\t\t\t\t\t<img decoding=\"async\" width=\"750\" height=\"500\" src=\"https:\/\/czd-shelves.com\/wp-content\/uploads\/2022\/05\/1fc25e2b-b1e1-4fc3-bd69-a30570a544ff.jpg\" class=\"attachment-large size-large wp-image-508\" alt=\"\" srcset=\"https:\/\/czd-shelves.com\/wp-content\/uploads\/2022\/05\/1fc25e2b-b1e1-4fc3-bd69-a30570a544ff.jpg 750w, https:\/\/czd-shelves.com\/wp-content\/uploads\/2022\/05\/1fc25e2b-b1e1-4fc3-bd69-a30570a544ff-300x200.jpg 300w, https:\/\/czd-shelves.com\/wp-content\/uploads\/2022\/05\/1fc25e2b-b1e1-4fc3-bd69-a30570a544ff-600x400.jpg 600w\" sizes=\"(max-width: 750px) 100vw, 750px\" title=\"\">\t\t\t\t\t\t\t\t\t\t\t\t\t\t\t<\/div>\n\t\t\t\t<\/div>\n\t\t\t\t\t<\/div>\n\t\t<\/div>\n\t\t\t\t\t<\/div>\n\t\t<\/section>\n\t\t\t\t<section data-particle_enable=\"false\" data-particle-mobile-disabled=\"false\" class=\"elementor-section elementor-top-section elementor-element elementor-element-1b1e200 elementor-section-content-middle elementor-section-boxed elementor-section-height-default elementor-section-height-default\" data-id=\"1b1e200\" data-element_type=\"section\" data-e-type=\"section\">\n\t\t\t\t\t\t<div class=\"elementor-container elementor-column-gap-custom\">\n\t\t\t\t\t<div class=\"elementor-column elementor-col-50 elementor-top-column elementor-element elementor-element-ff2cce4\" data-id=\"ff2cce4\" data-element_type=\"column\" data-e-type=\"column\">\n\t\t\t<div class=\"elementor-widget-wrap elementor-element-populated\">\n\t\t\t\t\t\t<div class=\"elementor-element elementor-element-647ced0 elementor-widget elementor-widget-image\" data-id=\"647ced0\" data-element_type=\"widget\" data-e-type=\"widget\" data-widget_type=\"image.default\">\n\t\t\t\t<div class=\"elementor-widget-container\">\n\t\t\t\t\t\t\t\t\t\t\t\t\t\t\t<img decoding=\"async\" width=\"749\" height=\"500\" src=\"https:\/\/czd-shelves.com\/wp-content\/uploads\/2022\/05\/93348357-f799-4b57-b5cc-59a3827246cb.jpg\" class=\"attachment-large size-large wp-image-507\" alt=\"\" srcset=\"https:\/\/czd-shelves.com\/wp-content\/uploads\/2022\/05\/93348357-f799-4b57-b5cc-59a3827246cb.jpg 749w, https:\/\/czd-shelves.com\/wp-content\/uploads\/2022\/05\/93348357-f799-4b57-b5cc-59a3827246cb-300x200.jpg 300w, https:\/\/czd-shelves.com\/wp-content\/uploads\/2022\/05\/93348357-f799-4b57-b5cc-59a3827246cb-600x401.jpg 600w\" sizes=\"(max-width: 749px) 100vw, 749px\" title=\"\">\t\t\t\t\t\t\t\t\t\t\t\t\t\t\t<\/div>\n\t\t\t\t<\/div>\n\t\t\t\t\t<\/div>\n\t\t<\/div>\n\t\t\t\t<div class=\"elementor-column elementor-col-50 elementor-top-column elementor-element elementor-element-defd196\" data-id=\"defd196\" data-element_type=\"column\" data-e-type=\"column\">\n\t\t\t<div class=\"elementor-widget-wrap elementor-element-populated\">\n\t\t\t\t\t\t<div class=\"elementor-element elementor-element-c7dca20 elementor-widget elementor-widget-heading\" data-id=\"c7dca20\" data-element_type=\"widget\" data-e-type=\"widget\" data-widget_type=\"heading.default\">\n\t\t\t\t<div class=\"elementor-widget-container\">\n\t\t\t\t\t<h2 class=\"elementor-heading-title elementor-size-default\">\u00c9quipement en vrac, prix de gros<\/h2>\t\t\t\t<\/div>\n\t\t\t\t<\/div>\n\t\t\t\t<div class=\"elementor-element elementor-element-1dce7e0 elementor-widget elementor-widget-text-editor\" data-id=\"1dce7e0\" data-element_type=\"widget\" data-e-type=\"widget\" data-widget_type=\"text-editor.default\">\n\t\t\t\t<div class=\"elementor-widget-container\">\n\t\t\t\t\t\t\t\t\t<p>Changzhida comprend que la commande de produits en gros avec un prix d&#039;exp\u00e9dition \u00e9lev\u00e9 peut \u00eatre un peu trop mouvement\u00e9e pour commander. Nous voulons all\u00e9ger le fardeau de nos clients et nous nous effor\u00e7ons d&#039;\u00eatre l&#039;un des fournisseurs les plus amicaux. Ainsi, Changzhida offre des remises sur la livraison en gros de colis en vrac. La remise peut aller jusqu&#039;\u00e0 30%, ce qui est un \u00e9norme coffre-fort sur les co\u00fbts et le budget sur le march\u00e9 et l&#039;\u00e8re d&#039;aujourd&#039;hui.<\/p><p>Changzhida vous livre toujours les meilleurs produits de qualit\u00e9, nous offrons des prix d&#039;exp\u00e9dition bon march\u00e9 et une cha\u00eene d&#039;approvisionnement de produits de gros de bonne qualit\u00e9. Vous pouvez ainsi vous concentrer sur l&#039;extension de votre activit\u00e9.<\/p>\t\t\t\t\t\t\t\t<\/div>\n\t\t\t\t<\/div>\n\t\t\t\t\t<\/div>\n\t\t<\/div>\n\t\t\t\t\t<\/div>\n\t\t<\/section>\n\t\t\t\t<section data-particle_enable=\"false\" data-particle-mobile-disabled=\"false\" class=\"elementor-section elementor-top-section elementor-element elementor-element-359d9d7 elementor-section-content-middle elementor-reverse-mobile elementor-reverse-tablet elementor-section-boxed elementor-section-height-default elementor-section-height-default\" data-id=\"359d9d7\" data-element_type=\"section\" data-e-type=\"section\">\n\t\t\t\t\t\t<div class=\"elementor-container elementor-column-gap-custom\">\n\t\t\t\t\t<div class=\"elementor-column elementor-col-50 elementor-top-column elementor-element elementor-element-597ae33\" data-id=\"597ae33\" data-element_type=\"column\" data-e-type=\"column\">\n\t\t\t<div class=\"elementor-widget-wrap elementor-element-populated\">\n\t\t\t\t\t\t<div class=\"elementor-element elementor-element-70404f3 elementor-widget elementor-widget-heading\" data-id=\"70404f3\" data-element_type=\"widget\" data-e-type=\"widget\" data-widget_type=\"heading.default\">\n\t\t\t\t<div class=\"elementor-widget-container\">\n\t\t\t\t\t<h2 class=\"elementor-heading-title elementor-size-default\">\u00c9chantillon gratuit bien s\u00fbr<\/h2>\t\t\t\t<\/div>\n\t\t\t\t<\/div>\n\t\t\t\t<div class=\"elementor-element elementor-element-e90fb98 elementor-widget elementor-widget-text-editor\" data-id=\"e90fb98\" data-element_type=\"widget\" data-e-type=\"widget\" data-widget_type=\"text-editor.default\">\n\t\t\t\t<div class=\"elementor-widget-container\">\n\t\t\t\t\t\t\t\t\t<p>Nous pensons que le produit lui-m\u00eame parle plus fort et il est difficile de se faire une id\u00e9e de la qualit\u00e9 de nos produits en se fiant uniquement aux descriptions textuelles. Nous ne voulons pas que quiconque d\u00e9pense une grosse somme d&#039;argent et ach\u00e8te ensuite un produit qu&#039;il n&#039;aime pas ou qui ne lui convient pas. Par cons\u00e9quent, Changzhida est heureux de fournir des \u00e9chantillons gratuits \u00e0 nos clients qui ach\u00e8tent chez nous, et ces \u00e9chantillons sont absolument de la m\u00eame qualit\u00e9 que les produits command\u00e9s en gros.<\/p><p>Vous pouvez essayer ces \u00e9chantillons avant de d\u00e9penser de l&#039;argent sur nos produits. Que vous soyez un client r\u00e9gulier ou un nouveau client, Changzhida peut vous fournir des \u00e9chantillons de certains produits que vous achetez. Ces \u00e9chantillons ne sont qu&#039;un geste exemplaire de notre service convivial. Nous voulons convaincre nos clients avec notre service et les produits eux-m\u00eames, pas seulement avec des mots.<\/p>\t\t\t\t\t\t\t\t<\/div>\n\t\t\t\t<\/div>\n\t\t\t\t\t<\/div>\n\t\t<\/div>\n\t\t\t\t<div class=\"elementor-column elementor-col-50 elementor-top-column elementor-element elementor-element-761c332\" data-id=\"761c332\" data-element_type=\"column\" data-e-type=\"column\">\n\t\t\t<div class=\"elementor-widget-wrap elementor-element-populated\">\n\t\t\t\t\t\t<div class=\"elementor-element elementor-element-b6a971e elementor-widget elementor-widget-image\" data-id=\"b6a971e\" data-element_type=\"widget\" data-e-type=\"widget\" data-widget_type=\"image.default\">\n\t\t\t\t<div class=\"elementor-widget-container\">\n\t\t\t\t\t\t\t\t\t\t\t\t\t\t\t<img loading=\"lazy\" decoding=\"async\" width=\"750\" height=\"500\" src=\"https:\/\/czd-shelves.com\/wp-content\/uploads\/2022\/05\/0495fca2-8275-481e-aa7c-dcffc43ca7f9.jpg\" class=\"attachment-large size-large wp-image-506\" alt=\"\" srcset=\"https:\/\/czd-shelves.com\/wp-content\/uploads\/2022\/05\/0495fca2-8275-481e-aa7c-dcffc43ca7f9.jpg 750w, https:\/\/czd-shelves.com\/wp-content\/uploads\/2022\/05\/0495fca2-8275-481e-aa7c-dcffc43ca7f9-300x200.jpg 300w, https:\/\/czd-shelves.com\/wp-content\/uploads\/2022\/05\/0495fca2-8275-481e-aa7c-dcffc43ca7f9-600x400.jpg 600w\" sizes=\"(max-width: 750px) 100vw, 750px\" title=\"\">\t\t\t\t\t\t\t\t\t\t\t\t\t\t\t<\/div>\n\t\t\t\t<\/div>\n\t\t\t\t\t<\/div>\n\t\t<\/div>\n\t\t\t\t\t<\/div>\n\t\t<\/section>\n\t\t\t\t<\/div>","protected":false},"excerpt":{"rendered":"<p>Effective And Productive Changzhida Rack understands the basis of wholesale, the streak of success, and affordability associated with it. We at Changzhida Rack offer multiple discounts on bulk supermarket display equipment, storage equipment, and store commercial display equipment orders. Our wholesale rack products are both high-quality and cost-effect, and we assure the timely delivery of [&hellip;]<\/p>\n","protected":false},"author":1,"featured_media":509,"parent":0,"menu_order":0,"comment_status":"closed","ping_status":"closed","template":"","meta":{"footnotes":""},"class_list":["post-503","page","type-page","status-publish","has-post-thumbnail","hentry"],"blocksy_meta":{"styles_descriptor":{"styles":{"desktop":"","tablet":"","mobile":""},"google_fonts":[],"version":6}},"_links":{"self":[{"href":"https:\/\/czd-shelves.com\/fr\/wp-json\/wp\/v2\/pages\/503","targetHints":{"allow":["GET"]}}],"collection":[{"href":"https:\/\/czd-shelves.com\/fr\/wp-json\/wp\/v2\/pages"}],"about":[{"href":"https:\/\/czd-shelves.com\/fr\/wp-json\/wp\/v2\/types\/page"}],"author":[{"embeddable":true,"href":"https:\/\/czd-shelves.com\/fr\/wp-json\/wp\/v2\/users\/1"}],"replies":[{"embeddable":true,"href":"https:\/\/czd-shelves.com\/fr\/wp-json\/wp\/v2\/comments?post=503"}],"version-history":[{"count":25,"href":"https:\/\/czd-shelves.com\/fr\/wp-json\/wp\/v2\/pages\/503\/revisions"}],"predecessor-version":[{"id":2167,"href":"https:\/\/czd-shelves.com\/fr\/wp-json\/wp\/v2\/pages\/503\/revisions\/2167"}],"wp:featuredmedia":[{"embeddable":true,"href":"https:\/\/czd-shelves.com\/fr\/wp-json\/wp\/v2\/media\/509"}],"wp:attachment":[{"href":"https:\/\/czd-shelves.com\/fr\/wp-json\/wp\/v2\/media?parent=503"}],"curies":[{"name":"wp","href":"https:\/\/api.w.org\/{rel}","templated":true}]}}