{"id":416,"date":"2022-05-10T06:54:03","date_gmt":"2022-05-10T06:54:03","guid":{"rendered":"https:\/\/czd-shelves.com\/?page_id=416"},"modified":"2023-02-17T05:48:08","modified_gmt":"2023-02-17T05:48:08","slug":"notre-usine","status":"publish","type":"page","link":"https:\/\/czd-shelves.com\/fr\/our-factory\/","title":{"rendered":"Notre usine"},"content":{"rendered":"<div data-elementor-type=\"wp-page\" data-elementor-id=\"416\" class=\"elementor elementor-416\" data-elementor-post-type=\"page\">\n\t\t\t\t\t\t<section data-particle_enable=\"false\" data-particle-mobile-disabled=\"false\" class=\"elementor-section elementor-top-section elementor-element elementor-element-8277893 ct-section-stretched elementor-section-height-min-height elementor-section-boxed elementor-section-height-default elementor-section-items-middle\" data-id=\"8277893\" data-element_type=\"section\" data-e-type=\"section\" data-settings=\"{&quot;background_background&quot;:&quot;classic&quot;}\">\n\t\t\t\t\t\t\t<div class=\"elementor-background-overlay\"><\/div>\n\t\t\t\t\t\t\t<div class=\"elementor-container elementor-column-gap-default\">\n\t\t\t\t\t<div class=\"elementor-column elementor-col-100 elementor-top-column elementor-element elementor-element-60483f6\" data-id=\"60483f6\" data-element_type=\"column\" data-e-type=\"column\">\n\t\t\t<div class=\"elementor-widget-wrap elementor-element-populated\">\n\t\t\t\t\t\t<div class=\"elementor-element elementor-element-319dd0c elementor-widget elementor-widget-text-editor\" data-id=\"319dd0c\" data-element_type=\"widget\" data-e-type=\"widget\" data-widget_type=\"text-editor.default\">\n\t\t\t\t<div class=\"elementor-widget-container\">\n\t\t\t\t\t\t\t\t\t<p><nav aria-label=\"chapelure\" class=\"rank-math-breadcrumb\"><p><span class=\"last\">Maison<\/span><\/p><\/nav><\/p>\t\t\t\t\t\t\t\t<\/div>\n\t\t\t\t<\/div>\n\t\t\t\t\t<\/div>\n\t\t<\/div>\n\t\t\t\t\t<\/div>\n\t\t<\/section>\n\t\t\t\t<section data-particle_enable=\"false\" data-particle-mobile-disabled=\"false\" class=\"elementor-section elementor-top-section elementor-element elementor-element-d7e1984 elementor-section-boxed elementor-section-height-default elementor-section-height-default\" data-id=\"d7e1984\" data-element_type=\"section\" data-e-type=\"section\">\n\t\t\t\t\t\t<div class=\"elementor-container elementor-column-gap-custom\">\n\t\t\t\t\t<div class=\"elementor-column elementor-col-50 elementor-top-column elementor-element elementor-element-e25adea\" data-id=\"e25adea\" data-element_type=\"column\" data-e-type=\"column\">\n\t\t\t<div class=\"elementor-widget-wrap elementor-element-populated\">\n\t\t\t\t\t\t<div class=\"elementor-element elementor-element-ca27c59 elementor-widget elementor-widget-text-editor\" data-id=\"ca27c59\" data-element_type=\"widget\" data-e-type=\"widget\" data-widget_type=\"text-editor.default\">\n\t\t\t\t<div class=\"elementor-widget-container\">\n\t\t\t\t\t\t\t\t\t<p>99% SATISFACTION Fabrication<\/p>\t\t\t\t\t\t\t\t<\/div>\n\t\t\t\t<\/div>\n\t\t\t\t<div class=\"elementor-element elementor-element-4dc09a2 elementor-widget elementor-widget-heading\" data-id=\"4dc09a2\" data-element_type=\"widget\" data-e-type=\"widget\" data-widget_type=\"heading.default\">\n\t\t\t\t<div class=\"elementor-widget-container\">\n\t\t\t\t\t<h2 class=\"elementor-heading-title elementor-size-default\">La principale usine qualifi\u00e9e d&#039;\u00e9quipement de supermarch\u00e9 en Chine<\/h2>\t\t\t\t<\/div>\n\t\t\t\t<\/div>\n\t\t\t\t<div class=\"elementor-element elementor-element-86c52ae elementor-widget elementor-widget-text-editor\" data-id=\"86c52ae\" data-element_type=\"widget\" data-e-type=\"widget\" data-widget_type=\"text-editor.default\">\n\t\t\t\t<div class=\"elementor-widget-container\">\n\t\t\t\t\t\t\t\t\t<p>Notre usine d&#039;\u00e9quipement de supermarch\u00e9 est \u00e9tablie depuis 20 ans, qui est l&#039;entreprise qui fabrique professionnellement des \u00e9quipements d&#039;affichage et de stockage de supermarch\u00e9. Changzhida dispose d&#039;un ensemble complet de syst\u00e8mes de production allant de la recherche et du d\u00e9veloppement, \u00e0 l&#039;achat de mat\u00e9riaux, \u00e0 la production, \u00e0 l&#039;inspection, \u00e0 l&#039;emballage et \u00e0 l&#039;exportation.<\/p><p>Tous nos travailleurs qualifi\u00e9s et exp\u00e9riment\u00e9s, un syst\u00e8me de contr\u00f4le de qualit\u00e9 strict, une \u00e9quipe de direction et une main-d&#039;\u0153uvre excellentes, et une connaissance approfondie de l&#039;\u00e9quipement d&#039;affichage de supermarch\u00e9, de l&#039;\u00e9quipement de stockage, de l&#039;industrie de l&#039;\u00e9quipement d&#039;affichage commercial de magasin sont con\u00e7us pour garantir que nos produits r\u00e9pondent aux normes internationales.<\/p>\t\t\t\t\t\t\t\t<\/div>\n\t\t\t\t<\/div>\n\t\t\t\t\t<\/div>\n\t\t<\/div>\n\t\t\t\t<div class=\"elementor-column elementor-col-50 elementor-top-column elementor-element elementor-element-cdd91e5\" data-id=\"cdd91e5\" data-element_type=\"column\" data-e-type=\"column\">\n\t\t\t<div class=\"elementor-widget-wrap elementor-element-populated\">\n\t\t\t\t\t\t<div class=\"elementor-element elementor-element-c96c347 elementor-widget elementor-widget-image\" data-id=\"c96c347\" data-element_type=\"widget\" data-e-type=\"widget\" data-widget_type=\"image.default\">\n\t\t\t\t<div class=\"elementor-widget-container\">\n\t\t\t\t\t\t\t\t\t\t\t\t\t\t\t<img fetchpriority=\"high\" decoding=\"async\" width=\"600\" height=\"600\" src=\"https:\/\/czd-shelves.com\/wp-content\/uploads\/2022\/05\/65108a9f-e122-4fe2-b630-0dc50814b931-2.jpg\" class=\"attachment-large size-large wp-image-407\" alt=\"\" srcset=\"https:\/\/czd-shelves.com\/wp-content\/uploads\/2022\/05\/65108a9f-e122-4fe2-b630-0dc50814b931-2.jpg 600w, https:\/\/czd-shelves.com\/wp-content\/uploads\/2022\/05\/65108a9f-e122-4fe2-b630-0dc50814b931-2-300x300.jpg 300w, https:\/\/czd-shelves.com\/wp-content\/uploads\/2022\/05\/65108a9f-e122-4fe2-b630-0dc50814b931-2-100x100.jpg 100w, https:\/\/czd-shelves.com\/wp-content\/uploads\/2022\/05\/65108a9f-e122-4fe2-b630-0dc50814b931-2-150x150.jpg 150w\" sizes=\"(max-width: 600px) 100vw, 600px\" title=\"\">\t\t\t\t\t\t\t\t\t\t\t\t\t\t\t<\/div>\n\t\t\t\t<\/div>\n\t\t\t\t\t<\/div>\n\t\t<\/div>\n\t\t\t\t\t<\/div>\n\t\t<\/section>\n\t\t\t\t<section data-particle_enable=\"false\" data-particle-mobile-disabled=\"false\" class=\"elementor-section elementor-top-section elementor-element elementor-element-87eea30 elementor-section-boxed elementor-section-height-default elementor-section-height-default\" data-id=\"87eea30\" data-element_type=\"section\" data-e-type=\"section\">\n\t\t\t\t\t\t<div class=\"elementor-container elementor-column-gap-default\">\n\t\t\t\t\t<div class=\"elementor-column elementor-col-100 elementor-top-column elementor-element elementor-element-e0ac13b\" data-id=\"e0ac13b\" data-element_type=\"column\" data-e-type=\"column\">\n\t\t\t<div class=\"elementor-widget-wrap elementor-element-populated\">\n\t\t\t\t\t\t<div class=\"elementor-element elementor-element-08c6552 elementor-widget elementor-widget-text-editor\" data-id=\"08c6552\" data-element_type=\"widget\" data-e-type=\"widget\" data-widget_type=\"text-editor.default\">\n\t\t\t\t<div class=\"elementor-widget-container\">\n\t\t\t\t\t\t\t\t\t<p>Galerie<\/p>\t\t\t\t\t\t\t\t<\/div>\n\t\t\t\t<\/div>\n\t\t\t\t<div class=\"elementor-element elementor-element-14ffabb elementor-widget elementor-widget-heading\" data-id=\"14ffabb\" data-element_type=\"widget\" data-e-type=\"widget\" data-widget_type=\"heading.default\">\n\t\t\t\t<div class=\"elementor-widget-container\">\n\t\t\t\t\t<h2 class=\"elementor-heading-title elementor-size-default\">Jetez un oeil \u00e0 notre usine<\/h2>\t\t\t\t<\/div>\n\t\t\t\t<\/div>\n\t\t\t\t<div class=\"elementor-element elementor-element-defbf2c gallery-spacing-custom elementor-widget elementor-widget-image-gallery\" data-id=\"defbf2c\" data-element_type=\"widget\" data-e-type=\"widget\" data-widget_type=\"image-gallery.default\">\n\t\t\t\t<div class=\"elementor-widget-container\">\n\t\t\t\t\t\t\t<div class=\"elementor-image-gallery\">\n\t\t\t<div id='gallery-1' class='gallery galleryid-416 gallery-columns-3 gallery-size-full'><figure class='gallery-item'>\n\t\t\t<div class='gallery-icon landscape'>\n\t\t\t\t<img decoding=\"async\" width=\"600\" height=\"337\" src=\"https:\/\/czd-shelves.com\/wp-content\/uploads\/2022\/06\/Yupai-Factory-1.jpg\" class=\"attachment-full size-full\" alt=\"les rayons des supermarch\u00e9s\" srcset=\"https:\/\/czd-shelves.com\/wp-content\/uploads\/2022\/06\/Yupai-Factory-1.jpg 600w, https:\/\/czd-shelves.com\/wp-content\/uploads\/2022\/06\/Yupai-Factory-1-300x169.jpg 300w\" sizes=\"(max-width: 600px) 100vw, 600px\" title=\"\">\n\t\t\t<\/div><\/figure><figure class='gallery-item'>\n\t\t\t<div class='gallery-icon landscape'>\n\t\t\t\t<img decoding=\"async\" width=\"600\" height=\"337\" src=\"https:\/\/czd-shelves.com\/wp-content\/uploads\/2022\/06\/Yupai-Factory-2.jpg\" class=\"attachment-full size-full\" alt=\"\" srcset=\"https:\/\/czd-shelves.com\/wp-content\/uploads\/2022\/06\/Yupai-Factory-2.jpg 600w, https:\/\/czd-shelves.com\/wp-content\/uploads\/2022\/06\/Yupai-Factory-2-300x169.jpg 300w\" sizes=\"(max-width: 600px) 100vw, 600px\" title=\"\">\n\t\t\t<\/div><\/figure><figure class='gallery-item'>\n\t\t\t<div class='gallery-icon landscape'>\n\t\t\t\t<img loading=\"lazy\" decoding=\"async\" width=\"600\" height=\"337\" src=\"https:\/\/czd-shelves.com\/wp-content\/uploads\/2022\/06\/Yupai-Factory-3.jpg\" class=\"attachment-full size-full\" alt=\"\" srcset=\"https:\/\/czd-shelves.com\/wp-content\/uploads\/2022\/06\/Yupai-Factory-3.jpg 600w, https:\/\/czd-shelves.com\/wp-content\/uploads\/2022\/06\/Yupai-Factory-3-300x169.jpg 300w\" sizes=\"(max-width: 600px) 100vw, 600px\" title=\"\">\n\t\t\t<\/div><\/figure>\n\t\t<\/div>\n\t\t<\/div>\n\t\t\t\t\t\t<\/div>\n\t\t\t\t<\/div>\n\t\t\t\t\t<\/div>\n\t\t<\/div>\n\t\t\t\t\t<\/div>\n\t\t<\/section>\n\t\t\t\t<section data-particle_enable=\"false\" data-particle-mobile-disabled=\"false\" class=\"elementor-section elementor-top-section elementor-element elementor-element-4cd21e1 ct-section-stretched elementor-section-height-min-height elementor-section-boxed elementor-section-height-default elementor-section-items-middle\" data-id=\"4cd21e1\" data-element_type=\"section\" data-e-type=\"section\" data-settings=\"{&quot;background_background&quot;:&quot;classic&quot;}\">\n\t\t\t\t\t\t\t<div class=\"elementor-background-overlay\"><\/div>\n\t\t\t\t\t\t\t<div class=\"elementor-container elementor-column-gap-default\">\n\t\t\t\t\t<div class=\"elementor-column elementor-col-50 elementor-top-column elementor-element elementor-element-1a6947c\" data-id=\"1a6947c\" data-element_type=\"column\" data-e-type=\"column\">\n\t\t\t<div class=\"elementor-widget-wrap elementor-element-populated\">\n\t\t\t\t\t\t<div class=\"elementor-element elementor-element-578f3b5 elementor-widget elementor-widget-text-editor\" data-id=\"578f3b5\" data-element_type=\"widget\" data-e-type=\"widget\" data-widget_type=\"text-editor.default\">\n\t\t\t\t<div class=\"elementor-widget-container\">\n\t\t\t\t\t\t\t\t\t<p>QUELQUES D\u00c9TAILS DE NOTRE USINE<\/p>\t\t\t\t\t\t\t\t<\/div>\n\t\t\t\t<\/div>\n\t\t\t\t<div class=\"elementor-element elementor-element-851f3fe elementor-widget elementor-widget-heading\" data-id=\"851f3fe\" data-element_type=\"widget\" data-e-type=\"widget\" data-widget_type=\"heading.default\">\n\t\t\t\t<div class=\"elementor-widget-container\">\n\t\t\t\t\t<h2 class=\"elementor-heading-title elementor-size-default\">Vous \u00eates invit\u00e9s \u00e0 nous rendre visite en Chine<\/h2>\t\t\t\t<\/div>\n\t\t\t\t<\/div>\n\t\t\t\t\t<\/div>\n\t\t<\/div>\n\t\t\t\t<div class=\"elementor-column elementor-col-50 elementor-top-column elementor-element elementor-element-819e1a3\" data-id=\"819e1a3\" data-element_type=\"column\" data-e-type=\"column\" data-settings=\"{&quot;background_background&quot;:&quot;classic&quot;}\">\n\t\t\t<div class=\"elementor-widget-wrap elementor-element-populated\">\n\t\t\t\t\t\t<section data-particle_enable=\"false\" data-particle-mobile-disabled=\"false\" class=\"elementor-section elementor-inner-section elementor-element elementor-element-1531eed elementor-section-boxed elementor-section-height-default elementor-section-height-default\" data-id=\"1531eed\" data-element_type=\"section\" data-e-type=\"section\">\n\t\t\t\t\t\t<div class=\"elementor-container elementor-column-gap-default\">\n\t\t\t\t\t<div class=\"elementor-column elementor-col-50 elementor-inner-column elementor-element elementor-element-321b96a\" data-id=\"321b96a\" data-element_type=\"column\" data-e-type=\"column\">\n\t\t\t<div class=\"elementor-widget-wrap elementor-element-populated\">\n\t\t\t\t\t\t<div class=\"elementor-element elementor-element-ce77005 elementor-widget elementor-widget-heading\" data-id=\"ce77005\" data-element_type=\"widget\" data-e-type=\"widget\" data-widget_type=\"heading.default\">\n\t\t\t\t<div class=\"elementor-widget-container\">\n\t\t\t\t\t<h3 class=\"elementor-heading-title elementor-size-default\">Ligne de production all\u00e9g\u00e9e<\/h3>\t\t\t\t<\/div>\n\t\t\t\t<\/div>\n\t\t\t\t<div class=\"elementor-element elementor-element-9d3dc53 elementor-widget elementor-widget-text-editor\" data-id=\"9d3dc53\" data-element_type=\"widget\" data-e-type=\"widget\" data-widget_type=\"text-editor.default\">\n\t\t\t\t<div class=\"elementor-widget-container\">\n\t\t\t\t\t\t\t\t\t<p>Comme nous sommes un fabricant d&#039;\u00e9quipements de supermarch\u00e9 personnalisables, notre usine de fabrication compte un certain nombre d&#039;employ\u00e9s qualifi\u00e9s et une gamme d&#039;\u00e9quipements avanc\u00e9s qui peuvent \u00eatre utilis\u00e9s pour fabriquer et modifier une large gamme d&#039;\u00e9quipements de supermarch\u00e9.<\/p><p>Notre usine a mis en place un certain nombre de zones d\u00e9di\u00e9es telles que la zone de tri des pi\u00e8ces, la zone d&#039;assemblage, la zone d&#039;emballage et le laboratoire de contr\u00f4le qualit\u00e9. Notre soci\u00e9t\u00e9 a optimis\u00e9 le syst\u00e8me de gestion de la production pour augmenter la capacit\u00e9 de production de 30%. L&#039;usine de fabrication de Changzhida n&#039;est pas seulement con\u00e7ue pour les produits \u00e0 volume \u00e9lev\u00e9, mais est \u00e9galement id\u00e9ale pour les \u00e9quipements de supermarch\u00e9 personnalis\u00e9s.<\/p>\t\t\t\t\t\t\t\t<\/div>\n\t\t\t\t<\/div>\n\t\t\t\t\t<\/div>\n\t\t<\/div>\n\t\t\t\t<div class=\"elementor-column elementor-col-50 elementor-inner-column elementor-element elementor-element-cd6c904\" data-id=\"cd6c904\" data-element_type=\"column\" data-e-type=\"column\" data-settings=\"{&quot;background_background&quot;:&quot;classic&quot;}\">\n\t\t\t<div class=\"elementor-widget-wrap elementor-element-populated\">\n\t\t\t\t\t\t<div class=\"elementor-element elementor-element-8abfefb elementor-widget elementor-widget-heading\" data-id=\"8abfefb\" data-element_type=\"widget\" data-e-type=\"widget\" data-widget_type=\"heading.default\">\n\t\t\t\t<div class=\"elementor-widget-container\">\n\t\t\t\t\t<h3 class=\"elementor-heading-title elementor-size-default\">Orient\u00e9 qualit\u00e9<\/h3>\t\t\t\t<\/div>\n\t\t\t\t<\/div>\n\t\t\t\t<div class=\"elementor-element elementor-element-1cca19c elementor-widget elementor-widget-text-editor\" data-id=\"1cca19c\" data-element_type=\"widget\" data-e-type=\"widget\" data-widget_type=\"text-editor.default\">\n\t\t\t\t<div class=\"elementor-widget-container\">\n\t\t\t\t\t\t\t\t\t<p>Une fabrication de qualit\u00e9 ne signifie pas n\u00e9cessairement des co\u00fbts plus \u00e9lev\u00e9s, en fait, cela signifie souvent des co\u00fbts de rappel et de garantie inf\u00e9rieurs \u00e0 mesure qu&#039;une culture de la qualit\u00e9 s&#039;installe.<\/p><p>Chez Changzhida, nous prenons au s\u00e9rieux l&#039;assurance qualit\u00e9 et le contr\u00f4le qualit\u00e9. En tant que fabricant de longue date d&#039;\u00e9quipements de supermarch\u00e9s et d&#039;\u00e9quipements d&#039;entrep\u00f4t, soumis \u00e0 des processus stricts d&#039;assurance qualit\u00e9 et de contr\u00f4le qualit\u00e9, nous avons fait nos preuves depuis des ann\u00e9es en aidant les entreprises de marques \u00e0 concevoir, d\u00e9velopper, fabriquer et lancer leurs \u00e9quipements de supermarch\u00e9s uniques sur les march\u00e9s nationaux et internationaux. Nous sommes l\u00e0 pour vous aider \u00e0 obtenir et \u00e0 maintenir une excellente fabrication et de pr\u00e9cieux \u00e9quipements d&#039;affichage de supermarch\u00e9, des \u00e9quipements de stockage, des produits d&#039;\u00e9quipement d&#039;affichage commercial de magasin.<\/p>\t\t\t\t\t\t\t\t<\/div>\n\t\t\t\t<\/div>\n\t\t\t\t\t<\/div>\n\t\t<\/div>\n\t\t\t\t\t<\/div>\n\t\t<\/section>\n\t\t\t\t<section data-particle_enable=\"false\" data-particle-mobile-disabled=\"false\" class=\"elementor-section elementor-inner-section elementor-element elementor-element-31c9610 elementor-section-boxed elementor-section-height-default elementor-section-height-default\" data-id=\"31c9610\" data-element_type=\"section\" data-e-type=\"section\">\n\t\t\t\t\t\t<div class=\"elementor-container elementor-column-gap-default\">\n\t\t\t\t\t<div class=\"elementor-column elementor-col-100 elementor-inner-column elementor-element elementor-element-46a319d\" data-id=\"46a319d\" data-element_type=\"column\" data-e-type=\"column\">\n\t\t\t<div class=\"elementor-widget-wrap elementor-element-populated\">\n\t\t\t\t\t\t<div class=\"elementor-element elementor-element-32b2a48 elementor-widget elementor-widget-heading\" data-id=\"32b2a48\" data-element_type=\"widget\" data-e-type=\"widget\" data-widget_type=\"heading.default\">\n\t\t\t\t<div class=\"elementor-widget-container\">\n\t\t\t\t\t<h3 class=\"elementor-heading-title elementor-size-default\">Bonheur des employ\u00e9s<\/h3>\t\t\t\t<\/div>\n\t\t\t\t<\/div>\n\t\t\t\t<div class=\"elementor-element elementor-element-b5ddafd elementor-widget elementor-widget-text-editor\" data-id=\"b5ddafd\" data-element_type=\"widget\" data-e-type=\"widget\" data-widget_type=\"text-editor.default\">\n\t\t\t\t<div class=\"elementor-widget-container\">\n\t\t\t\t\t\t\t\t\t<p>En tant qu&#039;usine d&#039;\u00e9quipements de supermarch\u00e9 responsable, nos produits sont haut de gamme, tout comme la vie de nos employ\u00e9s. Nous avons une excellente occasion de faire une diff\u00e9rence dans la vie de nos employ\u00e9s. Changzhida offre aux employ\u00e9s suffisamment d&#039;espace, des mat\u00e9riaux corrects et un environnement de travail confortable et agr\u00e9able. Nos employ\u00e9s travaillent heureux en usine, voici quelques-uns des efforts que nous avons d\u00e9ploy\u00e9s pour am\u00e9liorer le bien-\u00eatre de nos employ\u00e9s :<br \/>1. Assurer suffisamment de verdure dans la zone v\u00e9g\u00e9tale.<br \/>2. Fournir des mat\u00e9riaux de production s\u00fbrs et non toxiques et une protection du travail.<br \/>3. Aider nos travailleurs \u00e0 se sentir valoris\u00e9s gr\u00e2ce \u00e0 une formation continue.<br \/>4. Organiser r\u00e9guli\u00e8rement des activit\u00e9s de retrouvailles pour renforcer le sentiment d&#039;appartenance des employ\u00e9s.<\/p>\t\t\t\t\t\t\t\t<\/div>\n\t\t\t\t<\/div>\n\t\t\t\t\t<\/div>\n\t\t<\/div>\n\t\t\t\t\t<\/div>\n\t\t<\/section>\n\t\t\t\t\t<\/div>\n\t\t<\/div>\n\t\t\t\t\t<\/div>\n\t\t<\/section>\n\t\t\t\t<section data-particle_enable=\"false\" data-particle-mobile-disabled=\"false\" class=\"elementor-section elementor-top-section elementor-element elementor-element-5ac08ac elementor-section-boxed elementor-section-height-default elementor-section-height-default\" data-id=\"5ac08ac\" data-element_type=\"section\" data-e-type=\"section\">\n\t\t\t\t\t\t<div class=\"elementor-container elementor-column-gap-default\">\n\t\t\t\t\t<div class=\"elementor-column elementor-col-100 elementor-top-column elementor-element elementor-element-9191947\" data-id=\"9191947\" data-element_type=\"column\" data-e-type=\"column\">\n\t\t\t<div class=\"elementor-widget-wrap elementor-element-populated\">\n\t\t\t\t\t\t<div class=\"elementor-element elementor-element-bac13ae elementor-widget elementor-widget-text-editor\" data-id=\"bac13ae\" data-element_type=\"widget\" data-e-type=\"widget\" data-widget_type=\"text-editor.default\">\n\t\t\t\t<div class=\"elementor-widget-container\">\n\t\t\t\t\t\t\t\t\t<p>Processus de production<\/p>\t\t\t\t\t\t\t\t<\/div>\n\t\t\t\t<\/div>\n\t\t\t\t<div class=\"elementor-element elementor-element-7b82e4a elementor-widget elementor-widget-heading\" data-id=\"7b82e4a\" data-element_type=\"widget\" data-e-type=\"widget\" data-widget_type=\"heading.default\">\n\t\t\t\t<div class=\"elementor-widget-container\">\n\t\t\t\t\t<h2 class=\"elementor-heading-title elementor-size-default\">Comment les racks Changzhida sont produits<\/h2>\t\t\t\t<\/div>\n\t\t\t\t<\/div>\n\t\t\t\t<div class=\"elementor-element elementor-element-755d436 gallery-spacing-custom elementor-widget elementor-widget-image-gallery\" data-id=\"755d436\" data-element_type=\"widget\" data-e-type=\"widget\" data-widget_type=\"image-gallery.default\">\n\t\t\t\t<div class=\"elementor-widget-container\">\n\t\t\t\t\t\t\t<div class=\"elementor-image-gallery\">\n\t\t\t<div id='gallery-2' class='gallery galleryid-416 gallery-columns-3 gallery-size-full'><figure class='gallery-item'>\n\t\t\t<div class='gallery-icon landscape'>\n\t\t\t\t<img loading=\"lazy\" decoding=\"async\" width=\"600\" height=\"337\" src=\"https:\/\/czd-shelves.com\/wp-content\/uploads\/2022\/06\/22-01-Cutting-Board.jpg\" class=\"attachment-full size-full\" alt=\"Planche \u00e0 d\u00e9couper\" aria-describedby=\"gallery-2-1245\" srcset=\"https:\/\/czd-shelves.com\/wp-content\/uploads\/2022\/06\/22-01-Cutting-Board.jpg 600w, https:\/\/czd-shelves.com\/wp-content\/uploads\/2022\/06\/22-01-Cutting-Board-300x169.jpg 300w\" sizes=\"(max-width: 600px) 100vw, 600px\" title=\"\">\n\t\t\t<\/div>\n\t\t\t\t<figcaption class='wp-caption-text gallery-caption' id='gallery-2-1245'>\n\t\t\t\tPlanche \u00e0 d\u00e9couper\n\t\t\t\t<\/figcaption><\/figure><figure class='gallery-item'>\n\t\t\t<div class='gallery-icon landscape'>\n\t\t\t\t<img loading=\"lazy\" decoding=\"async\" width=\"600\" height=\"337\" src=\"https:\/\/czd-shelves.com\/wp-content\/uploads\/2022\/06\/22-02-Forming.jpg\" class=\"attachment-full size-full\" alt=\"\" aria-describedby=\"gallery-2-1244\" srcset=\"https:\/\/czd-shelves.com\/wp-content\/uploads\/2022\/06\/22-02-Forming.jpg 600w, https:\/\/czd-shelves.com\/wp-content\/uploads\/2022\/06\/22-02-Forming-300x169.jpg 300w\" sizes=\"(max-width: 600px) 100vw, 600px\" title=\"\">\n\t\t\t<\/div>\n\t\t\t\t<figcaption class='wp-caption-text gallery-caption' id='gallery-2-1244'>\n\t\t\t\tFormant\n\t\t\t\t<\/figcaption><\/figure><figure class='gallery-item'>\n\t\t\t<div class='gallery-icon landscape'>\n\t\t\t\t<img loading=\"lazy\" decoding=\"async\" width=\"600\" height=\"337\" src=\"https:\/\/czd-shelves.com\/wp-content\/uploads\/2022\/06\/22-03-Welding.jpg\" class=\"attachment-full size-full\" alt=\"\" aria-describedby=\"gallery-2-1243\" srcset=\"https:\/\/czd-shelves.com\/wp-content\/uploads\/2022\/06\/22-03-Welding.jpg 600w, https:\/\/czd-shelves.com\/wp-content\/uploads\/2022\/06\/22-03-Welding-300x169.jpg 300w\" sizes=\"(max-width: 600px) 100vw, 600px\" title=\"\">\n\t\t\t<\/div>\n\t\t\t\t<figcaption class='wp-caption-text gallery-caption' id='gallery-2-1243'>\n\t\t\t\tSoudage\n\t\t\t\t<\/figcaption><\/figure><figure class='gallery-item'>\n\t\t\t<div class='gallery-icon landscape'>\n\t\t\t\t<img loading=\"lazy\" decoding=\"async\" width=\"600\" height=\"337\" src=\"https:\/\/czd-shelves.com\/wp-content\/uploads\/2022\/06\/22-04-Coating.jpg\" class=\"attachment-full size-full\" alt=\"\" aria-describedby=\"gallery-2-1242\" srcset=\"https:\/\/czd-shelves.com\/wp-content\/uploads\/2022\/06\/22-04-Coating.jpg 600w, https:\/\/czd-shelves.com\/wp-content\/uploads\/2022\/06\/22-04-Coating-300x169.jpg 300w\" sizes=\"(max-width: 600px) 100vw, 600px\" title=\"\">\n\t\t\t<\/div>\n\t\t\t\t<figcaption class='wp-caption-text gallery-caption' id='gallery-2-1242'>\n\t\t\t\tenrobage\n\t\t\t\t<\/figcaption><\/figure><figure class='gallery-item'>\n\t\t\t<div class='gallery-icon landscape'>\n\t\t\t\t<img loading=\"lazy\" decoding=\"async\" width=\"600\" height=\"337\" src=\"https:\/\/czd-shelves.com\/wp-content\/uploads\/2022\/06\/22-05-Packing.jpg\" class=\"attachment-full size-full\" alt=\"Emballage\" aria-describedby=\"gallery-2-1241\" srcset=\"https:\/\/czd-shelves.com\/wp-content\/uploads\/2022\/06\/22-05-Packing.jpg 600w, https:\/\/czd-shelves.com\/wp-content\/uploads\/2022\/06\/22-05-Packing-300x169.jpg 300w\" sizes=\"(max-width: 600px) 100vw, 600px\" title=\"\">\n\t\t\t<\/div>\n\t\t\t\t<figcaption class='wp-caption-text gallery-caption' id='gallery-2-1241'>\n\t\t\t\tEmballage\n\t\t\t\t<\/figcaption><\/figure><figure class='gallery-item'>\n\t\t\t<div class='gallery-icon landscape'>\n\t\t\t\t<img loading=\"lazy\" decoding=\"async\" width=\"600\" height=\"337\" src=\"https:\/\/czd-shelves.com\/wp-content\/uploads\/2022\/06\/Ready-To-Ship.jpg\" class=\"attachment-full size-full\" alt=\"\" aria-describedby=\"gallery-2-1246\" srcset=\"https:\/\/czd-shelves.com\/wp-content\/uploads\/2022\/06\/Ready-To-Ship.jpg 600w, https:\/\/czd-shelves.com\/wp-content\/uploads\/2022\/06\/Ready-To-Ship-300x169.jpg 300w\" sizes=\"(max-width: 600px) 100vw, 600px\" title=\"\">\n\t\t\t<\/div>\n\t\t\t\t<figcaption class='wp-caption-text gallery-caption' id='gallery-2-1246'>\n\t\t\t\tPr\u00eat pour l&#039;exp\u00e9dition\n\t\t\t\t<\/figcaption><\/figure>\n\t\t<\/div>\n\t\t<\/div>\n\t\t\t\t\t\t<\/div>\n\t\t\t\t<\/div>\n\t\t\t\t\t<\/div>\n\t\t<\/div>\n\t\t\t\t\t<\/div>\n\t\t<\/section>\n\t\t\t\t<\/div>","protected":false},"excerpt":{"rendered":"<p>99% SATISFACTION Manufacturing The Leading Qualified Supermarket Equipment Factory In China Our supermarket equipment factory has been established for 20 years, which is the enterprise professionally manufacturing supermarket display and storage equipment. Changzhida has a full set of production system from researching &amp; developing, materials purchasing, producing, inspection, packaging and exporting. All our skilled and [&hellip;]<\/p>\n","protected":false},"author":1,"featured_media":407,"parent":0,"menu_order":0,"comment_status":"closed","ping_status":"closed","template":"","meta":{"footnotes":""},"class_list":["post-416","page","type-page","status-publish","has-post-thumbnail","hentry"],"blocksy_meta":{"styles_descriptor":{"styles":{"desktop":"","tablet":"","mobile":""},"google_fonts":[],"version":6}},"_links":{"self":[{"href":"https:\/\/czd-shelves.com\/fr\/wp-json\/wp\/v2\/pages\/416","targetHints":{"allow":["GET"]}}],"collection":[{"href":"https:\/\/czd-shelves.com\/fr\/wp-json\/wp\/v2\/pages"}],"about":[{"href":"https:\/\/czd-shelves.com\/fr\/wp-json\/wp\/v2\/types\/page"}],"author":[{"embeddable":true,"href":"https:\/\/czd-shelves.com\/fr\/wp-json\/wp\/v2\/users\/1"}],"replies":[{"embeddable":true,"href":"https:\/\/czd-shelves.com\/fr\/wp-json\/wp\/v2\/comments?post=416"}],"version-history":[{"count":28,"href":"https:\/\/czd-shelves.com\/fr\/wp-json\/wp\/v2\/pages\/416\/revisions"}],"predecessor-version":[{"id":2155,"href":"https:\/\/czd-shelves.com\/fr\/wp-json\/wp\/v2\/pages\/416\/revisions\/2155"}],"wp:featuredmedia":[{"embeddable":true,"href":"https:\/\/czd-shelves.com\/fr\/wp-json\/wp\/v2\/media\/407"}],"wp:attachment":[{"href":"https:\/\/czd-shelves.com\/fr\/wp-json\/wp\/v2\/media?parent=416"}],"curies":[{"name":"wp","href":"https:\/\/api.w.org\/{rel}","templated":true}]}}