{"id":994,"date":"2022-06-17T03:39:11","date_gmt":"2022-06-17T03:39:11","guid":{"rendered":"https:\/\/czd-shelves.com\/?post_type=product&#038;p=994"},"modified":"2022-08-18T08:15:59","modified_gmt":"2022-08-18T08:15:59","slug":"supermercado-caja-contador-con-caja-agujero","status":"publish","type":"product","link":"https:\/\/czd-shelves.com\/es\/product\/supermarket-cash-counter-with-cash-box-hole\/","title":{"rendered":"Mostrador de efectivo de supermercado con orificio para caja de efectivo"},"content":{"rendered":"<table style=\"border-collapse: collapse; width: 876.02pt;\" border=\"0\" width=\"1168\" cellspacing=\"0\" cellpadding=\"0\">\n<tbody>\n<tr style=\"height: 46.00pt;\">\n<td class=\"et2\" style=\"height: 46.00pt; width: 172.50pt;\" width=\"230\" height=\"61\">nombre del producto<\/td>\n<td class=\"et3\" style=\"width: 704.00pt;\" width=\"938\"><strong>Mostrador de efectivo de supermercado con orificio para caja de efectivo<\/strong><\/td>\n<\/tr>\n<tr style=\"height: 23.25pt;\">\n<td class=\"et2\" style=\"height: 23.25pt; width: 172.50pt;\" width=\"230\" height=\"31\">Material<\/td>\n<td class=\"et3\" style=\"width: 704.00pt;\" width=\"938\">Q235B Acero laminado en fr\u00edo + Acero inoxidable<\/td>\n<\/tr>\n<tr style=\"height: 25.00pt;\">\n<td class=\"et2\" style=\"height: 25.00pt; width: 172.50pt;\" width=\"230\" height=\"33\">Color<\/td>\n<td class=\"et3\" style=\"width: 704.00pt;\" width=\"938\">Azul, rojo, negro, color madera, color personalizado disponible<\/td>\n<\/tr>\n<tr style=\"height: 55.00pt;\">\n<td class=\"et4\" style=\"height: 106.00pt; width: 172.50pt; border-bottom: 1.0pt solid #CCCCCC;\" rowspan=\"2\" width=\"230\" height=\"141\">Aplicar<\/td>\n<td class=\"et5\" style=\"width: 704.00pt;\" width=\"938\">cajero de tienda conveniente, cajero de tienda de abarrotes, cajero de tienda general, cajero de mercado mediano, cajero de cadena de tiendas, supermercado<\/td>\n<\/tr>\n<tr style=\"height: 51.00pt;\">\n<td class=\"et7\" style=\"width: 704.00pt;\" width=\"938\">cajero, cajero de hipermercado, cajero de farmacia, cajero de papeler\u00eda, cajero de tienda de viento rojo, cajero de fruter\u00eda<\/td>\n<\/tr>\n<tr style=\"height: 23.25pt;\">\n<td class=\"et4\" style=\"height: 46.50pt; width: 172.50pt; border-bottom: 1.0pt solid #CCCCCC;\" rowspan=\"2\" width=\"230\" height=\"62\">Dimensi\u00f3n<\/td>\n<td class=\"et3\" style=\"width: 704.00pt;\" width=\"938\">Contador principal: 1200\/1500\/1800*600*850 (mm)<\/td>\n<\/tr>\n<tr style=\"height: 23.25pt;\">\n<td class=\"et3\" style=\"width: 704.00pt;\" width=\"938\">sub-contador: 600*600*850 (mm)<\/td>\n<\/tr>\n<tr style=\"height: 23.25pt;\">\n<td class=\"et4\" style=\"height: 70.75pt; width: 172.50pt; border-bottom: 1.0pt solid #CCCCCC;\" rowspan=\"3\" width=\"230\" height=\"94\">transacci\u00f3n<\/td>\n<td class=\"et3\" style=\"width: 704.00pt;\" width=\"938\">MOQ: 1 juegos<\/td>\n<\/tr>\n<tr style=\"height: 25.50pt;\">\n<td class=\"et3\" style=\"width: 704.00pt;\" width=\"938\">Plazo de pago: T\/T, dep\u00f3sito 30%, saldo 70% debe pagarse antes del env\u00edo<\/td>\n<\/tr>\n<tr style=\"height: 22.00pt;\">\n<td class=\"et3\" style=\"width: 704.00pt;\" width=\"938\">Plazo de ejecuci\u00f3n: 1-7 d\u00edas h\u00e1biles para la muestra, 10-15 d\u00edas h\u00e1biles para la producci\u00f3n en masa<\/td>\n<\/tr>\n<tr style=\"height: 55.00pt;\">\n<td class=\"et2\" style=\"height: 55.00pt; width: 172.50pt;\" width=\"230\" height=\"73\">Paquete<\/td>\n<td class=\"et3\" style=\"width: 704.00pt;\" width=\"938\">Paquete desmontable en cart\u00f3n y espuma de burbujas, embalaje suave para transporte de larga distancia<\/td>\n<\/tr>\n<tr style=\"height: 28.00pt;\">\n<td class=\"et2\" style=\"height: 28.00pt; width: 172.50pt;\" width=\"230\" height=\"37\">Servicio<\/td>\n<td class=\"et3\" style=\"width: 704.00pt;\" width=\"938\">Color personalizado, capacidad, grosor, accesorios, dise\u00f1o 3D, precio directo de f\u00e1brica<\/td>\n<\/tr>\n<\/tbody>\n<\/table>","protected":false},"excerpt":{"rendered":"<p>Product Name Supermarket Cash Counter with Cash Box Hole Material Q235B Cold-rolled steel + Stainless steel Color Blue, red, black, wood color, customized color are available Apply convenient shop cashier, grocery store cashier, general store cashier, middle-size market cashier, chain store cashier, supermarket cashier, hypermarket cashier, pharmacy shop cashier, stationery shop cashier, red wind store [&hellip;]<\/p>\n","protected":false},"featured_media":999,"template":"","meta":[],"product_brand":[],"product_cat":[27],"product_tag":[],"class_list":{"0":"post-994","1":"product","2":"type-product","3":"status-publish","4":"has-post-thumbnail","6":"product_cat-checkout-counter","8":"first","9":"instock","10":"shipping-taxable","11":"product-type-simple"},"_links":{"self":[{"href":"https:\/\/czd-shelves.com\/es\/wp-json\/wp\/v2\/product\/994","targetHints":{"allow":["GET"]}}],"collection":[{"href":"https:\/\/czd-shelves.com\/es\/wp-json\/wp\/v2\/product"}],"about":[{"href":"https:\/\/czd-shelves.com\/es\/wp-json\/wp\/v2\/types\/product"}],"wp:featuredmedia":[{"embeddable":true,"href":"https:\/\/czd-shelves.com\/es\/wp-json\/wp\/v2\/media\/999"}],"wp:attachment":[{"href":"https:\/\/czd-shelves.com\/es\/wp-json\/wp\/v2\/media?parent=994"}],"wp:term":[{"taxonomy":"product_brand","embeddable":true,"href":"https:\/\/czd-shelves.com\/es\/wp-json\/wp\/v2\/product_brand?post=994"},{"taxonomy":"product_cat","embeddable":true,"href":"https:\/\/czd-shelves.com\/es\/wp-json\/wp\/v2\/product_cat?post=994"},{"taxonomy":"product_tag","embeddable":true,"href":"https:\/\/czd-shelves.com\/es\/wp-json\/wp\/v2\/product_tag?post=994"}],"curies":[{"name":"wp","href":"https:\/\/api.w.org\/{rel}","templated":true}]}}