{"id":956,"date":"2022-06-17T03:21:45","date_gmt":"2022-06-17T03:21:45","guid":{"rendered":"https:\/\/czd-shelves.com\/?post_type=product&#038;p=956"},"modified":"2022-08-19T07:09:19","modified_gmt":"2022-08-19T07:09:19","slug":"codigo-digital-parcel-locker","status":"publish","type":"product","link":"https:\/\/czd-shelves.com\/es\/product\/digital-code-parcel-locker\/","title":{"rendered":"casillero de paquetes con c\u00f3digo digital a la venta"},"content":{"rendered":"<table width=\"1190\">\n<tbody>\n<tr>\n<td width=\"212\">nombre del producto<\/td>\n<td width=\"978\"><strong>casillero de paquetes con c\u00f3digo digital<\/strong><\/td>\n<\/tr>\n<tr>\n<td width=\"212\">Color<\/td>\n<td width=\"978\">Azul cielo\/fruta-verde\/marr\u00f3n\/gris\/blanco, personalizar<\/td>\n<\/tr>\n<tr>\n<td width=\"212\">Aplicar<\/td>\n<td width=\"978\">Armario de ropa de escuela de gimnasio inteligente electr\u00f3nico de pl\u00e1stico ABS<\/td>\n<\/tr>\n<tr>\n<td rowspan=\"3\" width=\"212\">Rasgo<\/td>\n<td width=\"978\">Se puede instalar ranura para monedas<\/td>\n<\/tr>\n<tr>\n<td width=\"978\">12\/24\/36\/48 puertas<\/td>\n<\/tr>\n<tr>\n<td width=\"978\">Acabado: placa de acero laminado en fr\u00edo de 0,8 mm\/polvo electrost\u00e1tico<br \/>\npulverizaci\u00f3n (ambiental); ventanas de policarbonato de 3 mm de espesor opcionales.<\/td>\n<\/tr>\n<tr>\n<td width=\"212\">Paquete<\/td>\n<td width=\"978\">Equipado, pel\u00edcula de pl\u00e1stico interior, cart\u00f3n corrugado de 5 capas, caja de madera. Proteja el producto de da\u00f1os<\/td>\n<\/tr>\n<tr>\n<td width=\"212\">Servicio<\/td>\n<td width=\"978\">Color personalizado, capacidad, grosor, accesorios, dise\u00f1o 3D, precio directo de f\u00e1brica<\/td>\n<\/tr>\n<tr>\n<td width=\"212\">Paquete<\/td>\n<td width=\"978\">Pel\u00edcula de burbujas para montante y viga, cart\u00f3n est\u00e1ndar para placa; o embalaje de seguridad personalizado para transporte de larga distancia<\/td>\n<\/tr>\n<tr>\n<td width=\"212\">Servicio<\/td>\n<td width=\"978\">Color personalizado, capacidad, grosor, dise\u00f1o 3D, precio directo de f\u00e1brica<\/td>\n<\/tr>\n<\/tbody>\n<\/table>","protected":false},"excerpt":{"rendered":"<p>Product Name digital code parcel locker Color Sky blue\/fruit-green\/brown\/gray\/white, customize Apply ABS Plastic Electronic Smart Gym School Clothes Locker Feature Coin slot can be installed 12\/24\/36\/48 doors Finish:\u00a00.8mm cold rolled steel plate\/Electrostatic powder (environmental) spraying;3mm thick polycarbonate windows optional. Package Equipped, lnner plastic film,5 layers corrugated carton, wooden case. Protect the product from damage Service [&hellip;]<\/p>\n","protected":false},"featured_media":959,"template":"","meta":[],"product_brand":[],"product_cat":[26],"product_tag":[],"class_list":{"0":"post-956","1":"product","2":"type-product","3":"status-publish","4":"has-post-thumbnail","6":"product_cat-locker","8":"first","9":"instock","10":"shipping-taxable","11":"product-type-simple"},"_links":{"self":[{"href":"https:\/\/czd-shelves.com\/es\/wp-json\/wp\/v2\/product\/956","targetHints":{"allow":["GET"]}}],"collection":[{"href":"https:\/\/czd-shelves.com\/es\/wp-json\/wp\/v2\/product"}],"about":[{"href":"https:\/\/czd-shelves.com\/es\/wp-json\/wp\/v2\/types\/product"}],"wp:featuredmedia":[{"embeddable":true,"href":"https:\/\/czd-shelves.com\/es\/wp-json\/wp\/v2\/media\/959"}],"wp:attachment":[{"href":"https:\/\/czd-shelves.com\/es\/wp-json\/wp\/v2\/media?parent=956"}],"wp:term":[{"taxonomy":"product_brand","embeddable":true,"href":"https:\/\/czd-shelves.com\/es\/wp-json\/wp\/v2\/product_brand?post=956"},{"taxonomy":"product_cat","embeddable":true,"href":"https:\/\/czd-shelves.com\/es\/wp-json\/wp\/v2\/product_cat?post=956"},{"taxonomy":"product_tag","embeddable":true,"href":"https:\/\/czd-shelves.com\/es\/wp-json\/wp\/v2\/product_tag?post=956"}],"curies":[{"name":"wp","href":"https:\/\/api.w.org\/{rel}","templated":true}]}}