{"id":944,"date":"2022-06-17T03:16:32","date_gmt":"2022-06-17T03:16:32","guid":{"rendered":"https:\/\/czd-shelves.com\/?post_type=product&#038;p=944"},"modified":"2022-08-18T05:46:10","modified_gmt":"2022-08-18T05:46:10","slug":"apilable-minorista-supermercado-cesta-de-la-compra","status":"publish","type":"product","link":"https:\/\/czd-shelves.com\/es\/product\/stackable-retail-grocery-store-shopping-basket\/","title":{"rendered":"Cesta de la compra de la tienda de comestibles al por menor apilable"},"content":{"rendered":"<table width=\"1250\">\n<tbody>\n<tr>\n<td width=\"177\">nombre del producto<\/td>\n<td width=\"1072\"><strong>Cesta de picnic de pl\u00e1stico Productos de supermercado Cesta de compras de tienda de comestibles al por menor apilable<\/strong><\/td>\n<\/tr>\n<tr>\n<td width=\"177\">Material<\/td>\n<td width=\"1072\">El plastico<\/td>\n<\/tr>\n<tr>\n<td width=\"177\">Color<\/td>\n<td width=\"1072\">Azul, rojo, gris, verde<\/td>\n<\/tr>\n<tr>\n<td width=\"177\">Aplicar<\/td>\n<td width=\"1072\">conveniente canasta de compras, canasta de supermercado, canasta de tienda general, canasta de mercado de tama\u00f1o mediano, canasta de cadenas de supermercados, canasta de supermercado, canasta de farmacia, canasta de papeler\u00eda, cajero de fruter\u00eda, canasta de papeler\u00eda, canasta de compras<\/td>\n<\/tr>\n<tr>\n<td rowspan=\"2\" width=\"177\">Tama\u00f1o<\/td>\n<td width=\"1072\">Grande: 28L<\/td>\n<\/tr>\n<tr>\n<td width=\"1072\">Medio: 18L<\/td>\n<\/tr>\n<tr>\n<td rowspan=\"3\" width=\"177\">transacci\u00f3n<\/td>\n<td width=\"1072\">MOQ: 1 juegos<\/td>\n<\/tr>\n<tr>\n<td width=\"1072\">Plazo de pago: T\/T, dep\u00f3sito 30%, saldo 70% debe pagarse antes del env\u00edo<\/td>\n<\/tr>\n<tr>\n<td width=\"1072\">Plazo de ejecuci\u00f3n: 1-7 d\u00edas h\u00e1biles para la muestra, 10-15 d\u00edas h\u00e1biles para la producci\u00f3n en masa<\/td>\n<\/tr>\n<tr>\n<td width=\"177\">Paquete<\/td>\n<td width=\"1072\">Paquete desmontable en cart\u00f3n y espuma de burbujas, embalaje suave para transporte de larga distancia<\/td>\n<\/tr>\n<tr>\n<td width=\"177\">Servicio<\/td>\n<td width=\"1072\">Color personalizado, capacidad, grosor, accesorios, dise\u00f1o 3D, precio directo de f\u00e1brica<\/td>\n<\/tr>\n<\/tbody>\n<\/table>","protected":false},"excerpt":{"rendered":"<p>Product Name Plastic Picnic Basket Supermarket Goods Stackable Retail Grocery Store Shopping Basket Material Plastic Color Blue, red, gray, green Apply convenient shop basket, grocery store basket, general store basket, middle-size market basket, chain store basket, supermarket basket, pharmacy shop basket, stationery shop basket,\u00a0 fruit store cashier, stationery shop basket, shopping basket Size Big: 28L [&hellip;]<\/p>\n","protected":false},"featured_media":949,"template":"","meta":[],"product_brand":[],"product_cat":[25,35],"product_tag":[],"class_list":{"0":"post-944","1":"product","2":"type-product","3":"status-publish","4":"has-post-thumbnail","6":"product_cat-shopping-basket","7":"product_cat-shopping-basket-shopping-basket","9":"first","10":"instock","11":"shipping-taxable","12":"product-type-simple"},"_links":{"self":[{"href":"https:\/\/czd-shelves.com\/es\/wp-json\/wp\/v2\/product\/944","targetHints":{"allow":["GET"]}}],"collection":[{"href":"https:\/\/czd-shelves.com\/es\/wp-json\/wp\/v2\/product"}],"about":[{"href":"https:\/\/czd-shelves.com\/es\/wp-json\/wp\/v2\/types\/product"}],"wp:featuredmedia":[{"embeddable":true,"href":"https:\/\/czd-shelves.com\/es\/wp-json\/wp\/v2\/media\/949"}],"wp:attachment":[{"href":"https:\/\/czd-shelves.com\/es\/wp-json\/wp\/v2\/media?parent=944"}],"wp:term":[{"taxonomy":"product_brand","embeddable":true,"href":"https:\/\/czd-shelves.com\/es\/wp-json\/wp\/v2\/product_brand?post=944"},{"taxonomy":"product_cat","embeddable":true,"href":"https:\/\/czd-shelves.com\/es\/wp-json\/wp\/v2\/product_cat?post=944"},{"taxonomy":"product_tag","embeddable":true,"href":"https:\/\/czd-shelves.com\/es\/wp-json\/wp\/v2\/product_tag?post=944"}],"curies":[{"name":"wp","href":"https:\/\/api.w.org\/{rel}","templated":true}]}}