{"id":938,"date":"2022-06-17T03:14:20","date_gmt":"2022-06-17T03:14:20","guid":{"rendered":"https:\/\/czd-shelves.com\/?post_type=product&#038;p=938"},"modified":"2022-08-18T05:46:19","modified_gmt":"2022-08-18T05:46:19","slug":"cesta-de-plastico-de-supermercado","status":"publish","type":"product","link":"https:\/\/czd-shelves.com\/es\/product\/supermarket-plastic-carry-basket\/","title":{"rendered":"Cesta de transporte de pl\u00e1stico para supermercado"},"content":{"rendered":"<table width=\"1257\">\n<tbody>\n<tr>\n<td width=\"196\">nombre del producto<\/td>\n<td width=\"1060\"><strong>Accesorio de supermercado, cesta de transporte de pl\u00e1stico para supermercado, cestas de mano, cesta de la compra para tienda con dos asas de Metal<\/strong><\/td>\n<\/tr>\n<tr>\n<td width=\"196\">Material<\/td>\n<td width=\"1060\">Mango de pl\u00e1stico + metal<\/td>\n<\/tr>\n<tr>\n<td width=\"196\">Color<\/td>\n<td width=\"1060\">Azul, rojo, gris, verde<\/td>\n<\/tr>\n<tr>\n<td width=\"196\">Aplicar<\/td>\n<td width=\"1060\">conveniente canasta de compras, canasta de supermercado, canasta de tienda general, canasta de mercado de tama\u00f1o mediano, canasta de cadenas de supermercados, canasta de supermercado, canasta de farmacia, canasta de papeler\u00eda, cajero de fruter\u00eda, canasta de papeler\u00eda, canasta de compras<\/td>\n<\/tr>\n<tr>\n<td rowspan=\"2\" width=\"196\">Tama\u00f1o<\/td>\n<td width=\"1060\">Grande: 28L<\/td>\n<\/tr>\n<tr>\n<td width=\"1060\">Medio: 18L<\/td>\n<\/tr>\n<tr>\n<td rowspan=\"3\" width=\"196\">transacci\u00f3n<\/td>\n<td width=\"1060\">MOQ: 1 juegos<\/td>\n<\/tr>\n<tr>\n<td width=\"1060\">Plazo de pago: T\/T, dep\u00f3sito 30%, saldo 70% debe pagarse antes del env\u00edo<\/td>\n<\/tr>\n<tr>\n<td width=\"1060\">Plazo de ejecuci\u00f3n: 1-7 d\u00edas h\u00e1biles para la muestra, 10-15 d\u00edas h\u00e1biles para la producci\u00f3n en masa<\/td>\n<\/tr>\n<tr>\n<td width=\"196\">Paquete<\/td>\n<td width=\"1060\">Paquete desmontable en cart\u00f3n y espuma de burbujas, embalaje suave para transporte de larga distancia<\/td>\n<\/tr>\n<tr>\n<td width=\"196\">Servicio<\/td>\n<td width=\"1060\">Color personalizado, capacidad, grosor, accesorios, dise\u00f1o 3D, precio directo de f\u00e1brica<\/td>\n<\/tr>\n<\/tbody>\n<\/table>","protected":false},"excerpt":{"rendered":"<p>Product Name Supermarket Accessory Supermarket Plastic Carry Basket Hand Baskets Store Shopping Basket With Two Metal Handles Material Plastic+ metal handle Color Blue, red, gray, green Apply convenient shop basket, grocery store basket, general store basket, middle-size market basket, chain store basket, supermarket basket, pharmacy shop basket, stationery shop basket,\u00a0 fruit store cashier, stationery shop [&hellip;]<\/p>\n","protected":false},"featured_media":942,"template":"","meta":[],"product_brand":[],"product_cat":[25,35],"product_tag":[],"class_list":{"0":"post-938","1":"product","2":"type-product","3":"status-publish","4":"has-post-thumbnail","6":"product_cat-shopping-basket","7":"product_cat-shopping-basket-shopping-basket","9":"first","10":"instock","11":"shipping-taxable","12":"product-type-simple"},"_links":{"self":[{"href":"https:\/\/czd-shelves.com\/es\/wp-json\/wp\/v2\/product\/938","targetHints":{"allow":["GET"]}}],"collection":[{"href":"https:\/\/czd-shelves.com\/es\/wp-json\/wp\/v2\/product"}],"about":[{"href":"https:\/\/czd-shelves.com\/es\/wp-json\/wp\/v2\/types\/product"}],"wp:featuredmedia":[{"embeddable":true,"href":"https:\/\/czd-shelves.com\/es\/wp-json\/wp\/v2\/media\/942"}],"wp:attachment":[{"href":"https:\/\/czd-shelves.com\/es\/wp-json\/wp\/v2\/media?parent=938"}],"wp:term":[{"taxonomy":"product_brand","embeddable":true,"href":"https:\/\/czd-shelves.com\/es\/wp-json\/wp\/v2\/product_brand?post=938"},{"taxonomy":"product_cat","embeddable":true,"href":"https:\/\/czd-shelves.com\/es\/wp-json\/wp\/v2\/product_cat?post=938"},{"taxonomy":"product_tag","embeddable":true,"href":"https:\/\/czd-shelves.com\/es\/wp-json\/wp\/v2\/product_tag?post=938"}],"curies":[{"name":"wp","href":"https:\/\/api.w.org\/{rel}","templated":true}]}}