{"id":926,"date":"2022-06-17T03:08:30","date_gmt":"2022-06-17T03:08:30","guid":{"rendered":"https:\/\/czd-shelves.com\/?post_type=product&#038;p=926"},"modified":"2022-08-18T05:46:33","modified_gmt":"2022-08-18T05:46:33","slug":"cesta-de-la-compra-de-plastico-tipo-traccion-en-las-cuatro-ruedas-para-tienda-supermercado-2","status":"publish","type":"product","link":"https:\/\/czd-shelves.com\/es\/product\/four-wheel-pull-type-plastic-shopping-basket-for-store-supermarket-2\/","title":{"rendered":"Tipo cesta de compras pl\u00e1stica del tir\u00f3n de cuatro ruedas para la tienda\/el supermercado"},"content":{"rendered":"<table width=\"1046\">\n<tbody>\n<tr>\n<td width=\"206\">nombre del producto<\/td>\n<td width=\"839\"><strong>Tipo cesta de compras pl\u00e1stica del tir\u00f3n de cuatro ruedas para la tienda\/el supermercado<\/strong><\/td>\n<\/tr>\n<tr>\n<td width=\"206\">Color<\/td>\n<td width=\"839\">Rojo, azul, gris, verde, personalizaci\u00f3n<\/td>\n<\/tr>\n<tr>\n<td width=\"206\">Aplicar<\/td>\n<td width=\"839\">cesta de la compra del supermercado; cesta de la tienda al por menor, cesta de la compra de pl\u00e1stico<\/td>\n<\/tr>\n<tr>\n<td width=\"206\">capacidad<\/td>\n<td width=\"839\">45L\/35L<\/td>\n<\/tr>\n<tr>\n<td width=\"206\">Material<\/td>\n<td width=\"839\">El plastico<\/td>\n<\/tr>\n<tr>\n<td rowspan=\"2\" width=\"206\">Dimensi\u00f3n<\/td>\n<td width=\"839\">45 L: 50*35,5*36 cm<\/td>\n<\/tr>\n<tr>\n<td width=\"839\">35 L: 49*32*34 cm<\/td>\n<\/tr>\n<tr>\n<td rowspan=\"3\" width=\"206\">transacci\u00f3n<\/td>\n<td width=\"839\">MOQ: 50 juegos<\/td>\n<\/tr>\n<tr>\n<td width=\"839\">Plazo de pago: T\/T, dep\u00f3sito 30%, saldo 70% debe pagarse antes del env\u00edo<\/td>\n<\/tr>\n<tr>\n<td width=\"839\">Plazo de ejecuci\u00f3n: 1-7 d\u00edas h\u00e1biles para la muestra, 10-15 d\u00edas h\u00e1biles para la producci\u00f3n en masa<\/td>\n<\/tr>\n<tr>\n<td width=\"206\">Paquete<\/td>\n<td width=\"839\">Paquete desmontable en cart\u00f3n y espuma de burbujas, embalaje suave para transporte de larga distancia<\/td>\n<\/tr>\n<\/tbody>\n<\/table>","protected":false},"excerpt":{"rendered":"<p>Product Name Four Wheel Pull Type Plastic Shopping Basket For Store\/Supermarket Color Red, Blue, Grey, Green, customization Apply supermarket shopping basket;retail store basket, plastic shopping basket capacity 45L\/35L Material Plastic Dimension 45L:50*35.5*36cm 35L:49*32*34cm transaction MOQ:\u00a0 50 sets Payment term: T\/T, 30% deposit, 70% balance should be paid before shipment Lead time: 1-7 working days for [&hellip;]<\/p>\n","protected":false},"featured_media":931,"template":"","meta":[],"product_brand":[],"product_cat":[25,34],"product_tag":[],"class_list":{"0":"post-926","1":"product","2":"type-product","3":"status-publish","4":"has-post-thumbnail","6":"product_cat-shopping-basket","7":"product_cat-shopping-basket-with-wheels","9":"first","10":"instock","11":"shipping-taxable","12":"product-type-simple"},"_links":{"self":[{"href":"https:\/\/czd-shelves.com\/es\/wp-json\/wp\/v2\/product\/926","targetHints":{"allow":["GET"]}}],"collection":[{"href":"https:\/\/czd-shelves.com\/es\/wp-json\/wp\/v2\/product"}],"about":[{"href":"https:\/\/czd-shelves.com\/es\/wp-json\/wp\/v2\/types\/product"}],"wp:featuredmedia":[{"embeddable":true,"href":"https:\/\/czd-shelves.com\/es\/wp-json\/wp\/v2\/media\/931"}],"wp:attachment":[{"href":"https:\/\/czd-shelves.com\/es\/wp-json\/wp\/v2\/media?parent=926"}],"wp:term":[{"taxonomy":"product_brand","embeddable":true,"href":"https:\/\/czd-shelves.com\/es\/wp-json\/wp\/v2\/product_brand?post=926"},{"taxonomy":"product_cat","embeddable":true,"href":"https:\/\/czd-shelves.com\/es\/wp-json\/wp\/v2\/product_cat?post=926"},{"taxonomy":"product_tag","embeddable":true,"href":"https:\/\/czd-shelves.com\/es\/wp-json\/wp\/v2\/product_tag?post=926"}],"curies":[{"name":"wp","href":"https:\/\/api.w.org\/{rel}","templated":true}]}}