{"id":895,"date":"2022-06-17T02:40:38","date_gmt":"2022-06-17T02:40:38","guid":{"rendered":"https:\/\/czd-shelves.com\/?post_type=product&#038;p=895"},"modified":"2022-08-18T05:47:00","modified_gmt":"2022-08-18T05:47:00","slug":"carro-de-la-compra-con-cesta-de-la-compra","status":"publish","type":"product","link":"https:\/\/czd-shelves.com\/es\/product\/shopping-cart-with-shopping-basket\/","title":{"rendered":"Carro de la compra con cesta de la compra"},"content":{"rendered":"<table width=\"1080\">\n<tbody>\n<tr>\n<td width=\"206\">nombre del producto<\/td>\n<td width=\"874\"><strong>\u00a0Carro de la compra con cesta de la compra<\/strong><\/td>\n<\/tr>\n<tr>\n<td width=\"206\">Material<\/td>\n<td width=\"874\">Acero<\/td>\n<\/tr>\n<tr>\n<td width=\"206\">Color<\/td>\n<td width=\"874\">Rojo, azul, negro, verde<\/td>\n<\/tr>\n<tr>\n<td width=\"206\">Aplicar<\/td>\n<td width=\"874\">carrito de tienda conveniente, carrito de tienda de comestibles, carrito de tienda general, carrito de mercado de tama\u00f1o mediano, carrito de compras de cadena, carrito de compras de supermercado, carrito de compras<\/td>\n<\/tr>\n<tr>\n<td width=\"206\">Tama\u00f1o<\/td>\n<td width=\"874\">125L, 150L, 180L, 210L, 240L<\/td>\n<\/tr>\n<tr>\n<td rowspan=\"3\" width=\"206\">transacci\u00f3n<\/td>\n<td width=\"874\">MOQ: 100 juegos<\/td>\n<\/tr>\n<tr>\n<td width=\"874\">Plazo de pago: T\/T, dep\u00f3sito 30%, saldo 70% debe pagarse antes del env\u00edo<\/td>\n<\/tr>\n<tr>\n<td width=\"874\">Plazo de ejecuci\u00f3n: 1-7 d\u00edas h\u00e1biles para la muestra, 10-15 d\u00edas h\u00e1biles para la producci\u00f3n en masa<\/td>\n<\/tr>\n<tr>\n<td width=\"206\">Paquete<\/td>\n<td width=\"874\">Paquete desmontable en cart\u00f3n y espuma de bubbe, embalaje seguro para transporte de larga distancia<\/td>\n<\/tr>\n<tr>\n<td width=\"206\">Servicio<\/td>\n<td width=\"874\">Color personalizado, capacidad, grosor, accesorios, dise\u00f1o 3D, precio directo de f\u00e1brica<\/td>\n<\/tr>\n<\/tbody>\n<\/table>","protected":false},"excerpt":{"rendered":"<p>Product Name \u00a0Shopping cart with shopping basket Material Steel Color Red, blue, black, Green Apply convenient shop trolley, grocery store trolley, general store trolley, middle-size market trolley, chain store shopping cart,supermarket shopping cart,\u00a0 shopping cart trolley Size 125L, 150L, 180L, 210L, 240L transaction MOQ: 100 sets Payment term: T\/T, 30% deposit, 70% balance should be [&hellip;]<\/p>\n","protected":false},"featured_media":900,"template":"","meta":[],"product_brand":[],"product_cat":[24],"product_tag":[],"class_list":{"0":"post-895","1":"product","2":"type-product","3":"status-publish","4":"has-post-thumbnail","6":"product_cat-shopping-cart","8":"first","9":"instock","10":"shipping-taxable","11":"product-type-simple"},"_links":{"self":[{"href":"https:\/\/czd-shelves.com\/es\/wp-json\/wp\/v2\/product\/895","targetHints":{"allow":["GET"]}}],"collection":[{"href":"https:\/\/czd-shelves.com\/es\/wp-json\/wp\/v2\/product"}],"about":[{"href":"https:\/\/czd-shelves.com\/es\/wp-json\/wp\/v2\/types\/product"}],"wp:featuredmedia":[{"embeddable":true,"href":"https:\/\/czd-shelves.com\/es\/wp-json\/wp\/v2\/media\/900"}],"wp:attachment":[{"href":"https:\/\/czd-shelves.com\/es\/wp-json\/wp\/v2\/media?parent=895"}],"wp:term":[{"taxonomy":"product_brand","embeddable":true,"href":"https:\/\/czd-shelves.com\/es\/wp-json\/wp\/v2\/product_brand?post=895"},{"taxonomy":"product_cat","embeddable":true,"href":"https:\/\/czd-shelves.com\/es\/wp-json\/wp\/v2\/product_cat?post=895"},{"taxonomy":"product_tag","embeddable":true,"href":"https:\/\/czd-shelves.com\/es\/wp-json\/wp\/v2\/product_tag?post=895"}],"curies":[{"name":"wp","href":"https:\/\/api.w.org\/{rel}","templated":true}]}}