{"id":879,"date":"2022-06-17T02:17:10","date_gmt":"2022-06-17T02:17:10","guid":{"rendered":"https:\/\/czd-shelves.com\/?post_type=product&#038;p=879"},"modified":"2022-08-19T07:30:52","modified_gmt":"2022-08-19T07:30:52","slug":"estante-en-estante","status":"publish","type":"product","link":"https:\/\/czd-shelves.com\/es\/product\/rack-in-rack\/","title":{"rendered":"Estante de supermercado en estante"},"content":{"rendered":"<h4>Especificaci\u00f3n<\/h4>\n<ol>\n<li>El estante est\u00e1 hecho de acero de alta calidad con acabado de rociado est\u00e1tico, tiene una construcci\u00f3n s\u00f3lida y una apariencia antioxidante.<\/li>\n<li>Es de f\u00e1cil montaje y desmontaje, muy utilizado en supermercados, farmacias y grandes almacenes.<\/li>\n<li>Cada pantalla se puede fabricar de acuerdo con los requisitos del cliente.<\/li>\n<li>Los diferentes tama\u00f1os de color, las capas y el grosor del material son opcionales.<\/li>\n<\/ol>\n<ul>\n<li style=\"list-style-type: none;\">\n<ul>\n<li>Grosor del tablero trasero: 0,4 mm-1,2 mm<\/li>\n<li>Grosor de la capa: 0,5 mm-1,2 mm<\/li>\n<\/ul>\n<\/li>\n<\/ul>\n<ol start=\"5\">\n<li>Equipado con diferentes accesorios.<\/li>\n<\/ol>\n<h4>Ventajas<\/h4>\n<ol>\n<li>Sin tama\u00f1o fijo, podemos producir seg\u00fan las solicitudes del cliente.<\/li>\n<li>Diferentes espesores de material est\u00e1n disponibles para diferentes capacidades de carga<\/li>\n<li>F\u00e1cil de montar y desmontar, no requiere herramientas. Cada capa del estante se puede ajustar libremente<\/li>\n<li>Tiempo de entrega r\u00e1pido y env\u00edo<\/li>\n<\/ol>","protected":false},"excerpt":{"rendered":"<p>Los estantes de los supermercados ocupan poco espacio. Las capas se pueden ajustar al azar, tambi\u00e9n con ventajas de rapidez.<\/p>\n<p>Desmontaje o montaje, firme, duradero. Estos estantes se utilizan principalmente en los supermercados. La disposici\u00f3n de la posici\u00f3n alta-baja de cada capa se puede ajustar de acuerdo con la dimensi\u00f3n de los diferentes productos b\u00e1sicos, nuestros estantes ayudan al vendedor a lograr un efecto de exhibici\u00f3n de productos perfecto y lograr una buena venta.<\/p>","protected":false},"featured_media":880,"template":"","meta":[],"product_brand":[],"product_cat":[22,32],"product_tag":[],"class_list":{"0":"post-879","1":"product","2":"type-product","3":"status-publish","4":"has-post-thumbnail","6":"product_cat-supermarket-equipment","7":"product_cat-rack-in-rack","9":"first","10":"instock","11":"shipping-taxable","12":"product-type-simple"},"_links":{"self":[{"href":"https:\/\/czd-shelves.com\/es\/wp-json\/wp\/v2\/product\/879","targetHints":{"allow":["GET"]}}],"collection":[{"href":"https:\/\/czd-shelves.com\/es\/wp-json\/wp\/v2\/product"}],"about":[{"href":"https:\/\/czd-shelves.com\/es\/wp-json\/wp\/v2\/types\/product"}],"wp:featuredmedia":[{"embeddable":true,"href":"https:\/\/czd-shelves.com\/es\/wp-json\/wp\/v2\/media\/880"}],"wp:attachment":[{"href":"https:\/\/czd-shelves.com\/es\/wp-json\/wp\/v2\/media?parent=879"}],"wp:term":[{"taxonomy":"product_brand","embeddable":true,"href":"https:\/\/czd-shelves.com\/es\/wp-json\/wp\/v2\/product_brand?post=879"},{"taxonomy":"product_cat","embeddable":true,"href":"https:\/\/czd-shelves.com\/es\/wp-json\/wp\/v2\/product_cat?post=879"},{"taxonomy":"product_tag","embeddable":true,"href":"https:\/\/czd-shelves.com\/es\/wp-json\/wp\/v2\/product_tag?post=879"}],"curies":[{"name":"wp","href":"https:\/\/api.w.org\/{rel}","templated":true}]}}