{"id":844,"date":"2022-06-17T01:50:15","date_gmt":"2022-06-17T01:50:15","guid":{"rendered":"https:\/\/czd-shelves.com\/?post_type=product&#038;p=844"},"modified":"2022-08-19T08:14:56","modified_gmt":"2022-08-19T08:14:56","slug":"expositor-de-papeleria-de-acero","status":"publish","type":"product","link":"https:\/\/czd-shelves.com\/es\/product\/steel-stationery-shop-display-rack\/","title":{"rendered":"Estante de exhibici\u00f3n de papeler\u00eda de acero para la venta"},"content":{"rendered":"<table width=\"1196\">\n<tbody>\n<tr>\n<td width=\"206\">nombre del producto<\/td>\n<td width=\"990\">Estanter\u00eda de venta al por menor estante de supermercado g\u00f3ndola estante de exhibici\u00f3n de tienda de papeler\u00eda de acero de madera<\/td>\n<\/tr>\n<tr>\n<td width=\"206\">Material<\/td>\n<td width=\"990\">Q235B Acero laminado en fr\u00edo o con madera<\/td>\n<\/tr>\n<tr>\n<td width=\"206\">Accesorio<\/td>\n<td width=\"990\">Gancho, tubo de carga, etiqueta de precio, tap\u00f3n, caja de luz LED<\/td>\n<\/tr>\n<tr>\n<td width=\"206\">Color<\/td>\n<td width=\"990\">Disponible en blanco, gris, negro, color madera, brillo personalizado o color mate<\/td>\n<\/tr>\n<tr>\n<td rowspan=\"2\" width=\"206\">Aplicar<\/td>\n<td width=\"990\">Estante de tienda conveniente, puesto de tienda de abarrotes, estante de exhibici\u00f3n de tienda general, muebles de mercado de tama\u00f1o mediano, estante de cadena de tienda, supermercado<\/td>\n<\/tr>\n<tr>\n<td width=\"990\">estante, estanter\u00eda de farmacia, estante de papeler\u00eda, estante de exhibici\u00f3n de cuidado de la madre<\/td>\n<\/tr>\n<tr>\n<td rowspan=\"4\" width=\"206\">Rasgo<\/td>\n<td width=\"990\">Capacidad: 30-35 kg<\/td>\n<\/tr>\n<tr>\n<td width=\"990\">capa: Est\u00e1ndar 5 (base + 4 capas)<\/td>\n<\/tr>\n<tr>\n<td width=\"990\">Acabado: recubrimiento de polvo duradero + madera<\/td>\n<\/tr>\n<tr>\n<td width=\"990\">Tratamiento Superficial: Decapado y Fosfatado<\/td>\n<\/tr>\n<tr>\n<td rowspan=\"4\" width=\"206\">Dimensi\u00f3n<\/td>\n<td width=\"990\">largo: 600\/900<\/td>\n<\/tr>\n<tr>\n<td width=\"990\">Ancho: 300\/350 mm (un solo lado)<\/td>\n<\/tr>\n<tr>\n<td width=\"990\">600\/700 mm (doble cara)<\/td>\n<\/tr>\n<tr>\n<td width=\"990\">H: 1150\/1350\/1550\/1750\/1950\/2150 mm<\/td>\n<\/tr>\n<tr>\n<td rowspan=\"3\" width=\"206\">transacci\u00f3n<\/td>\n<td width=\"990\">MOQ: 10 juegos<\/td>\n<\/tr>\n<tr>\n<td width=\"990\">Plazo de pago: T\/T, dep\u00f3sito 30%, saldo 70% debe pagarse antes del env\u00edo<\/td>\n<\/tr>\n<tr>\n<td width=\"990\">Plazo de ejecuci\u00f3n: 1-7 d\u00edas h\u00e1biles para la muestra, 10-15 d\u00edas h\u00e1biles para la producci\u00f3n en masa<\/td>\n<\/tr>\n<tr>\n<td width=\"206\">Paquete<\/td>\n<td width=\"990\">Paquete desmontable en cart\u00f3n y espuma de bubbe, embalaje seguro para transporte de larga distancia<\/td>\n<\/tr>\n<tr>\n<td width=\"206\">Servicio<\/td>\n<td width=\"990\">Color personalizado, capacidad, grosor, accesorios, dise\u00f1o 3D, precio directo de f\u00e1brica<\/td>\n<\/tr>\n<tr>\n<td width=\"206\">Paquete<\/td>\n<td width=\"990\">Pel\u00edcula de burbujas para montante y viga, cart\u00f3n est\u00e1ndar para placa; o embalaje de seguridad personalizado para transporte de larga distancia<\/td>\n<\/tr>\n<tr>\n<td width=\"206\">Servicio<\/td>\n<td width=\"990\">Color personalizado, capacidad, grosor, dise\u00f1o 3D, precio directo de f\u00e1brica<\/td>\n<\/tr>\n<\/tbody>\n<\/table>","protected":false},"excerpt":{"rendered":"<p>Product Name retail shelving supermarket shelf gondola wooden steel stationery shop display rack Material Q235B Cold-rolled steel or with wood Accessory Hook, loading tube, price tag, stopper, LED light box Color White, gray, black, wood color, customized gloss or matt color are available Apply convenient shop rack, grocery store stand, general store display rack, middle-size [&hellip;]<\/p>\n","protected":false},"featured_media":849,"template":"","meta":[],"product_brand":[],"product_cat":[22,28],"product_tag":[],"class_list":{"0":"post-844","1":"product","2":"type-product","3":"status-publish","4":"has-post-thumbnail","6":"product_cat-supermarket-equipment","7":"product_cat-supermarket-shelves","9":"first","10":"instock","11":"shipping-taxable","12":"product-type-simple"},"_links":{"self":[{"href":"https:\/\/czd-shelves.com\/es\/wp-json\/wp\/v2\/product\/844","targetHints":{"allow":["GET"]}}],"collection":[{"href":"https:\/\/czd-shelves.com\/es\/wp-json\/wp\/v2\/product"}],"about":[{"href":"https:\/\/czd-shelves.com\/es\/wp-json\/wp\/v2\/types\/product"}],"wp:featuredmedia":[{"embeddable":true,"href":"https:\/\/czd-shelves.com\/es\/wp-json\/wp\/v2\/media\/849"}],"wp:attachment":[{"href":"https:\/\/czd-shelves.com\/es\/wp-json\/wp\/v2\/media?parent=844"}],"wp:term":[{"taxonomy":"product_brand","embeddable":true,"href":"https:\/\/czd-shelves.com\/es\/wp-json\/wp\/v2\/product_brand?post=844"},{"taxonomy":"product_cat","embeddable":true,"href":"https:\/\/czd-shelves.com\/es\/wp-json\/wp\/v2\/product_cat?post=844"},{"taxonomy":"product_tag","embeddable":true,"href":"https:\/\/czd-shelves.com\/es\/wp-json\/wp\/v2\/product_tag?post=844"}],"curies":[{"name":"wp","href":"https:\/\/api.w.org\/{rel}","templated":true}]}}