{"id":818,"date":"2022-06-17T01:01:47","date_gmt":"2022-06-17T01:01:47","guid":{"rendered":"https:\/\/czd-shelves.com\/?post_type=product&#038;p=818"},"modified":"2022-08-19T08:21:09","modified_gmt":"2022-08-19T08:21:09","slug":"estante-de-supermercado-con-armario-de-madera-y-luz-led","status":"publish","type":"product","link":"https:\/\/czd-shelves.com\/es\/product\/supermarket-shelf-with-wooden-cabinet-and-led-light\/","title":{"rendered":"Estante de supermercado con gabinete de madera y luz LED"},"content":{"rendered":"<table width=\"1089\">\n<tbody>\n<tr>\n<td width=\"193\">Nombre del producto<\/td>\n<td colspan=\"4\" width=\"896\">Estantes de supermercado, estantes de exhibici\u00f3n, economato, tienda de conveniencia, estantes combinados de madera y acero multicapa<\/td>\n<\/tr>\n<tr>\n<td rowspan=\"8\" width=\"193\">Caracter\u00edsticas<\/td>\n<td colspan=\"4\" width=\"896\">Material: acero laminado en fr\u00edo<\/td>\n<\/tr>\n<tr>\n<td colspan=\"4\" width=\"896\">Tratamiento de superficie: Spray Electr\u00e1stico<\/td>\n<\/tr>\n<tr>\n<td colspan=\"4\" width=\"896\">Longitud (mm): 900\/1000\/1200<\/td>\n<\/tr>\n<tr>\n<td colspan=\"4\" width=\"896\">Ancho (mm):300\/350\/400\/450\/500<\/td>\n<\/tr>\n<tr>\n<td colspan=\"4\" width=\"896\">Altura (mm): 1400\/1500\/1600\/1800\/2000\/2200\/2400\/Personalizable<\/td>\n<\/tr>\n<tr>\n<td colspan=\"4\" width=\"896\">Color: Opcional<\/td>\n<\/tr>\n<tr>\n<td colspan=\"4\" width=\"896\">OEM\/ODM: Aceptado<\/td>\n<\/tr>\n<tr>\n<td colspan=\"4\" width=\"896\">Caracter\u00edstica: Protecci\u00f3n contra la corrosi\u00f3n<\/td>\n<\/tr>\n<tr>\n<td rowspan=\"3\" width=\"193\">Especificaci\u00f3n<\/td>\n<td colspan=\"4\" width=\"896\">Este estante se puede combinar con estantes de una cara y de dos caras.<\/td>\n<\/tr>\n<tr>\n<td colspan=\"4\" width=\"896\">El espacio y la capacidad de carga de cada nivel son m\u00e1s grandes que los estantes comerciales comunes.<\/td>\n<\/tr>\n<tr>\n<td colspan=\"4\" width=\"896\">Hay diferentes grosores, tama\u00f1os, capas y colores disponibles para que elijas.<\/td>\n<\/tr>\n<tr>\n<td rowspan=\"5\" width=\"193\">Otros<\/td>\n<td colspan=\"4\" width=\"896\">Cantidad m\u00ednima de pedido: 30 juegos<\/td>\n<\/tr>\n<tr>\n<td colspan=\"4\" width=\"896\">Capacidad de suministro: 5000 piezas por mes<\/td>\n<\/tr>\n<tr>\n<td colspan=\"4\" width=\"896\">Condiciones de pago: dep\u00f3sito 30% al firmar el contrato, el saldo ser\u00e1 liquidado por T\/T antes de la entrega.<\/td>\n<\/tr>\n<tr>\n<td colspan=\"4\" width=\"896\">Condiciones de entrega: Sobre la f\u00e1brica<\/td>\n<\/tr>\n<tr>\n<td colspan=\"4\" width=\"896\">Tiempo de entrega: 10-15 d\u00edas laborables tras la recepci\u00f3n del dep\u00f3sito<\/td>\n<\/tr>\n<\/tbody>\n<\/table>","protected":false},"excerpt":{"rendered":"<p>Product name Supermarket shelves display shelves commissary convenience store multi-layer\u00a0 steel-wood combined shelves Features Material: Cold-rolled Steel Surface treatment: Electrastic Spray Length (mm): 900\/1000\/1200 Width (mm):300\/350\/400\/450\/500 Height (mm): 1400\/1500\/1600\/1800\/2000\/2200\/2400\/Customizable Color: Optional OEM\/ ODM: Accepted Feature: Corrosion Protection Specification This rack can be combined by single sided and double-sided shelves. The space and load capacity for [&hellip;]<\/p>\n","protected":false},"featured_media":825,"template":"","meta":[],"product_brand":[],"product_cat":[22,30],"product_tag":[],"class_list":{"0":"post-818","1":"product","2":"type-product","3":"status-publish","4":"has-post-thumbnail","6":"product_cat-supermarket-equipment","7":"product_cat-steel-wooden-shelves","9":"first","10":"instock","11":"shipping-taxable","12":"product-type-simple"},"_links":{"self":[{"href":"https:\/\/czd-shelves.com\/es\/wp-json\/wp\/v2\/product\/818","targetHints":{"allow":["GET"]}}],"collection":[{"href":"https:\/\/czd-shelves.com\/es\/wp-json\/wp\/v2\/product"}],"about":[{"href":"https:\/\/czd-shelves.com\/es\/wp-json\/wp\/v2\/types\/product"}],"wp:featuredmedia":[{"embeddable":true,"href":"https:\/\/czd-shelves.com\/es\/wp-json\/wp\/v2\/media\/825"}],"wp:attachment":[{"href":"https:\/\/czd-shelves.com\/es\/wp-json\/wp\/v2\/media?parent=818"}],"wp:term":[{"taxonomy":"product_brand","embeddable":true,"href":"https:\/\/czd-shelves.com\/es\/wp-json\/wp\/v2\/product_brand?post=818"},{"taxonomy":"product_cat","embeddable":true,"href":"https:\/\/czd-shelves.com\/es\/wp-json\/wp\/v2\/product_cat?post=818"},{"taxonomy":"product_tag","embeddable":true,"href":"https:\/\/czd-shelves.com\/es\/wp-json\/wp\/v2\/product_tag?post=818"}],"curies":[{"name":"wp","href":"https:\/\/api.w.org\/{rel}","templated":true}]}}