{"id":766,"date":"2022-06-16T09:25:22","date_gmt":"2022-06-16T09:25:22","guid":{"rendered":"https:\/\/czd-shelves.com\/?post_type=product&#038;p=766"},"modified":"2022-08-21T03:13:27","modified_gmt":"2022-08-21T03:13:27","slug":"estantes-de-exhibicion-portatiles-mesa-madera-publicidad-soporte-supermercado-promocion-mesa","status":"publish","type":"product","link":"https:\/\/czd-shelves.com\/es\/product\/portable-display-racks-table-wooden-advertising-stand-supermarket-promotion-table\/","title":{"rendered":"Estantes de exhibici\u00f3n port\u00e1tiles mesa soporte de publicidad de madera supermercado mesa de promoci\u00f3n"},"content":{"rendered":"<table width=\"1148\">\n<tbody>\n<tr>\n<td width=\"240\">nombre del producto<\/td>\n<td width=\"908\">\u00a0Estantes de exhibici\u00f3n port\u00e1tiles mesa soporte de publicidad de madera supermercado mesa de promoci\u00f3n<\/td>\n<\/tr>\n<tr>\n<td width=\"240\">Material<\/td>\n<td width=\"908\">Madera + acero<\/td>\n<\/tr>\n<tr>\n<td width=\"240\">Color<\/td>\n<td width=\"908\">Blanco negro<\/td>\n<\/tr>\n<tr>\n<td width=\"240\">Aplicar<\/td>\n<td width=\"908\">mesa de tienda conveniente, puesto de tienda de comestibles, exhibici\u00f3n de tienda general, mesa de exhibici\u00f3n de mercado de tama\u00f1o mediano, estante de exhibici\u00f3n de cadena de tienda, puesto de exhibici\u00f3n de supermercado, mesa de farmacia, puesto de papeler\u00eda, estante de tienda de frutas, mesa de promoci\u00f3n de supermercado<\/td>\n<\/tr>\n<tr>\n<td rowspan=\"2\" width=\"240\">Tama\u00f1o<\/td>\n<td width=\"908\">Tama\u00f1o normal 80*80*85 cm, 100*100*85 cm, 120*120*85 cm<\/td>\n<\/tr>\n<tr>\n<td width=\"908\">Tama\u00f1o personalizado<\/td>\n<\/tr>\n<tr>\n<td rowspan=\"3\" width=\"240\">transacci\u00f3n<\/td>\n<td width=\"908\">MOQ: 10 juegos<\/td>\n<\/tr>\n<tr>\n<td width=\"908\">Plazo de pago: T\/T, dep\u00f3sito 30%, saldo 70% debe pagarse antes del env\u00edo<\/td>\n<\/tr>\n<tr>\n<td width=\"908\">Plazo de ejecuci\u00f3n: 1-7 d\u00edas h\u00e1biles para la muestra, 10-15 d\u00edas h\u00e1biles para la producci\u00f3n en masa<\/td>\n<\/tr>\n<tr>\n<td width=\"240\">Paquete<\/td>\n<td width=\"908\">Paquete desmontable en cart\u00f3n y espuma de bubbe, embalaje seguro para transporte de larga distancia<\/td>\n<\/tr>\n<tr>\n<td width=\"240\">Servicio<\/td>\n<td width=\"908\">Color personalizado, capacidad, grosor, accesorios, dise\u00f1o 3D, precio directo de f\u00e1brica<\/td>\n<\/tr>\n<\/tbody>\n<\/table>","protected":false},"excerpt":{"rendered":"<p>Product Name \u00a0Portable display racks table wooden advertising stand supermarket Promotion table Material Wooden + steel Color White, black Apply convenient shop table, grocery store stand, general store display, middle-size market display table, chain store display rack,supermarket display stand, pharmacy shop table, stationery shop stand,\u00a0 fruit store rack, supermarket Promotion table Size Regular size 80*80*85cm, [&hellip;]<\/p>\n","protected":false},"featured_media":768,"template":"","meta":[],"product_brand":[],"product_cat":[22,29],"product_tag":[],"class_list":{"0":"post-766","1":"product","2":"type-product","3":"status-publish","4":"has-post-thumbnail","6":"product_cat-supermarket-equipment","7":"product_cat-display-rack","9":"first","10":"instock","11":"shipping-taxable","12":"product-type-simple"},"_links":{"self":[{"href":"https:\/\/czd-shelves.com\/es\/wp-json\/wp\/v2\/product\/766","targetHints":{"allow":["GET"]}}],"collection":[{"href":"https:\/\/czd-shelves.com\/es\/wp-json\/wp\/v2\/product"}],"about":[{"href":"https:\/\/czd-shelves.com\/es\/wp-json\/wp\/v2\/types\/product"}],"wp:featuredmedia":[{"embeddable":true,"href":"https:\/\/czd-shelves.com\/es\/wp-json\/wp\/v2\/media\/768"}],"wp:attachment":[{"href":"https:\/\/czd-shelves.com\/es\/wp-json\/wp\/v2\/media?parent=766"}],"wp:term":[{"taxonomy":"product_brand","embeddable":true,"href":"https:\/\/czd-shelves.com\/es\/wp-json\/wp\/v2\/product_brand?post=766"},{"taxonomy":"product_cat","embeddable":true,"href":"https:\/\/czd-shelves.com\/es\/wp-json\/wp\/v2\/product_cat?post=766"},{"taxonomy":"product_tag","embeddable":true,"href":"https:\/\/czd-shelves.com\/es\/wp-json\/wp\/v2\/product_tag?post=766"}],"curies":[{"name":"wp","href":"https:\/\/api.w.org\/{rel}","templated":true}]}}