{"id":699,"date":"2022-06-16T08:45:57","date_gmt":"2022-06-16T08:45:57","guid":{"rendered":"https:\/\/czd-shelves.com\/?post_type=product&#038;p=699"},"modified":"2022-08-21T03:15:16","modified_gmt":"2022-08-21T03:15:16","slug":"4-post-retail-shop-racking-display-grocery-item-display-rack-supermarket-shelf-gondola","status":"publish","type":"product","link":"https:\/\/czd-shelves.com\/es\/product\/4-post-retail-shop-racking-display-grocery-item-display-rack-supermarket-shelf-gondola\/","title":{"rendered":"Estanter\u00eda para tienda minorista de 4 postes, estante de exhibici\u00f3n para art\u00edculos de comestibles, estante para supermercado, g\u00f3ndola"},"content":{"rendered":"<table style=\"border-collapse: collapse; width: 869.27pt;\" border=\"0\" width=\"1159\" cellspacing=\"0\" cellpadding=\"0\">\n<tbody>\n<tr style=\"height: 59.50pt;\">\n<td class=\"et2\" style=\"height: 59.50pt; width: 155.50pt;\" width=\"207\" height=\"79\">nombre del producto<\/td>\n<td class=\"et3\" style=\"width: 714.00pt;\" width=\"952\">Estanter\u00eda para tienda minorista de 4 postes, estante de exhibici\u00f3n para art\u00edculos de comestibles, estante para supermercado, g\u00f3ndola<\/td>\n<\/tr>\n<tr style=\"height: 45.50pt;\">\n<td class=\"et2\" style=\"height: 45.50pt; width: 155.50pt;\" width=\"207\" height=\"60\">Accesorio<\/td>\n<td class=\"et4\" style=\"width: 714.00pt;\" width=\"952\">Gancho, tubo de carga, etiqueta de precio, tap\u00f3n, tapa<\/td>\n<\/tr>\n<tr style=\"height: 45.50pt;\">\n<td class=\"et2\" style=\"height: 45.50pt; width: 155.50pt;\" width=\"207\" height=\"60\">Color<\/td>\n<td class=\"et4\" style=\"width: 714.00pt;\" width=\"952\">Disponible en blanco, gris, negro, color madera, brillo personalizado o color mate<\/td>\n<\/tr>\n<tr style=\"height: 90.50pt;\">\n<td class=\"et2\" style=\"height: 90.50pt; width: 155.50pt;\" width=\"207\" height=\"120\">Aplicar<\/td>\n<td class=\"et4\" style=\"width: 714.00pt;\" width=\"952\">Estante de tienda conveniente, puesto de tienda de abarrotes, estante de exhibici\u00f3n de tienda general, muebles de mercado de tama\u00f1o mediano, estante de cadena de tienda<\/td>\n<\/tr>\n<tr style=\"height: 23.25pt;\">\n<td class=\"et5\" style=\"height: 92.00pt; width: 155.50pt; border-bottom: 1.0pt solid #CCCCCC;\" rowspan=\"3\" width=\"207\" height=\"122\">Rasgo<\/td>\n<td class=\"et4\" style=\"width: 714.00pt;\" width=\"952\">Capacidad: 70kg<\/td>\n<\/tr>\n<tr style=\"height: 23.25pt;\">\n<td class=\"et4\" style=\"width: 714.00pt;\" width=\"952\">capa: Est\u00e1ndar 5 (base + 4 capas)<\/td>\n<\/tr>\n<tr style=\"height: 45.50pt;\">\n<td class=\"et4\" style=\"width: 714.00pt;\" width=\"952\">Panel trasero: plano o perforado a elecci\u00f3n<\/td>\n<\/tr>\n<tr style=\"height: 23.25pt;\">\n<td class=\"et5\" style=\"height: 92.00pt; width: 155.50pt; border-bottom: 1.0pt solid #CCCCCC;\" rowspan=\"3\" width=\"207\" height=\"122\">Producir<\/td>\n<td class=\"et4\" style=\"width: 714.00pt;\" width=\"952\">Material: acero laminado en fr\u00edo Q235B<\/td>\n<\/tr>\n<tr style=\"height: 23.25pt;\">\n<td class=\"et4\" style=\"width: 714.00pt;\" width=\"952\">Acabado: recubrimiento en polvo duradero<\/td>\n<\/tr>\n<tr style=\"height: 45.50pt;\">\n<td class=\"et4\" style=\"width: 714.00pt;\" width=\"952\">Tratamiento Superficial: Decapado y Fosfatado<\/td>\n<\/tr>\n<tr style=\"height: 23.25pt;\">\n<td class=\"et5\" style=\"height: 92.25pt; width: 155.50pt; border-bottom: 1.0pt solid #CCCCCC;\" rowspan=\"4\" width=\"207\" height=\"123\">Dimensi\u00f3n<\/td>\n<td class=\"et4\" style=\"width: 714.00pt;\" width=\"952\">Largo: 900\/1200 mm<\/td>\n<\/tr>\n<tr style=\"height: 22.50pt;\">\n<td class=\"et8\" style=\"width: 714.00pt;\" width=\"952\">Ancho: 365 mm (un solo lado)<\/td>\n<\/tr>\n<tr style=\"height: 23.25pt;\">\n<td class=\"et9\" style=\"width: 714.00pt;\" width=\"952\">700 mm (doble cara)<\/td>\n<\/tr>\n<tr style=\"height: 23.25pt;\">\n<td class=\"et4\" style=\"width: 714.00pt;\" width=\"952\">Alto: 1500\/1700\/2100\/2300 mm<\/td>\n<\/tr>\n<tr style=\"height: 23.25pt;\">\n<td class=\"et5\" style=\"height: 69.75pt; width: 155.50pt; border-bottom: 1.0pt solid #CCCCCC;\" rowspan=\"3\" width=\"207\" height=\"93\">transacci\u00f3n<\/td>\n<td class=\"et4\" style=\"width: 714.00pt;\" width=\"952\">MOQ: 10 juegos<\/td>\n<\/tr>\n<tr style=\"height: 23.25pt;\">\n<td class=\"et4\" style=\"width: 714.00pt;\" width=\"952\">Plazo de pago: T\/T, dep\u00f3sito 30%, saldo 70% debe pagarse antes del env\u00edo<\/td>\n<\/tr>\n<tr style=\"height: 23.25pt;\">\n<td class=\"et4\" style=\"width: 714.00pt;\" width=\"952\">Plazo de ejecuci\u00f3n: 1-7 d\u00edas h\u00e1biles para la muestra, 10-15 d\u00edas h\u00e1biles para la producci\u00f3n en masa<\/td>\n<\/tr>\n<tr style=\"height: 45.75pt;\">\n<td class=\"et2\" style=\"height: 45.75pt; width: 155.50pt;\" width=\"207\" height=\"61\">Paquete<\/td>\n<td class=\"et4\" style=\"width: 714.00pt;\" width=\"952\">Paquete desmontable en cart\u00f3n y espuma de bubbe, embalaje seguro para transporte de larga distancia<\/td>\n<\/tr>\n<tr style=\"height: 45.75pt;\">\n<td class=\"et2\" style=\"height: 45.75pt; width: 155.50pt;\" width=\"207\" height=\"61\">Servicio<\/td>\n<td class=\"et4\" style=\"width: 714.00pt;\" width=\"952\">Color personalizado, capacidad, grosor, accesorios, dise\u00f1o 3D, precio directo de f\u00e1brica<\/td>\n<\/tr>\n<\/tbody>\n<\/table>","protected":false},"excerpt":{"rendered":"<p>Product Name 4 post retail shop racking display grocery item display rack supermarket shelf gondola Accessory Hook, loading tube, price tag, stopper, cover Color White, gray, black, wood color, customized gloss or matt color are available Apply convenient shop rack, grocery store stand, general store display rack, middle-size market furniture, chain store shelf Feature Capacity: [&hellip;]<\/p>\n","protected":false},"featured_media":702,"template":"","meta":[],"product_brand":[],"product_cat":[22,28],"product_tag":[],"class_list":{"0":"post-699","1":"product","2":"type-product","3":"status-publish","4":"has-post-thumbnail","6":"product_cat-supermarket-equipment","7":"product_cat-supermarket-shelves","9":"first","10":"instock","11":"featured","12":"shipping-taxable","13":"product-type-simple"},"_links":{"self":[{"href":"https:\/\/czd-shelves.com\/es\/wp-json\/wp\/v2\/product\/699","targetHints":{"allow":["GET"]}}],"collection":[{"href":"https:\/\/czd-shelves.com\/es\/wp-json\/wp\/v2\/product"}],"about":[{"href":"https:\/\/czd-shelves.com\/es\/wp-json\/wp\/v2\/types\/product"}],"wp:featuredmedia":[{"embeddable":true,"href":"https:\/\/czd-shelves.com\/es\/wp-json\/wp\/v2\/media\/702"}],"wp:attachment":[{"href":"https:\/\/czd-shelves.com\/es\/wp-json\/wp\/v2\/media?parent=699"}],"wp:term":[{"taxonomy":"product_brand","embeddable":true,"href":"https:\/\/czd-shelves.com\/es\/wp-json\/wp\/v2\/product_brand?post=699"},{"taxonomy":"product_cat","embeddable":true,"href":"https:\/\/czd-shelves.com\/es\/wp-json\/wp\/v2\/product_cat?post=699"},{"taxonomy":"product_tag","embeddable":true,"href":"https:\/\/czd-shelves.com\/es\/wp-json\/wp\/v2\/product_tag?post=699"}],"curies":[{"name":"wp","href":"https:\/\/api.w.org\/{rel}","templated":true}]}}