{"id":665,"date":"2022-06-16T08:19:59","date_gmt":"2022-06-16T08:19:59","guid":{"rendered":"https:\/\/czd-shelves.com\/?post_type=product&#038;p=665"},"modified":"2022-08-21T03:21:36","modified_gmt":"2022-08-21T03:21:36","slug":"expositor-central-para-salon-de-belleza","status":"publish","type":"product","link":"https:\/\/czd-shelves.com\/es\/product\/center-display-rack-for-beauty-shop\/","title":{"rendered":"Estante de exhibici\u00f3n central para sal\u00f3n de belleza"},"content":{"rendered":"<table width=\"1089\">\n<tbody>\n<tr>\n<td width=\"193\">Nombre del producto<\/td>\n<td colspan=\"4\" width=\"896\">Estantes de sucursales de cosm\u00e9ticos de belleza Estante de productos digitales Estantes de tiendas de juguetes Estantes de sucursales maternas e infantiles<\/td>\n<\/tr>\n<tr>\n<td rowspan=\"8\" width=\"193\">Caracter\u00edsticas<\/td>\n<td colspan=\"4\" width=\"896\">Material: acero laminado en fr\u00edo<\/td>\n<\/tr>\n<tr>\n<td colspan=\"4\" width=\"896\">Tratamiento de superficie: Spray Electr\u00e1stico<\/td>\n<\/tr>\n<tr>\n<td colspan=\"4\" width=\"896\">Longitud (mm): 900\/1000\/1200<\/td>\n<\/tr>\n<tr>\n<td colspan=\"4\" width=\"896\">Ancho (mm): 300\/350<\/td>\n<\/tr>\n<tr>\n<td colspan=\"4\" width=\"896\">Altura (mm): 1200\/Personalizable<\/td>\n<\/tr>\n<tr>\n<td colspan=\"4\" width=\"896\">Color: Opcional<\/td>\n<\/tr>\n<tr>\n<td colspan=\"4\" width=\"896\">OEM\/ODM: Aceptado<\/td>\n<\/tr>\n<tr>\n<td colspan=\"4\" width=\"896\">Caracter\u00edstica: Protecci\u00f3n contra la corrosi\u00f3n<\/td>\n<\/tr>\n<tr>\n<td rowspan=\"3\" width=\"193\">Especificaci\u00f3n<\/td>\n<td colspan=\"4\" width=\"896\">Este estante se puede combinar con estantes de un solo lado y de dos lados.<\/td>\n<\/tr>\n<tr>\n<td colspan=\"4\" width=\"896\">El espacio y la capacidad de carga de cada nivel son m\u00e1s grandes que los estantes comerciales comunes.<\/td>\n<\/tr>\n<tr>\n<td colspan=\"4\" width=\"896\">Hay diferentes grosores, tama\u00f1os, capas y colores disponibles para que elijas.<\/td>\n<\/tr>\n<tr>\n<td rowspan=\"5\" width=\"193\">Otros<\/td>\n<td colspan=\"4\" width=\"896\">Cantidad m\u00ednima de pedido: 30 juegos<\/td>\n<\/tr>\n<tr>\n<td colspan=\"4\" width=\"896\">Capacidad de suministro: 5000 piezas por mes<\/td>\n<\/tr>\n<tr>\n<td colspan=\"4\" width=\"896\">Condiciones de pago: dep\u00f3sito 30% al firmar el contrato, el saldo ser\u00e1 liquidado por T\/T antes de la entrega.<\/td>\n<\/tr>\n<tr>\n<td colspan=\"4\" width=\"896\">Condiciones de entrega: Sobre la f\u00e1brica<\/td>\n<\/tr>\n<tr>\n<td colspan=\"4\" width=\"896\">Tiempo de entrega: 10-15 d\u00edas laborables tras la recepci\u00f3n del dep\u00f3sito<\/td>\n<\/tr>\n<\/tbody>\n<\/table>","protected":false},"excerpt":{"rendered":"<p>Product name Beauty Cosmetics Branch Shelves Digital Product Shelf Toy Store Shelves Maternal And Infant Branch Shelves Features Material: Cold-rolled Steel Surface treatment: Electrastic Spray Length(mm): 900\/1000\/1200 Width(mm):300\/350 Height(mm): 1200\/Customizable Color: Optional OEM\/ ODM: Accepted Feature: Corrosion Protection Specification This rack can be combined by single sided and double sided shelves. The space and load [&hellip;]<\/p>\n","protected":false},"featured_media":666,"template":"","meta":[],"product_brand":[],"product_cat":[22,28],"product_tag":[],"class_list":{"0":"post-665","1":"product","2":"type-product","3":"status-publish","4":"has-post-thumbnail","6":"product_cat-supermarket-equipment","7":"product_cat-supermarket-shelves","9":"first","10":"instock","11":"shipping-taxable","12":"product-type-simple"},"_links":{"self":[{"href":"https:\/\/czd-shelves.com\/es\/wp-json\/wp\/v2\/product\/665","targetHints":{"allow":["GET"]}}],"collection":[{"href":"https:\/\/czd-shelves.com\/es\/wp-json\/wp\/v2\/product"}],"about":[{"href":"https:\/\/czd-shelves.com\/es\/wp-json\/wp\/v2\/types\/product"}],"wp:featuredmedia":[{"embeddable":true,"href":"https:\/\/czd-shelves.com\/es\/wp-json\/wp\/v2\/media\/666"}],"wp:attachment":[{"href":"https:\/\/czd-shelves.com\/es\/wp-json\/wp\/v2\/media?parent=665"}],"wp:term":[{"taxonomy":"product_brand","embeddable":true,"href":"https:\/\/czd-shelves.com\/es\/wp-json\/wp\/v2\/product_brand?post=665"},{"taxonomy":"product_cat","embeddable":true,"href":"https:\/\/czd-shelves.com\/es\/wp-json\/wp\/v2\/product_cat?post=665"},{"taxonomy":"product_tag","embeddable":true,"href":"https:\/\/czd-shelves.com\/es\/wp-json\/wp\/v2\/product_tag?post=665"}],"curies":[{"name":"wp","href":"https:\/\/api.w.org\/{rel}","templated":true}]}}