{"id":636,"date":"2022-06-16T06:29:42","date_gmt":"2022-06-16T06:29:42","guid":{"rendered":"https:\/\/czd-shelves.com\/?post_type=product&#038;p=636"},"modified":"2022-08-18T05:53:11","modified_gmt":"2022-08-18T05:53:11","slug":"estanteria-metalica-para-casa-tienda-bebe","status":"publish","type":"product","link":"https:\/\/czd-shelves.com\/es\/product\/metal-shelf-for-home-baby-store\/","title":{"rendered":"Venta de estanter\u00edas met\u00e1licas para tienda de mascotas"},"content":{"rendered":"<h2>Venta de estanter\u00edas met\u00e1licas para tienda de mascotas<\/h2>\n<table width=\"1089\">\n<tbody>\n<tr>\n<td width=\"193\">Nombre del producto<\/td>\n<td colspan=\"4\" width=\"896\">Estante de g\u00f3ndola de supermercado estanter\u00eda de publicidad de metal de acero<\/td>\n<\/tr>\n<tr>\n<td rowspan=\"8\" width=\"193\">Caracter\u00edsticas<\/td>\n<td colspan=\"4\" width=\"896\">Material: acero laminado en fr\u00edo<\/td>\n<\/tr>\n<tr>\n<td colspan=\"4\" width=\"896\">Tratamiento de superficie: Spray Electr\u00e1stico<\/td>\n<\/tr>\n<tr>\n<td colspan=\"4\" width=\"896\">Longitud (mm): 900\/1000\/1200<\/td>\n<\/tr>\n<tr>\n<td colspan=\"4\" width=\"896\">Ancho (mm): 300\/350\/400\/450\/500<\/td>\n<\/tr>\n<tr>\n<td colspan=\"4\" width=\"896\">Altura (mm): 1400\/1500\/1600\/1800\/2000\/2200\/2400\/Personalizable<\/td>\n<\/tr>\n<tr>\n<td colspan=\"4\" width=\"896\">Color: Opcional<\/td>\n<\/tr>\n<tr>\n<td colspan=\"4\" width=\"896\">OEM\/ODM: Aceptado<\/td>\n<\/tr>\n<tr>\n<td colspan=\"4\" width=\"896\">Caracter\u00edstica: Protecci\u00f3n contra la corrosi\u00f3n<\/td>\n<\/tr>\n<tr>\n<td rowspan=\"3\" width=\"193\">Especificaci\u00f3n<\/td>\n<td colspan=\"4\" width=\"896\">Este estante se puede combinar con estantes de un solo lado y de dos lados.<\/td>\n<\/tr>\n<tr>\n<td colspan=\"4\" width=\"896\">El espacio y la capacidad de carga de cada nivel son m\u00e1s grandes que los estantes comerciales comunes.<\/td>\n<\/tr>\n<tr>\n<td colspan=\"4\" width=\"896\">Hay diferentes grosores, tama\u00f1os, capas y colores disponibles para que elijas.<\/td>\n<\/tr>\n<tr>\n<td rowspan=\"5\" width=\"193\">Otros<\/td>\n<td colspan=\"4\" width=\"896\">Cantidad m\u00ednima de pedido: 30 juegos<\/td>\n<\/tr>\n<tr>\n<td colspan=\"4\" width=\"896\">Capacidad de suministro: 5000 piezas por mes<\/td>\n<\/tr>\n<tr>\n<td colspan=\"4\" width=\"896\">Condiciones de pago: dep\u00f3sito 30% al firmar el contrato, el saldo ser\u00e1 liquidado por T\/T antes de la entrega.<\/td>\n<\/tr>\n<tr>\n<td colspan=\"4\" width=\"896\">Condiciones de entrega: Sobre la f\u00e1brica<\/td>\n<\/tr>\n<tr>\n<td colspan=\"4\" width=\"896\">Tiempo de entrega: 10-15 d\u00edas laborables tras la recepci\u00f3n del dep\u00f3sito<\/td>\n<\/tr>\n<\/tbody>\n<\/table>","protected":false},"excerpt":{"rendered":"<p>Pet store metal shelves for sale Product name Supermarket gondola shelf steel\u00a0 metal advertising shelving Features Material: Cold-rolled Steel Surface treatment: Electrastic Spray Length(mm): 900\/1000\/1200 Width(mm):300\/350\/400\/450\/500 Height(mm): 1400\/1500\/1600\/1800\/2000\/2200\/2400\/Customizable Color: Optional OEM\/ ODM: Accepted Feature: Corrosion Protection Specification This rack can be combined by single sided and double sided shelves. The space and load capacity for [&hellip;]<\/p>\n","protected":false},"featured_media":637,"template":"","meta":[],"product_brand":[],"product_cat":[22,28],"product_tag":[],"class_list":{"0":"post-636","1":"product","2":"type-product","3":"status-publish","4":"has-post-thumbnail","6":"product_cat-supermarket-equipment","7":"product_cat-supermarket-shelves","9":"first","10":"instock","11":"shipping-taxable","12":"product-type-simple"},"_links":{"self":[{"href":"https:\/\/czd-shelves.com\/es\/wp-json\/wp\/v2\/product\/636","targetHints":{"allow":["GET"]}}],"collection":[{"href":"https:\/\/czd-shelves.com\/es\/wp-json\/wp\/v2\/product"}],"about":[{"href":"https:\/\/czd-shelves.com\/es\/wp-json\/wp\/v2\/types\/product"}],"wp:featuredmedia":[{"embeddable":true,"href":"https:\/\/czd-shelves.com\/es\/wp-json\/wp\/v2\/media\/637"}],"wp:attachment":[{"href":"https:\/\/czd-shelves.com\/es\/wp-json\/wp\/v2\/media?parent=636"}],"wp:term":[{"taxonomy":"product_brand","embeddable":true,"href":"https:\/\/czd-shelves.com\/es\/wp-json\/wp\/v2\/product_brand?post=636"},{"taxonomy":"product_cat","embeddable":true,"href":"https:\/\/czd-shelves.com\/es\/wp-json\/wp\/v2\/product_cat?post=636"},{"taxonomy":"product_tag","embeddable":true,"href":"https:\/\/czd-shelves.com\/es\/wp-json\/wp\/v2\/product_tag?post=636"}],"curies":[{"name":"wp","href":"https:\/\/api.w.org\/{rel}","templated":true}]}}