{"id":633,"date":"2022-06-16T06:26:11","date_gmt":"2022-06-16T06:26:11","guid":{"rendered":"https:\/\/czd-shelves.com\/?post_type=product&#038;p=633"},"modified":"2022-08-18T05:53:15","modified_gmt":"2022-08-18T05:53:15","slug":"estante-de-supermercado-curvo-para-esquina","status":"publish","type":"product","link":"https:\/\/czd-shelves.com\/es\/product\/curved-supermarket-shelf-for-corner\/","title":{"rendered":"Estante de supermercado curvo para esquina"},"content":{"rendered":"<h2>Estante de supermercado curvo para esquina<\/h2>\n<table style=\"border-collapse: collapse; width: 816.77pt;\" border=\"0\" width=\"1089\" cellspacing=\"0\" cellpadding=\"0\">\n<tbody>\n<tr style=\"height: 122.10pt;\">\n<td class=\"et2\" style=\"height: 122.10pt; width: 144.75pt;\" width=\"193\" height=\"162\">Nombre del producto<\/td>\n<td class=\"et3\" style=\"width: 672.00pt;\" colspan=\"4\" width=\"896\">G\u00f3ndola Supermercado Estante de pared Tienda Muebles Estante m\u00e9dico Estanter\u00eda de farmacia Estanter\u00eda de supermercado<\/td>\n<\/tr>\n<tr style=\"height: 14.45pt;\">\n<td class=\"et4\" style=\"height: 114.20pt; width: 144.75pt;\" rowspan=\"8\" width=\"193\" height=\"152\">Caracter\u00edsticas<\/td>\n<td class=\"et5\" style=\"width: 672.00pt; border-right: .5pt solid #000000;\" colspan=\"4\" width=\"896\">Material: acero laminado en fr\u00edo<\/td>\n<\/tr>\n<tr style=\"height: 14.25pt;\">\n<td class=\"et8\" style=\"width: 672.00pt; border-right: .5pt solid #000000;\" colspan=\"4\" width=\"896\">Tratamiento de superficie: Spray Electr\u00e1stico<\/td>\n<\/tr>\n<tr style=\"height: 14.25pt;\">\n<td class=\"et8\" style=\"width: 672.00pt; border-right: .5pt solid #000000;\" colspan=\"4\" width=\"896\">Longitud (mm): 900\/1000\/1200<\/td>\n<\/tr>\n<tr style=\"height: 14.25pt;\">\n<td class=\"et8\" style=\"width: 672.00pt; border-right: .5pt solid #000000;\" colspan=\"4\" width=\"896\">Ancho (mm): 300\/350\/400\/450\/500<\/td>\n<\/tr>\n<tr style=\"height: 14.25pt;\">\n<td class=\"et8\" style=\"width: 672.00pt; border-right: .5pt solid #000000;\" colspan=\"4\" width=\"896\">Altura (mm): 1400\/1500\/1600\/1800\/2000\/2200\/2400\/Personalizable<\/td>\n<\/tr>\n<tr style=\"height: 14.25pt;\">\n<td class=\"et8\" style=\"width: 672.00pt; border-right: .5pt solid #000000;\" colspan=\"4\" width=\"896\">Color: Opcional<\/td>\n<\/tr>\n<tr style=\"height: 14.25pt;\">\n<td class=\"et8\" style=\"width: 672.00pt; border-right: .5pt solid #000000;\" colspan=\"4\" width=\"896\">OEM\/ODM: Aceptado<\/td>\n<\/tr>\n<tr style=\"height: 14.25pt;\">\n<td class=\"et8\" style=\"width: 672.00pt; border-right: .5pt solid #000000;\" colspan=\"4\" width=\"896\">Caracter\u00edstica: Protecci\u00f3n contra la corrosi\u00f3n<\/td>\n<\/tr>\n<tr style=\"height: 14.25pt;\">\n<td class=\"et4\" style=\"height: 42.75pt; width: 144.75pt;\" rowspan=\"3\" width=\"193\" height=\"57\">Especificaci\u00f3n<\/td>\n<td class=\"et11\" style=\"width: 672.00pt; border-right: .5pt solid #000000;\" colspan=\"4\" width=\"896\">Este estante se puede combinar con estantes de un solo lado y de dos lados.<\/td>\n<\/tr>\n<tr style=\"height: 14.25pt;\">\n<td class=\"et14\" style=\"width: 672.00pt; border-right: .5pt solid #000000;\" colspan=\"4\" width=\"896\">El espacio y la capacidad de carga de cada nivel son m\u00e1s grandes que los estantes comerciales comunes.<\/td>\n<\/tr>\n<tr style=\"height: 14.25pt;\">\n<td class=\"et14\" style=\"width: 672.00pt; border-right: .5pt solid #000000;\" colspan=\"4\" width=\"896\">Hay diferentes grosores, tama\u00f1os, capas y colores disponibles para que elijas.<\/td>\n<\/tr>\n<tr style=\"height: 14.25pt;\">\n<td class=\"et4\" style=\"height: 75.00pt; width: 144.75pt;\" rowspan=\"5\" width=\"193\" height=\"100\">Otros<\/td>\n<td class=\"et5\" style=\"width: 672.00pt; border-right: .5pt solid #000000;\" colspan=\"4\" width=\"896\">Cantidad m\u00ednima de pedido: 30 juegos<\/td>\n<\/tr>\n<tr style=\"height: 14.25pt;\">\n<td class=\"et8\" style=\"width: 672.00pt; border-right: .5pt solid #000000;\" colspan=\"4\" width=\"896\">Capacidad de suministro: 5000 piezas por mes<\/td>\n<\/tr>\n<tr style=\"height: 18.00pt;\">\n<td class=\"et8\" style=\"width: 672.00pt; border-right: .5pt solid #000000;\" colspan=\"4\" width=\"896\">Condiciones de pago: dep\u00f3sito 30% al firmar el contrato, el saldo ser\u00e1 liquidado por T\/T antes de la entrega.<\/td>\n<\/tr>\n<tr style=\"height: 14.25pt;\">\n<td class=\"et8\" style=\"width: 672.00pt; border-right: .5pt solid #000000;\" colspan=\"4\" width=\"896\">Condiciones de entrega: Sobre la f\u00e1brica<\/td>\n<\/tr>\n<tr style=\"height: 14.25pt;\">\n<td class=\"et17\" style=\"width: 672.00pt; border-right: .5pt solid #000000;\" colspan=\"4\" width=\"896\">Tiempo de entrega: 10-15 d\u00edas laborables tras la recepci\u00f3n del dep\u00f3sito<\/td>\n<\/tr>\n<\/tbody>\n<\/table>","protected":false},"excerpt":{"rendered":"<p>Curved Supermarket Shelf For Corner Product name Gondola Supermarket Wall Shelf Shop Furniture Medical Shelf Pharmacy Store Shelving Supermarket Shelf Features Material: Cold-rolled Steel Surface treatment: Electrastic Spray Length(mm): 900\/1000\/1200 Width(mm):300\/350\/400\/450\/500 Height(mm): 1400\/1500\/1600\/1800\/2000\/2200\/2400\/Customizable Color: Optional OEM\/ ODM: Accepted Feature: Corrosion Protection Specification This rack can be combined by single sided and double sided shelves. The [&hellip;]<\/p>\n","protected":false},"featured_media":634,"template":"","meta":[],"product_brand":[],"product_cat":[22,28],"product_tag":[],"class_list":{"0":"post-633","1":"product","2":"type-product","3":"status-publish","4":"has-post-thumbnail","6":"product_cat-supermarket-equipment","7":"product_cat-supermarket-shelves","9":"first","10":"instock","11":"shipping-taxable","12":"product-type-simple"},"_links":{"self":[{"href":"https:\/\/czd-shelves.com\/es\/wp-json\/wp\/v2\/product\/633","targetHints":{"allow":["GET"]}}],"collection":[{"href":"https:\/\/czd-shelves.com\/es\/wp-json\/wp\/v2\/product"}],"about":[{"href":"https:\/\/czd-shelves.com\/es\/wp-json\/wp\/v2\/types\/product"}],"wp:featuredmedia":[{"embeddable":true,"href":"https:\/\/czd-shelves.com\/es\/wp-json\/wp\/v2\/media\/634"}],"wp:attachment":[{"href":"https:\/\/czd-shelves.com\/es\/wp-json\/wp\/v2\/media?parent=633"}],"wp:term":[{"taxonomy":"product_brand","embeddable":true,"href":"https:\/\/czd-shelves.com\/es\/wp-json\/wp\/v2\/product_brand?post=633"},{"taxonomy":"product_cat","embeddable":true,"href":"https:\/\/czd-shelves.com\/es\/wp-json\/wp\/v2\/product_cat?post=633"},{"taxonomy":"product_tag","embeddable":true,"href":"https:\/\/czd-shelves.com\/es\/wp-json\/wp\/v2\/product_tag?post=633"}],"curies":[{"name":"wp","href":"https:\/\/api.w.org\/{rel}","templated":true}]}}