{"id":583,"date":"2022-06-16T03:52:09","date_gmt":"2022-06-16T03:52:09","guid":{"rendered":"https:\/\/czd-shelves.com\/?post_type=product&#038;p=583"},"modified":"2022-08-18T05:55:01","modified_gmt":"2022-08-18T05:55:01","slug":"paletizacion-pesada","status":"publish","type":"product","link":"https:\/\/czd-shelves.com\/es\/product\/pallet-rack-heavy\/","title":{"rendered":"sistema de estanter\u00edas de paletas chinas"},"content":{"rendered":"<table width=\"1216\">\n<tbody>\n<tr>\n<td width=\"248\">nombre del producto<\/td>\n<td width=\"968\">almac\u00e9n de venta directa de f\u00e1brica almacenamiento de productos pesados <strong>sistema de estanter\u00edas de paletas chinas<\/strong><\/td>\n<\/tr>\n<tr>\n<td width=\"248\">Material<\/td>\n<td width=\"968\">Q235B Acero laminado en fr\u00edo<\/td>\n<\/tr>\n<tr>\n<td width=\"248\">Escribe<\/td>\n<td width=\"968\"><a href=\"https:\/\/czd-shelves.com\/es\/categoria-de-producto\/almacen-estanteria\/\">Estante de servicio pesado<\/a><\/td>\n<\/tr>\n<tr>\n<td width=\"248\">Finalizar:<\/td>\n<td width=\"968\">Recubrimiento en polvo duradero<\/td>\n<\/tr>\n<tr>\n<td width=\"248\">Tratamiento de superficies:<\/td>\n<td width=\"968\">Decapado y Fosfatado<\/td>\n<\/tr>\n<tr>\n<td width=\"248\">Aplicar<\/td>\n<td width=\"968\">Industrial, almacenamiento de carga en almac\u00e9n, estante largo de f\u00e1brica, estante de almacenamiento en garaje<\/td>\n<\/tr>\n<tr>\n<td rowspan=\"5\" width=\"248\">Rasgo<\/td>\n<td width=\"968\">Tama\u00f1o total: personalizado seg\u00fan sus necesidades<\/td>\n<\/tr>\n<tr>\n<td width=\"968\">Capacidad: 1000kg-3000kg\/capa<\/td>\n<\/tr>\n<tr>\n<td width=\"968\">capa: est\u00e1ndar de 4 capas<\/td>\n<\/tr>\n<tr>\n<td width=\"968\">Estructura: vertical, viga, barra de soporte, madera contrachapada, etc.<\/td>\n<\/tr>\n<tr>\n<td width=\"968\">Color: azul, gris, azul + naranja, color personalizado<\/td>\n<\/tr>\n<tr>\n<td rowspan=\"3\" width=\"248\">transacci\u00f3n<\/td>\n<td width=\"968\">Cargando: estante principal de 75 juegos para 20GP, estante principal de 195 juegos para 40HQ<\/td>\n<\/tr>\n<tr>\n<td width=\"968\">Plazo de pago: T\/T, dep\u00f3sito 30%, saldo 70% debe pagarse antes del env\u00edo<\/td>\n<\/tr>\n<tr>\n<td width=\"968\">Plazo de ejecuci\u00f3n: 1-7 d\u00edas h\u00e1biles para la muestra, 10-15 d\u00edas h\u00e1biles para la producci\u00f3n en masa<\/td>\n<\/tr>\n<tr>\n<td width=\"248\">Paquete<\/td>\n<td width=\"968\">Pel\u00edcula de burbujas para montante y viga, cart\u00f3n est\u00e1ndar para placa; o embalaje de seguridad personalizado para transporte de larga distancia<\/td>\n<\/tr>\n<tr>\n<td width=\"248\">Servicio<\/td>\n<td width=\"968\">Color personalizado, capacidad, grosor, dise\u00f1o 3D, precio directo de f\u00e1brica<\/td>\n<\/tr>\n<\/tbody>\n<\/table>","protected":false},"excerpt":{"rendered":"<p>Product Name factory direct sales warehouse heavy product storage china pallet racking system Material Q235B Cold-rolled steel Type Heavy duty rack Finish: Durable powder coated Surface Treatment: Pickling and Phosphating Apply Industrial, warehouse cargo storage, factory longspan shelf, garage storage shelf rack Feature Overall size: Customized as per your needs Capacity: 1000kg-3000kg\/layer layer: Standard 4 [&hellip;]<\/p>\n","protected":false},"featured_media":585,"template":"","meta":[],"product_brand":[],"product_cat":[20],"product_tag":[],"class_list":{"0":"post-583","1":"product","2":"type-product","3":"status-publish","4":"has-post-thumbnail","6":"product_cat-warehouse-racking","8":"first","9":"instock","10":"shipping-taxable","11":"product-type-simple"},"_links":{"self":[{"href":"https:\/\/czd-shelves.com\/es\/wp-json\/wp\/v2\/product\/583","targetHints":{"allow":["GET"]}}],"collection":[{"href":"https:\/\/czd-shelves.com\/es\/wp-json\/wp\/v2\/product"}],"about":[{"href":"https:\/\/czd-shelves.com\/es\/wp-json\/wp\/v2\/types\/product"}],"wp:featuredmedia":[{"embeddable":true,"href":"https:\/\/czd-shelves.com\/es\/wp-json\/wp\/v2\/media\/585"}],"wp:attachment":[{"href":"https:\/\/czd-shelves.com\/es\/wp-json\/wp\/v2\/media?parent=583"}],"wp:term":[{"taxonomy":"product_brand","embeddable":true,"href":"https:\/\/czd-shelves.com\/es\/wp-json\/wp\/v2\/product_brand?post=583"},{"taxonomy":"product_cat","embeddable":true,"href":"https:\/\/czd-shelves.com\/es\/wp-json\/wp\/v2\/product_cat?post=583"},{"taxonomy":"product_tag","embeddable":true,"href":"https:\/\/czd-shelves.com\/es\/wp-json\/wp\/v2\/product_tag?post=583"}],"curies":[{"name":"wp","href":"https:\/\/api.w.org\/{rel}","templated":true}]}}