{"id":580,"date":"2022-06-16T03:50:27","date_gmt":"2022-06-16T03:50:27","guid":{"rendered":"https:\/\/czd-shelves.com\/?post_type=product&#038;p=580"},"modified":"2022-08-18T05:54:06","modified_gmt":"2022-08-18T05:54:06","slug":"palet-rack-mediano","status":"publish","type":"product","link":"https:\/\/czd-shelves.com\/es\/product\/pallet-rack-medium\/","title":{"rendered":"proveedor de bastidores de servicio mediano"},"content":{"rendered":"<table width=\"1273\">\n<tbody>\n<tr>\n<td width=\"268\">nombre del producto<\/td>\n<td width=\"1005\"><strong> proveedor de bastidores de servicio mediano<\/strong><\/td>\n<\/tr>\n<tr>\n<td width=\"268\">Material<\/td>\n<td width=\"1005\">Q235B Acero laminado en fr\u00edo<\/td>\n<\/tr>\n<tr>\n<td width=\"268\">Escribe<\/td>\n<td width=\"1005\">Estante ligero<\/td>\n<\/tr>\n<tr>\n<td width=\"268\">Finalizar:<\/td>\n<td width=\"1005\">Recubrimiento en polvo duradero<\/td>\n<\/tr>\n<tr>\n<td width=\"268\">Tratamiento de superficies:<\/td>\n<td width=\"1005\">Decapado y Fosfatado<\/td>\n<\/tr>\n<tr>\n<td width=\"268\">Aplicar<\/td>\n<td width=\"1005\">Industrial, almac\u00e9n, f\u00e1brica<\/td>\n<\/tr>\n<tr>\n<td rowspan=\"5\" width=\"268\">Rasgo<\/td>\n<td width=\"1005\">Tama\u00f1o total: 2000*500*2000mm, 2000*600*2000mm, 1500*500*2000mm, 1500*600*2000mm<\/td>\n<\/tr>\n<tr>\n<td width=\"1005\">Capacidad: 200kg\/capa<\/td>\n<\/tr>\n<tr>\n<td width=\"1005\">capa: est\u00e1ndar de 4 capas<\/td>\n<\/tr>\n<tr>\n<td width=\"1005\">Estructura: 2 montantes + 8 vigas +8 placas<\/td>\n<\/tr>\n<tr>\n<td width=\"1005\">Color: azul, gris, azul + naranja, color personalizado<\/td>\n<\/tr>\n<tr>\n<td rowspan=\"3\" width=\"268\">transacci\u00f3n<\/td>\n<td width=\"1005\">Cargando: rack principal de 85 juegos para 20GP, rack principal de 210 juegos para 40HQ<\/td>\n<\/tr>\n<tr>\n<td width=\"1005\">Plazo de pago: T\/T, dep\u00f3sito 30%, saldo 70% debe pagarse antes del env\u00edo<\/td>\n<\/tr>\n<tr>\n<td width=\"1005\">Plazo de ejecuci\u00f3n: 1-7 d\u00edas h\u00e1biles para la muestra, 10-15 d\u00edas h\u00e1biles para la producci\u00f3n en masa<\/td>\n<\/tr>\n<tr>\n<td width=\"268\">Paquete<\/td>\n<td width=\"1005\">Pel\u00edcula de burbujas para montante y viga, cart\u00f3n est\u00e1ndar para placa; o embalaje de seguridad personalizado para transporte de larga distancia<\/td>\n<\/tr>\n<tr>\n<td width=\"268\">Servicio<\/td>\n<td width=\"1005\">Color personalizado, capacidad, grosor, dise\u00f1o 3D, precio directo de f\u00e1brica<\/td>\n<\/tr>\n<\/tbody>\n<\/table>","protected":false},"excerpt":{"rendered":"<p>Product Name medium duty racks supplier Material Q235B Cold-rolled steel Type Light duty rack Finish: Durable powder coated Surface Treatment: Pickling and Phosphating Apply Industrial, warehouse, factory Feature Overall size: 2000*500*2000mm, 2000*600*2000mm, 1500*500*2000mm, 1500*600*2000mm Capacity: 200kg\/layer layer: Standard 4 layer Structure: 2 upright + 8 beam +8 plate Color: Blue, gray, blue+orange, customized color transaction [&hellip;]<\/p>\n","protected":false},"featured_media":582,"template":"","meta":[],"product_brand":[],"product_cat":[20],"product_tag":[],"class_list":{"0":"post-580","1":"product","2":"type-product","3":"status-publish","4":"has-post-thumbnail","6":"product_cat-warehouse-racking","8":"first","9":"instock","10":"shipping-taxable","11":"product-type-simple"},"_links":{"self":[{"href":"https:\/\/czd-shelves.com\/es\/wp-json\/wp\/v2\/product\/580","targetHints":{"allow":["GET"]}}],"collection":[{"href":"https:\/\/czd-shelves.com\/es\/wp-json\/wp\/v2\/product"}],"about":[{"href":"https:\/\/czd-shelves.com\/es\/wp-json\/wp\/v2\/types\/product"}],"wp:featuredmedia":[{"embeddable":true,"href":"https:\/\/czd-shelves.com\/es\/wp-json\/wp\/v2\/media\/582"}],"wp:attachment":[{"href":"https:\/\/czd-shelves.com\/es\/wp-json\/wp\/v2\/media?parent=580"}],"wp:term":[{"taxonomy":"product_brand","embeddable":true,"href":"https:\/\/czd-shelves.com\/es\/wp-json\/wp\/v2\/product_brand?post=580"},{"taxonomy":"product_cat","embeddable":true,"href":"https:\/\/czd-shelves.com\/es\/wp-json\/wp\/v2\/product_cat?post=580"},{"taxonomy":"product_tag","embeddable":true,"href":"https:\/\/czd-shelves.com\/es\/wp-json\/wp\/v2\/product_tag?post=580"}],"curies":[{"name":"wp","href":"https:\/\/api.w.org\/{rel}","templated":true}]}}