{"id":577,"date":"2022-06-16T03:46:05","date_gmt":"2022-06-16T03:46:05","guid":{"rendered":"https:\/\/czd-shelves.com\/?post_type=product&#038;p=577"},"modified":"2022-08-18T05:54:21","modified_gmt":"2022-08-18T05:54:21","slug":"estanteria-plataforma-resistente","status":"publish","type":"product","link":"https:\/\/czd-shelves.com\/es\/product\/heavy-duty-platform-racking\/","title":{"rendered":"Fabricantes de estanter\u00edas para palets de alta resistencia"},"content":{"rendered":"<table style=\"border-collapse: collapse; width: 934.52pt;\" border=\"0\" width=\"1246\" cellspacing=\"0\" cellpadding=\"0\">\n<tbody>\n<tr style=\"height: 45.75pt;\">\n<td class=\"et2\" style=\"height: 45.75pt; width: 183.50pt;\" width=\"244\" height=\"61\">nombre del producto<\/td>\n<td class=\"et3\" style=\"width: 751.00pt;\" width=\"1001\"><strong>Fabricantes de estanter\u00edas para palets de alta resistencia<\/strong><\/td>\n<\/tr>\n<tr style=\"height: 23.25pt;\">\n<td class=\"et2\" style=\"height: 23.25pt; width: 183.50pt;\" width=\"244\" height=\"31\">Material<\/td>\n<td class=\"et3\" style=\"width: 751.00pt;\" width=\"1001\">Q235B Acero laminado en fr\u00edo<\/td>\n<\/tr>\n<tr style=\"height: 23.25pt;\">\n<td class=\"et2\" style=\"height: 23.25pt; width: 183.50pt;\" width=\"244\" height=\"31\">Escribe<\/td>\n<td class=\"et3\" style=\"width: 751.00pt;\" width=\"1001\">Entreplanta de acero \/ <strong>estanter\u00eda de palet entresuelo bricolaje<\/strong><\/td>\n<\/tr>\n<tr style=\"height: 23.25pt;\">\n<td class=\"et2\" style=\"height: 23.25pt; width: 183.50pt;\" width=\"244\" height=\"31\">Finalizar:<\/td>\n<td class=\"et3\" style=\"width: 751.00pt;\" width=\"1001\">Recubrimiento en polvo duradero<\/td>\n<\/tr>\n<tr style=\"height: 22.50pt;\">\n<td class=\"et4\" style=\"height: 45.75pt; width: 183.50pt; border-bottom: 1.0pt solid #CCCCCC;\" rowspan=\"2\" width=\"244\" height=\"61\">Tratamiento de superficies:<\/td>\n<td class=\"et5\" style=\"width: 751.00pt;\" width=\"1001\">Decapado y Fosfatado,<\/td>\n<\/tr>\n<tr style=\"height: 23.25pt;\">\n<td class=\"et7\" style=\"width: 751.00pt;\" width=\"1001\">Protecci\u00f3n contra la corrosi\u00f3n<\/td>\n<\/tr>\n<tr style=\"height: 23.25pt;\">\n<td class=\"et2\" style=\"height: 23.25pt; width: 183.50pt;\" width=\"244\" height=\"31\">Garantizar<\/td>\n<td class=\"et3\" style=\"width: 751.00pt;\" width=\"1001\">3-5 a\u00f1os<\/td>\n<\/tr>\n<tr style=\"height: 24.00pt;\">\n<td class=\"et2\" style=\"height: 24.00pt; width: 183.50pt;\" width=\"244\" height=\"32\">Aplicar<\/td>\n<td class=\"et3\" style=\"width: 751.00pt;\" width=\"1001\">Industrial, almac\u00e9n, f\u00e1brica, lugar de almacenamiento\/ Estructura de acero estable Almac\u00e9n de almacenamiento en rack de plataforma de \u00e1tico<\/td>\n<\/tr>\n<tr style=\"height: 23.25pt;\">\n<td class=\"et4\" style=\"height: 99.50pt; width: 183.50pt; border-bottom: 1.0pt solid #CCCCCC;\" rowspan=\"4\" width=\"244\" height=\"132\">Rasgo<\/td>\n<td class=\"et3\" style=\"width: 751.00pt;\" width=\"1001\">Capacidad: 200kg-500kg\/SQM<\/td>\n<\/tr>\n<tr style=\"height: 23.25pt;\">\n<td class=\"et3\" style=\"width: 751.00pt;\" width=\"1001\">capa: multinivel<\/td>\n<\/tr>\n<tr style=\"height: 24.00pt;\">\n<td class=\"et3\" style=\"width: 751.00pt;\" width=\"1001\">Estructura: vertical + viga + palet\/malla de alambre\/chapa de acero\/chapa de madera<\/td>\n<\/tr>\n<tr style=\"height: 29.00pt;\">\n<td class=\"et3\" style=\"width: 751.00pt;\" width=\"1001\">Color: azul, gris, azul + naranja, color personalizado<\/td>\n<\/tr>\n<tr style=\"height: 23.25pt;\">\n<td class=\"et4\" style=\"height: 69.75pt; width: 183.50pt; border-bottom: 1.0pt solid #CCCCCC;\" rowspan=\"3\" width=\"244\" height=\"93\">Dimensi\u00f3n<\/td>\n<td class=\"et3\" style=\"width: 751.00pt;\" width=\"1001\">Largo: 2300\/2500\/2700\/3000\/3300\/3600\/3900mm<\/td>\n<\/tr>\n<tr style=\"height: 23.25pt;\">\n<td class=\"et3\" style=\"width: 751.00pt;\" width=\"1001\">Ancho: 800 \/ 1000 \/ 1100 \/ 1200 mm<\/td>\n<\/tr>\n<tr style=\"height: 23.25pt;\">\n<td class=\"et3\" style=\"width: 751.00pt;\" width=\"1001\">Alto: 2000-13000 mm<\/td>\n<\/tr>\n<tr style=\"height: 23.25pt;\">\n<td class=\"et4\" style=\"height: 87.75pt; width: 183.50pt; border-bottom: 1.0pt solid #CCCCCC;\" rowspan=\"3\" width=\"244\" height=\"117\">transacci\u00f3n<\/td>\n<td class=\"et3\" style=\"width: 751.00pt;\" width=\"1001\">MOQ: 1 juegos<\/td>\n<\/tr>\n<tr style=\"height: 35.50pt;\">\n<td class=\"et3\" style=\"width: 751.00pt;\" width=\"1001\">Plazo de pago: T\/T, dep\u00f3sito 30%, saldo 70% debe pagarse antes del env\u00edo<\/td>\n<\/tr>\n<tr style=\"height: 29.00pt;\">\n<td class=\"et3\" style=\"width: 751.00pt;\" width=\"1001\">Plazo de ejecuci\u00f3n: 1-7 d\u00edas h\u00e1biles para la muestra, 10-15 d\u00edas h\u00e1biles para la producci\u00f3n en masa<\/td>\n<\/tr>\n<tr style=\"height: 54.00pt;\">\n<td class=\"et4\" style=\"height: 89.00pt; width: 183.50pt; border-bottom: 1.0pt solid #CCCCCC;\" rowspan=\"2\" width=\"244\" height=\"118\">Paquete<\/td>\n<td class=\"et5\" style=\"width: 751.00pt;\" width=\"1001\">Estante de piso intermedio, pel\u00edcula de burbujas para montante y viga, cart\u00f3n est\u00e1ndar para placa; o embalaje de seguridad personalizado para larga distancia<\/td>\n<\/tr>\n<tr style=\"height: 35.00pt;\">\n<td class=\"et7\" style=\"width: 751.00pt;\" width=\"1001\">transportaci\u00f3n<\/td>\n<\/tr>\n<tr style=\"height: 35.50pt;\">\n<td class=\"et2\" style=\"height: 35.50pt; width: 183.50pt;\" width=\"244\" height=\"47\">Servicio<\/td>\n<td class=\"et3\" style=\"width: 751.00pt;\" width=\"1001\">Color personalizado, capacidad, grosor, dise\u00f1o 3D, precio directo de f\u00e1brica<\/td>\n<\/tr>\n<\/tbody>\n<\/table>","protected":false},"excerpt":{"rendered":"<p>Product Name Heavy duty pallet rack manufacturers Material Q235B Cold-rolled steel Type Steel mazzanine floor \/ pallet rack mezzanine diy Finish: Durable powder coated Surface Treatment: Pickling and Phosphating, Corrosion Protection Guarantee 3-5years Apply Industrial, warehouse, factory, storage place\/ Stable Steel Structure Attic Platform Rack Warehouse Storage Feature Capacity: 200kg-500kg\/SQM layer: Multi-Level Structure: upright + [&hellip;]<\/p>\n","protected":false},"featured_media":579,"template":"","meta":[],"product_brand":[],"product_cat":[20],"product_tag":[],"class_list":{"0":"post-577","1":"product","2":"type-product","3":"status-publish","4":"has-post-thumbnail","6":"product_cat-warehouse-racking","8":"first","9":"instock","10":"shipping-taxable","11":"product-type-simple"},"_links":{"self":[{"href":"https:\/\/czd-shelves.com\/es\/wp-json\/wp\/v2\/product\/577","targetHints":{"allow":["GET"]}}],"collection":[{"href":"https:\/\/czd-shelves.com\/es\/wp-json\/wp\/v2\/product"}],"about":[{"href":"https:\/\/czd-shelves.com\/es\/wp-json\/wp\/v2\/types\/product"}],"wp:featuredmedia":[{"embeddable":true,"href":"https:\/\/czd-shelves.com\/es\/wp-json\/wp\/v2\/media\/579"}],"wp:attachment":[{"href":"https:\/\/czd-shelves.com\/es\/wp-json\/wp\/v2\/media?parent=577"}],"wp:term":[{"taxonomy":"product_brand","embeddable":true,"href":"https:\/\/czd-shelves.com\/es\/wp-json\/wp\/v2\/product_brand?post=577"},{"taxonomy":"product_cat","embeddable":true,"href":"https:\/\/czd-shelves.com\/es\/wp-json\/wp\/v2\/product_cat?post=577"},{"taxonomy":"product_tag","embeddable":true,"href":"https:\/\/czd-shelves.com\/es\/wp-json\/wp\/v2\/product_tag?post=577"}],"curies":[{"name":"wp","href":"https:\/\/api.w.org\/{rel}","templated":true}]}}