{"id":1006,"date":"2022-06-17T03:44:14","date_gmt":"2022-06-17T03:44:14","guid":{"rendered":"https:\/\/czd-shelves.com\/?post_type=product&#038;p=1006"},"modified":"2024-02-29T07:41:50","modified_gmt":"2024-02-29T07:41:50","slug":"mostrador-de-pago-de-estilo-de-madera","status":"publish","type":"product","link":"https:\/\/czd-shelves.com\/es\/product\/wood-style-checkout-counter\/","title":{"rendered":"Wooden Style Supermarket Checkout Counter manufacturer &#038; supplier"},"content":{"rendered":"<table style=\"border-collapse: collapse; width: 786.02pt;\" border=\"0\" width=\"1048\" cellspacing=\"0\" cellpadding=\"0\">\n<tbody>\n<tr style=\"height: 41.50pt;\">\n<td class=\"et2\" style=\"height: 41.50pt; width: 157.00pt;\" width=\"209\" height=\"55\">Producto<\/td>\n<td class=\"et3\" style=\"width: 629.00pt;\" width=\"838\"><strong>Mostrador de pago de supermercado de estilo de madera<\/strong><\/td>\n<\/tr>\n<tr style=\"height: 23.25pt;\">\n<td class=\"et4\" style=\"height: 23.25pt; width: 157.00pt;\" width=\"209\" height=\"31\">Color<\/td>\n<td class=\"et3\" style=\"width: 629.00pt;\" width=\"838\">Blanco, grano de madera, gris, color personalizado disponible<\/td>\n<\/tr>\n<tr style=\"height: 45.00pt;\">\n<td class=\"et5\" style=\"height: 90.75pt; width: 157.00pt; border-bottom: 1.0pt solid #CCCCCC;\" rowspan=\"2\" width=\"209\" height=\"121\">Aplicar<\/td>\n<td class=\"et6\" style=\"width: 629.00pt;\" width=\"838\">cajero de tienda conveniente, cajero de tienda de abarrotes, cajero de tienda general, cajero de mercado mediano, cajero de cadena de tiendas, supermercado<\/td>\n<\/tr>\n<tr style=\"height: 45.75pt;\">\n<td class=\"et8\" style=\"width: 629.00pt;\" width=\"838\">cajero, cajero de hipermercado, cajero de farmacia, cajero de papeler\u00eda, cajero de tienda de viento rojo, cajero de fruter\u00eda<\/td>\n<\/tr>\n<tr style=\"height: 23.25pt;\">\n<td class=\"et9\" style=\"height: 46.50pt; width: 157.00pt; border-bottom: 1.0pt solid #CCCCCC;\" rowspan=\"2\" width=\"209\" height=\"62\">Dimensi\u00f3n<\/td>\n<td class=\"et3\" style=\"width: 629.00pt;\" width=\"838\">900mm*600mm*900mm<\/td>\n<\/tr>\n<tr style=\"height: 23.25pt;\">\n<td class=\"et3\" style=\"width: 629.00pt;\" width=\"838\">600mm*600mm*900mm<\/td>\n<\/tr>\n<tr style=\"height: 23.25pt;\">\n<td class=\"et11\" style=\"height: 114.75pt; width: 157.00pt; border-bottom: 1.0pt solid #CCCCCC;\" rowspan=\"3\" width=\"209\" height=\"153\">transacci\u00f3n<\/td>\n<td class=\"et3\" style=\"width: 629.00pt;\" width=\"838\">MOQ: 1 juegos<\/td>\n<\/tr>\n<tr style=\"height: 45.75pt;\">\n<td class=\"et3\" style=\"width: 629.00pt;\" width=\"838\">Plazo de pago: T\/T, dep\u00f3sito 30%, saldo 70% debe pagarse antes del env\u00edo<\/td>\n<\/tr>\n<tr style=\"height: 45.75pt;\">\n<td class=\"et3\" style=\"width: 629.00pt;\" width=\"838\">Plazo de ejecuci\u00f3n: 1-7 d\u00edas h\u00e1biles para la muestra, 10-15 d\u00edas h\u00e1biles para la producci\u00f3n en masa<\/td>\n<\/tr>\n<tr style=\"height: 45.75pt;\">\n<td class=\"et2\" style=\"height: 45.75pt; width: 157.00pt;\" width=\"209\" height=\"61\">Paquete<\/td>\n<td class=\"et3\" style=\"width: 629.00pt;\" width=\"838\">Paquete desmontable en cart\u00f3n y espuma de burbujas, embalaje suave para transporte de larga distancia<\/td>\n<\/tr>\n<tr style=\"height: 45.75pt;\">\n<td class=\"et2\" style=\"height: 45.75pt; width: 157.00pt;\" width=\"209\" height=\"61\">Servicio<\/td>\n<td class=\"et3\" style=\"width: 629.00pt;\" width=\"838\">Color personalizado, capacidad, grosor, accesorios, dise\u00f1o 3D, precio directo de f\u00e1brica<\/td>\n<\/tr>\n<\/tbody>\n<\/table>","protected":false},"excerpt":{"rendered":"<p>Product Wooden Style Supermarket Checkout Counter Color white, wood grain, grey, customized color are available Apply convenient shop cashier, grocery store cashier, general store cashier, middle-size market cashier, chain store cashier, supermarket cashier, hypermarket cashier, pharmacy shop cashier, stationery shop cashier, red wind store cashier, fruit store cashier Dimension 900mm*600mm*900mm 600mm*600mm*900mm transaction MOQ: 1 sets [&hellip;]<\/p>\n","protected":false},"featured_media":1007,"template":"","meta":[],"product_brand":[],"product_cat":[27],"product_tag":[],"class_list":{"0":"post-1006","1":"product","2":"type-product","3":"status-publish","4":"has-post-thumbnail","6":"product_cat-checkout-counter","8":"first","9":"instock","10":"shipping-taxable","11":"product-type-simple"},"_links":{"self":[{"href":"https:\/\/czd-shelves.com\/es\/wp-json\/wp\/v2\/product\/1006","targetHints":{"allow":["GET"]}}],"collection":[{"href":"https:\/\/czd-shelves.com\/es\/wp-json\/wp\/v2\/product"}],"about":[{"href":"https:\/\/czd-shelves.com\/es\/wp-json\/wp\/v2\/types\/product"}],"wp:featuredmedia":[{"embeddable":true,"href":"https:\/\/czd-shelves.com\/es\/wp-json\/wp\/v2\/media\/1007"}],"wp:attachment":[{"href":"https:\/\/czd-shelves.com\/es\/wp-json\/wp\/v2\/media?parent=1006"}],"wp:term":[{"taxonomy":"product_brand","embeddable":true,"href":"https:\/\/czd-shelves.com\/es\/wp-json\/wp\/v2\/product_brand?post=1006"},{"taxonomy":"product_cat","embeddable":true,"href":"https:\/\/czd-shelves.com\/es\/wp-json\/wp\/v2\/product_cat?post=1006"},{"taxonomy":"product_tag","embeddable":true,"href":"https:\/\/czd-shelves.com\/es\/wp-json\/wp\/v2\/product_tag?post=1006"}],"curies":[{"name":"wp","href":"https:\/\/api.w.org\/{rel}","templated":true}]}}