{"id":503,"date":"2022-05-11T05:54:38","date_gmt":"2022-05-11T05:54:38","guid":{"rendered":"https:\/\/czd-shelves.com\/?page_id=503"},"modified":"2023-02-17T05:55:06","modified_gmt":"2023-02-17T05:55:06","slug":"solucion-mayorista","status":"publish","type":"page","link":"https:\/\/czd-shelves.com\/es\/wholesale-solution\/","title":{"rendered":"Soluci\u00f3n al por mayor"},"content":{"rendered":"<div data-elementor-type=\"wp-page\" data-elementor-id=\"503\" class=\"elementor elementor-503\" data-elementor-post-type=\"page\">\n\t\t\t\t\t\t<section data-particle_enable=\"false\" data-particle-mobile-disabled=\"false\" class=\"elementor-section elementor-top-section elementor-element elementor-element-f87f7d8 ct-section-stretched elementor-section-height-min-height elementor-section-boxed elementor-section-height-default elementor-section-items-middle\" data-id=\"f87f7d8\" data-element_type=\"section\" data-e-type=\"section\" data-settings=\"{&quot;background_background&quot;:&quot;classic&quot;}\">\n\t\t\t\t\t\t\t<div class=\"elementor-background-overlay\"><\/div>\n\t\t\t\t\t\t\t<div class=\"elementor-container elementor-column-gap-default\">\n\t\t\t\t\t<div class=\"elementor-column elementor-col-100 elementor-top-column elementor-element elementor-element-f791e07\" data-id=\"f791e07\" data-element_type=\"column\" data-e-type=\"column\">\n\t\t\t<div class=\"elementor-widget-wrap elementor-element-populated\">\n\t\t\t\t\t\t<div class=\"elementor-element elementor-element-9421d09 elementor-widget elementor-widget-text-editor\" data-id=\"9421d09\" data-element_type=\"widget\" data-e-type=\"widget\" data-widget_type=\"text-editor.default\">\n\t\t\t\t<div class=\"elementor-widget-container\">\n\t\t\t\t\t\t\t\t\t<p><nav aria-label=\"migas de pan\" class=\"rank-math-breadcrumb\"><p><span class=\"last\">Hogar<\/span><\/p><\/nav><\/p>\t\t\t\t\t\t\t\t<\/div>\n\t\t\t\t<\/div>\n\t\t\t\t\t<\/div>\n\t\t<\/div>\n\t\t\t\t\t<\/div>\n\t\t<\/section>\n\t\t\t\t<section data-particle_enable=\"false\" data-particle-mobile-disabled=\"false\" class=\"elementor-section elementor-top-section elementor-element elementor-element-2f03a12 elementor-section-content-middle elementor-section-boxed elementor-section-height-default elementor-section-height-default\" data-id=\"2f03a12\" data-element_type=\"section\" data-e-type=\"section\">\n\t\t\t\t\t\t<div class=\"elementor-container elementor-column-gap-custom\">\n\t\t\t\t\t<div class=\"elementor-column elementor-col-50 elementor-top-column elementor-element elementor-element-3a5e250\" data-id=\"3a5e250\" data-element_type=\"column\" data-e-type=\"column\">\n\t\t\t<div class=\"elementor-widget-wrap elementor-element-populated\">\n\t\t\t\t\t\t<div class=\"elementor-element elementor-element-5d9bb9a elementor-widget elementor-widget-image\" data-id=\"5d9bb9a\" data-element_type=\"widget\" data-e-type=\"widget\" data-widget_type=\"image.default\">\n\t\t\t\t<div class=\"elementor-widget-container\">\n\t\t\t\t\t\t\t\t\t\t\t\t\t\t\t<img fetchpriority=\"high\" decoding=\"async\" width=\"750\" height=\"500\" src=\"https:\/\/czd-shelves.com\/wp-content\/uploads\/2022\/05\/ee57d8f8-2bc3-434b-b361-688de7555ecf.jpg\" class=\"attachment-large size-large wp-image-509\" alt=\"\" srcset=\"https:\/\/czd-shelves.com\/wp-content\/uploads\/2022\/05\/ee57d8f8-2bc3-434b-b361-688de7555ecf.jpg 750w, https:\/\/czd-shelves.com\/wp-content\/uploads\/2022\/05\/ee57d8f8-2bc3-434b-b361-688de7555ecf-300x200.jpg 300w, https:\/\/czd-shelves.com\/wp-content\/uploads\/2022\/05\/ee57d8f8-2bc3-434b-b361-688de7555ecf-600x400.jpg 600w\" sizes=\"(max-width: 750px) 100vw, 750px\" title=\"\">\t\t\t\t\t\t\t\t\t\t\t\t\t\t\t<\/div>\n\t\t\t\t<\/div>\n\t\t\t\t\t<\/div>\n\t\t<\/div>\n\t\t\t\t<div class=\"elementor-column elementor-col-50 elementor-top-column elementor-element elementor-element-e8555b8\" data-id=\"e8555b8\" data-element_type=\"column\" data-e-type=\"column\">\n\t\t\t<div class=\"elementor-widget-wrap elementor-element-populated\">\n\t\t\t\t\t\t<div class=\"elementor-element elementor-element-ad95e34 elementor-widget elementor-widget-heading\" data-id=\"ad95e34\" data-element_type=\"widget\" data-e-type=\"widget\" data-widget_type=\"heading.default\">\n\t\t\t\t<div class=\"elementor-widget-container\">\n\t\t\t\t\t<h2 class=\"elementor-heading-title elementor-size-default\">Efectivo y Productivo<\/h2>\t\t\t\t<\/div>\n\t\t\t\t<\/div>\n\t\t\t\t<div class=\"elementor-element elementor-element-8bc4105 elementor-widget elementor-widget-text-editor\" data-id=\"8bc4105\" data-element_type=\"widget\" data-e-type=\"widget\" data-widget_type=\"text-editor.default\">\n\t\t\t\t<div class=\"elementor-widget-container\">\n\t\t\t\t\t\t\t\t\t<p>Changzhida Rack comprende la base de la venta al por mayor, la racha de \u00e9xito y la asequibilidad asociada con ella. En Changzhida Rack ofrecemos m\u00faltiples descuentos en equipos de exhibici\u00f3n de supermercados a granel, equipos de almacenamiento y pedidos de equipos de exhibici\u00f3n comerciales de tiendas. Nuestros productos de estantes al por mayor son de alta calidad y rentables, y aseguramos la entrega oportuna de nuestros productos. Adem\u00e1s, Changzhida coopera con el equipo de transporte de carga experimentado, por lo que podemos garantizar el tiempo de env\u00edo y controlar el costo de la log\u00edstica.<\/p>\t\t\t\t\t\t\t\t<\/div>\n\t\t\t\t<\/div>\n\t\t\t\t\t<\/div>\n\t\t<\/div>\n\t\t\t\t\t<\/div>\n\t\t<\/section>\n\t\t\t\t<section data-particle_enable=\"false\" data-particle-mobile-disabled=\"false\" class=\"elementor-section elementor-top-section elementor-element elementor-element-d68367a elementor-section-content-middle elementor-reverse-mobile elementor-reverse-tablet elementor-section-boxed elementor-section-height-default elementor-section-height-default\" data-id=\"d68367a\" data-element_type=\"section\" data-e-type=\"section\">\n\t\t\t\t\t\t<div class=\"elementor-container elementor-column-gap-custom\">\n\t\t\t\t\t<div class=\"elementor-column elementor-col-50 elementor-top-column elementor-element elementor-element-b63c214\" data-id=\"b63c214\" data-element_type=\"column\" data-e-type=\"column\">\n\t\t\t<div class=\"elementor-widget-wrap elementor-element-populated\">\n\t\t\t\t\t\t<div class=\"elementor-element elementor-element-11bb175 elementor-widget elementor-widget-heading\" data-id=\"11bb175\" data-element_type=\"widget\" data-e-type=\"widget\" data-widget_type=\"heading.default\">\n\t\t\t\t<div class=\"elementor-widget-container\">\n\t\t\t\t\t<h2 class=\"elementor-heading-title elementor-size-default\">Servicio de ventanilla \u00fanica a un precio m\u00e1s bajo<\/h2>\t\t\t\t<\/div>\n\t\t\t\t<\/div>\n\t\t\t\t<div class=\"elementor-element elementor-element-90e3d66 elementor-widget elementor-widget-text-editor\" data-id=\"90e3d66\" data-element_type=\"widget\" data-e-type=\"widget\" data-widget_type=\"text-editor.default\">\n\t\t\t\t<div class=\"elementor-widget-container\">\n\t\t\t\t\t\t\t\t\t<p>Changzhida es una f\u00e1brica de equipos de exhibici\u00f3n para supermercados y almacenes, no una empresa comercial, lo que significa que no hay intermediarios entre nosotros. A diferencia de otras f\u00e1bricas tradicionales, Changzhida no solo ofrece productos de equipos de visualizaci\u00f3n asequibles, sino que tambi\u00e9n se esfuerza por ser su proveedor de soluciones para la cadena de suministro. Ofrecemos una gama de equipos de exhibici\u00f3n para supermercados y almacenes. Nuestros productos est\u00e1n disponibles a precios mayoristas muy accesibles y son de excelente calidad.<\/p><p>Changzhida puede proporcionar casi cualquier cosa que necesite para sus importaciones porque nuestro enfoque profesional no se centra solo en la fabricaci\u00f3n terminada de equipos de supermercado y almac\u00e9n; m\u00e1s bien, nos esforzamos por ser una soluci\u00f3n integral de gesti\u00f3n de la cadena de suministro para todas sus necesidades. Esto incluye servicios ODM\/OEM, asistencia en el dise\u00f1o de tiendas, planificaci\u00f3n de soluciones log\u00edsticas, despacho de aduanas e impuestos, y m\u00e1s.<\/p>\t\t\t\t\t\t\t\t<\/div>\n\t\t\t\t<\/div>\n\t\t\t\t\t<\/div>\n\t\t<\/div>\n\t\t\t\t<div class=\"elementor-column elementor-col-50 elementor-top-column elementor-element elementor-element-19d3241\" data-id=\"19d3241\" data-element_type=\"column\" data-e-type=\"column\">\n\t\t\t<div class=\"elementor-widget-wrap elementor-element-populated\">\n\t\t\t\t\t\t<div class=\"elementor-element elementor-element-0d7cd78 elementor-widget elementor-widget-image\" data-id=\"0d7cd78\" data-element_type=\"widget\" data-e-type=\"widget\" data-widget_type=\"image.default\">\n\t\t\t\t<div class=\"elementor-widget-container\">\n\t\t\t\t\t\t\t\t\t\t\t\t\t\t\t<img decoding=\"async\" width=\"750\" height=\"500\" src=\"https:\/\/czd-shelves.com\/wp-content\/uploads\/2022\/05\/1fc25e2b-b1e1-4fc3-bd69-a30570a544ff.jpg\" class=\"attachment-large size-large wp-image-508\" alt=\"\" srcset=\"https:\/\/czd-shelves.com\/wp-content\/uploads\/2022\/05\/1fc25e2b-b1e1-4fc3-bd69-a30570a544ff.jpg 750w, https:\/\/czd-shelves.com\/wp-content\/uploads\/2022\/05\/1fc25e2b-b1e1-4fc3-bd69-a30570a544ff-300x200.jpg 300w, https:\/\/czd-shelves.com\/wp-content\/uploads\/2022\/05\/1fc25e2b-b1e1-4fc3-bd69-a30570a544ff-600x400.jpg 600w\" sizes=\"(max-width: 750px) 100vw, 750px\" title=\"\">\t\t\t\t\t\t\t\t\t\t\t\t\t\t\t<\/div>\n\t\t\t\t<\/div>\n\t\t\t\t\t<\/div>\n\t\t<\/div>\n\t\t\t\t\t<\/div>\n\t\t<\/section>\n\t\t\t\t<section data-particle_enable=\"false\" data-particle-mobile-disabled=\"false\" class=\"elementor-section elementor-top-section elementor-element elementor-element-1b1e200 elementor-section-content-middle elementor-section-boxed elementor-section-height-default elementor-section-height-default\" data-id=\"1b1e200\" data-element_type=\"section\" data-e-type=\"section\">\n\t\t\t\t\t\t<div class=\"elementor-container elementor-column-gap-custom\">\n\t\t\t\t\t<div class=\"elementor-column elementor-col-50 elementor-top-column elementor-element elementor-element-ff2cce4\" data-id=\"ff2cce4\" data-element_type=\"column\" data-e-type=\"column\">\n\t\t\t<div class=\"elementor-widget-wrap elementor-element-populated\">\n\t\t\t\t\t\t<div class=\"elementor-element elementor-element-647ced0 elementor-widget elementor-widget-image\" data-id=\"647ced0\" data-element_type=\"widget\" data-e-type=\"widget\" data-widget_type=\"image.default\">\n\t\t\t\t<div class=\"elementor-widget-container\">\n\t\t\t\t\t\t\t\t\t\t\t\t\t\t\t<img decoding=\"async\" width=\"749\" height=\"500\" src=\"https:\/\/czd-shelves.com\/wp-content\/uploads\/2022\/05\/93348357-f799-4b57-b5cc-59a3827246cb.jpg\" class=\"attachment-large size-large wp-image-507\" alt=\"\" srcset=\"https:\/\/czd-shelves.com\/wp-content\/uploads\/2022\/05\/93348357-f799-4b57-b5cc-59a3827246cb.jpg 749w, https:\/\/czd-shelves.com\/wp-content\/uploads\/2022\/05\/93348357-f799-4b57-b5cc-59a3827246cb-300x200.jpg 300w, https:\/\/czd-shelves.com\/wp-content\/uploads\/2022\/05\/93348357-f799-4b57-b5cc-59a3827246cb-600x401.jpg 600w\" sizes=\"(max-width: 749px) 100vw, 749px\" title=\"\">\t\t\t\t\t\t\t\t\t\t\t\t\t\t\t<\/div>\n\t\t\t\t<\/div>\n\t\t\t\t\t<\/div>\n\t\t<\/div>\n\t\t\t\t<div class=\"elementor-column elementor-col-50 elementor-top-column elementor-element elementor-element-defd196\" data-id=\"defd196\" data-element_type=\"column\" data-e-type=\"column\">\n\t\t\t<div class=\"elementor-widget-wrap elementor-element-populated\">\n\t\t\t\t\t\t<div class=\"elementor-element elementor-element-c7dca20 elementor-widget elementor-widget-heading\" data-id=\"c7dca20\" data-element_type=\"widget\" data-e-type=\"widget\" data-widget_type=\"heading.default\">\n\t\t\t\t<div class=\"elementor-widget-container\">\n\t\t\t\t\t<h2 class=\"elementor-heading-title elementor-size-default\">Equipo a granel, precio al por mayor<\/h2>\t\t\t\t<\/div>\n\t\t\t\t<\/div>\n\t\t\t\t<div class=\"elementor-element elementor-element-1dce7e0 elementor-widget elementor-widget-text-editor\" data-id=\"1dce7e0\" data-element_type=\"widget\" data-e-type=\"widget\" data-widget_type=\"text-editor.default\">\n\t\t\t\t<div class=\"elementor-widget-container\">\n\t\t\t\t\t\t\t\t\t<p>Changzhida entiende que ordenar productos a granel con un alto precio de env\u00edo puede ser demasiado agitado para ordenar. Queremos aliviar la carga de nuestros clientes y esforzarnos por ser uno de los proveedores m\u00e1s amigables. As\u00ed que Changzhida ofrece descuentos en la entrega de paquetes a granel al por mayor. El descuento puede ser de hasta 30%, que es una gran seguridad en cuanto a costos y presupuesto en el mercado y la era actuales.<\/p><p>Changzhida siempre le entrega productos de la mejor calidad, ofrecemos precios de env\u00edo econ\u00f3micos y una cadena de suministro de productos al por mayor de buena calidad. Para que pueda concentrarse en ampliar su negocio.<\/p>\t\t\t\t\t\t\t\t<\/div>\n\t\t\t\t<\/div>\n\t\t\t\t\t<\/div>\n\t\t<\/div>\n\t\t\t\t\t<\/div>\n\t\t<\/section>\n\t\t\t\t<section data-particle_enable=\"false\" data-particle-mobile-disabled=\"false\" class=\"elementor-section elementor-top-section elementor-element elementor-element-359d9d7 elementor-section-content-middle elementor-reverse-mobile elementor-reverse-tablet elementor-section-boxed elementor-section-height-default elementor-section-height-default\" data-id=\"359d9d7\" data-element_type=\"section\" data-e-type=\"section\">\n\t\t\t\t\t\t<div class=\"elementor-container elementor-column-gap-custom\">\n\t\t\t\t\t<div class=\"elementor-column elementor-col-50 elementor-top-column elementor-element elementor-element-597ae33\" data-id=\"597ae33\" data-element_type=\"column\" data-e-type=\"column\">\n\t\t\t<div class=\"elementor-widget-wrap elementor-element-populated\">\n\t\t\t\t\t\t<div class=\"elementor-element elementor-element-70404f3 elementor-widget elementor-widget-heading\" data-id=\"70404f3\" data-element_type=\"widget\" data-e-type=\"widget\" data-widget_type=\"heading.default\">\n\t\t\t\t<div class=\"elementor-widget-container\">\n\t\t\t\t\t<h2 class=\"elementor-heading-title elementor-size-default\">muestra gratis por supuesto<\/h2>\t\t\t\t<\/div>\n\t\t\t\t<\/div>\n\t\t\t\t<div class=\"elementor-element elementor-element-e90fb98 elementor-widget elementor-widget-text-editor\" data-id=\"e90fb98\" data-element_type=\"widget\" data-e-type=\"widget\" data-widget_type=\"text-editor.default\">\n\t\t\t\t<div class=\"elementor-widget-container\">\n\t\t\t\t\t\t\t\t\t<p>Creemos que el producto en s\u00ed mismo habla m\u00e1s fuerte, y es dif\u00edcil tener una idea de la calidad de nuestros productos simplemente confiando en las descripciones de texto. No queremos que nadie gaste una gran suma de dinero y luego compre un producto que no le gusta o no le queda bien. Por lo tanto, Changzhida se complace en proporcionar muestras gratuitas a nuestros clientes que nos compran, y estas muestras son absolutamente de la misma calidad que los productos de pedidos al por mayor.<\/p><p>Puede probar estas muestras antes de gastar dinero en nuestros productos. Ya sea que sea un cliente habitual o un cliente nuevo, Changzhida puede proporcionarle muestras de algunos productos que compre. Estas muestras son solo un gesto ejemplar de nuestro servicio al cliente. Queremos convencer a nuestros clientes con nuestro servicio y los propios productos, no solo con palabras.<\/p>\t\t\t\t\t\t\t\t<\/div>\n\t\t\t\t<\/div>\n\t\t\t\t\t<\/div>\n\t\t<\/div>\n\t\t\t\t<div class=\"elementor-column elementor-col-50 elementor-top-column elementor-element elementor-element-761c332\" data-id=\"761c332\" data-element_type=\"column\" data-e-type=\"column\">\n\t\t\t<div class=\"elementor-widget-wrap elementor-element-populated\">\n\t\t\t\t\t\t<div class=\"elementor-element elementor-element-b6a971e elementor-widget elementor-widget-image\" data-id=\"b6a971e\" data-element_type=\"widget\" data-e-type=\"widget\" data-widget_type=\"image.default\">\n\t\t\t\t<div class=\"elementor-widget-container\">\n\t\t\t\t\t\t\t\t\t\t\t\t\t\t\t<img loading=\"lazy\" decoding=\"async\" width=\"750\" height=\"500\" src=\"https:\/\/czd-shelves.com\/wp-content\/uploads\/2022\/05\/0495fca2-8275-481e-aa7c-dcffc43ca7f9.jpg\" class=\"attachment-large size-large wp-image-506\" alt=\"\" srcset=\"https:\/\/czd-shelves.com\/wp-content\/uploads\/2022\/05\/0495fca2-8275-481e-aa7c-dcffc43ca7f9.jpg 750w, https:\/\/czd-shelves.com\/wp-content\/uploads\/2022\/05\/0495fca2-8275-481e-aa7c-dcffc43ca7f9-300x200.jpg 300w, https:\/\/czd-shelves.com\/wp-content\/uploads\/2022\/05\/0495fca2-8275-481e-aa7c-dcffc43ca7f9-600x400.jpg 600w\" sizes=\"(max-width: 750px) 100vw, 750px\" title=\"\">\t\t\t\t\t\t\t\t\t\t\t\t\t\t\t<\/div>\n\t\t\t\t<\/div>\n\t\t\t\t\t<\/div>\n\t\t<\/div>\n\t\t\t\t\t<\/div>\n\t\t<\/section>\n\t\t\t\t<\/div>","protected":false},"excerpt":{"rendered":"<p>Effective And Productive Changzhida Rack understands the basis of wholesale, the streak of success, and affordability associated with it. We at Changzhida Rack offer multiple discounts on bulk supermarket display equipment, storage equipment, and store commercial display equipment orders. Our wholesale rack products are both high-quality and cost-effect, and we assure the timely delivery of [&hellip;]<\/p>\n","protected":false},"author":1,"featured_media":509,"parent":0,"menu_order":0,"comment_status":"closed","ping_status":"closed","template":"","meta":{"footnotes":""},"class_list":["post-503","page","type-page","status-publish","has-post-thumbnail","hentry"],"blocksy_meta":{"styles_descriptor":{"styles":{"desktop":"","tablet":"","mobile":""},"google_fonts":[],"version":6}},"_links":{"self":[{"href":"https:\/\/czd-shelves.com\/es\/wp-json\/wp\/v2\/pages\/503","targetHints":{"allow":["GET"]}}],"collection":[{"href":"https:\/\/czd-shelves.com\/es\/wp-json\/wp\/v2\/pages"}],"about":[{"href":"https:\/\/czd-shelves.com\/es\/wp-json\/wp\/v2\/types\/page"}],"author":[{"embeddable":true,"href":"https:\/\/czd-shelves.com\/es\/wp-json\/wp\/v2\/users\/1"}],"replies":[{"embeddable":true,"href":"https:\/\/czd-shelves.com\/es\/wp-json\/wp\/v2\/comments?post=503"}],"version-history":[{"count":25,"href":"https:\/\/czd-shelves.com\/es\/wp-json\/wp\/v2\/pages\/503\/revisions"}],"predecessor-version":[{"id":2167,"href":"https:\/\/czd-shelves.com\/es\/wp-json\/wp\/v2\/pages\/503\/revisions\/2167"}],"wp:featuredmedia":[{"embeddable":true,"href":"https:\/\/czd-shelves.com\/es\/wp-json\/wp\/v2\/media\/509"}],"wp:attachment":[{"href":"https:\/\/czd-shelves.com\/es\/wp-json\/wp\/v2\/media?parent=503"}],"curies":[{"name":"wp","href":"https:\/\/api.w.org\/{rel}","templated":true}]}}