{"id":416,"date":"2022-05-10T06:54:03","date_gmt":"2022-05-10T06:54:03","guid":{"rendered":"https:\/\/czd-shelves.com\/?page_id=416"},"modified":"2023-02-17T05:48:08","modified_gmt":"2023-02-17T05:48:08","slug":"nuestra-fabrica","status":"publish","type":"page","link":"https:\/\/czd-shelves.com\/es\/our-factory\/","title":{"rendered":"Nuestra f\u00e1brica"},"content":{"rendered":"<div data-elementor-type=\"wp-page\" data-elementor-id=\"416\" class=\"elementor elementor-416\" data-elementor-post-type=\"page\">\n\t\t\t\t\t\t<section data-particle_enable=\"false\" data-particle-mobile-disabled=\"false\" class=\"elementor-section elementor-top-section elementor-element elementor-element-8277893 ct-section-stretched elementor-section-height-min-height elementor-section-boxed elementor-section-height-default elementor-section-items-middle\" data-id=\"8277893\" data-element_type=\"section\" data-e-type=\"section\" data-settings=\"{&quot;background_background&quot;:&quot;classic&quot;}\">\n\t\t\t\t\t\t\t<div class=\"elementor-background-overlay\"><\/div>\n\t\t\t\t\t\t\t<div class=\"elementor-container elementor-column-gap-default\">\n\t\t\t\t\t<div class=\"elementor-column elementor-col-100 elementor-top-column elementor-element elementor-element-60483f6\" data-id=\"60483f6\" data-element_type=\"column\" data-e-type=\"column\">\n\t\t\t<div class=\"elementor-widget-wrap elementor-element-populated\">\n\t\t\t\t\t\t<div class=\"elementor-element elementor-element-319dd0c elementor-widget elementor-widget-text-editor\" data-id=\"319dd0c\" data-element_type=\"widget\" data-e-type=\"widget\" data-widget_type=\"text-editor.default\">\n\t\t\t\t<div class=\"elementor-widget-container\">\n\t\t\t\t\t\t\t\t\t<p><nav aria-label=\"migas de pan\" class=\"rank-math-breadcrumb\"><p><span class=\"last\">Hogar<\/span><\/p><\/nav><\/p>\t\t\t\t\t\t\t\t<\/div>\n\t\t\t\t<\/div>\n\t\t\t\t\t<\/div>\n\t\t<\/div>\n\t\t\t\t\t<\/div>\n\t\t<\/section>\n\t\t\t\t<section data-particle_enable=\"false\" data-particle-mobile-disabled=\"false\" class=\"elementor-section elementor-top-section elementor-element elementor-element-d7e1984 elementor-section-boxed elementor-section-height-default elementor-section-height-default\" data-id=\"d7e1984\" data-element_type=\"section\" data-e-type=\"section\">\n\t\t\t\t\t\t<div class=\"elementor-container elementor-column-gap-custom\">\n\t\t\t\t\t<div class=\"elementor-column elementor-col-50 elementor-top-column elementor-element elementor-element-e25adea\" data-id=\"e25adea\" data-element_type=\"column\" data-e-type=\"column\">\n\t\t\t<div class=\"elementor-widget-wrap elementor-element-populated\">\n\t\t\t\t\t\t<div class=\"elementor-element elementor-element-ca27c59 elementor-widget elementor-widget-text-editor\" data-id=\"ca27c59\" data-element_type=\"widget\" data-e-type=\"widget\" data-widget_type=\"text-editor.default\">\n\t\t\t\t<div class=\"elementor-widget-container\">\n\t\t\t\t\t\t\t\t\t<p>99% SATISFACCI\u00d3N Fabricaci\u00f3n<\/p>\t\t\t\t\t\t\t\t<\/div>\n\t\t\t\t<\/div>\n\t\t\t\t<div class=\"elementor-element elementor-element-4dc09a2 elementor-widget elementor-widget-heading\" data-id=\"4dc09a2\" data-element_type=\"widget\" data-e-type=\"widget\" data-widget_type=\"heading.default\">\n\t\t\t\t<div class=\"elementor-widget-container\">\n\t\t\t\t\t<h2 class=\"elementor-heading-title elementor-size-default\">La f\u00e1brica l\u00edder de equipos de supermercado calificados en China<\/h2>\t\t\t\t<\/div>\n\t\t\t\t<\/div>\n\t\t\t\t<div class=\"elementor-element elementor-element-86c52ae elementor-widget elementor-widget-text-editor\" data-id=\"86c52ae\" data-element_type=\"widget\" data-e-type=\"widget\" data-widget_type=\"text-editor.default\">\n\t\t\t\t<div class=\"elementor-widget-container\">\n\t\t\t\t\t\t\t\t\t<p>Nuestra f\u00e1brica de equipos para supermercados se estableci\u00f3 hace 20 a\u00f1os, y es la empresa que fabrica profesionalmente equipos de exhibici\u00f3n y almacenamiento para supermercados. Changzhida tiene un conjunto completo de sistemas de producci\u00f3n de investigaci\u00f3n y desarrollo, compra de materiales, producci\u00f3n, inspecci\u00f3n, embalaje y exportaci\u00f3n.<\/p><p>Todos nuestros trabajadores calificados y experimentados, un estricto sistema de control de calidad, un excelente equipo de administraci\u00f3n y mano de obra, y un profundo conocimiento de la industria de equipos de exhibici\u00f3n de supermercados, equipos de almacenamiento y equipos de exhibici\u00f3n comercial para tiendas est\u00e1n dise\u00f1ados para garantizar que nuestros productos cumplan con los est\u00e1ndares internacionales.<\/p>\t\t\t\t\t\t\t\t<\/div>\n\t\t\t\t<\/div>\n\t\t\t\t\t<\/div>\n\t\t<\/div>\n\t\t\t\t<div class=\"elementor-column elementor-col-50 elementor-top-column elementor-element elementor-element-cdd91e5\" data-id=\"cdd91e5\" data-element_type=\"column\" data-e-type=\"column\">\n\t\t\t<div class=\"elementor-widget-wrap elementor-element-populated\">\n\t\t\t\t\t\t<div class=\"elementor-element elementor-element-c96c347 elementor-widget elementor-widget-image\" data-id=\"c96c347\" data-element_type=\"widget\" data-e-type=\"widget\" data-widget_type=\"image.default\">\n\t\t\t\t<div class=\"elementor-widget-container\">\n\t\t\t\t\t\t\t\t\t\t\t\t\t\t\t<img fetchpriority=\"high\" decoding=\"async\" width=\"600\" height=\"600\" src=\"https:\/\/czd-shelves.com\/wp-content\/uploads\/2022\/05\/65108a9f-e122-4fe2-b630-0dc50814b931-2.jpg\" class=\"attachment-large size-large wp-image-407\" alt=\"\" srcset=\"https:\/\/czd-shelves.com\/wp-content\/uploads\/2022\/05\/65108a9f-e122-4fe2-b630-0dc50814b931-2.jpg 600w, https:\/\/czd-shelves.com\/wp-content\/uploads\/2022\/05\/65108a9f-e122-4fe2-b630-0dc50814b931-2-300x300.jpg 300w, https:\/\/czd-shelves.com\/wp-content\/uploads\/2022\/05\/65108a9f-e122-4fe2-b630-0dc50814b931-2-100x100.jpg 100w, https:\/\/czd-shelves.com\/wp-content\/uploads\/2022\/05\/65108a9f-e122-4fe2-b630-0dc50814b931-2-150x150.jpg 150w\" sizes=\"(max-width: 600px) 100vw, 600px\" title=\"\">\t\t\t\t\t\t\t\t\t\t\t\t\t\t\t<\/div>\n\t\t\t\t<\/div>\n\t\t\t\t\t<\/div>\n\t\t<\/div>\n\t\t\t\t\t<\/div>\n\t\t<\/section>\n\t\t\t\t<section data-particle_enable=\"false\" data-particle-mobile-disabled=\"false\" class=\"elementor-section elementor-top-section elementor-element elementor-element-87eea30 elementor-section-boxed elementor-section-height-default elementor-section-height-default\" data-id=\"87eea30\" data-element_type=\"section\" data-e-type=\"section\">\n\t\t\t\t\t\t<div class=\"elementor-container elementor-column-gap-default\">\n\t\t\t\t\t<div class=\"elementor-column elementor-col-100 elementor-top-column elementor-element elementor-element-e0ac13b\" data-id=\"e0ac13b\" data-element_type=\"column\" data-e-type=\"column\">\n\t\t\t<div class=\"elementor-widget-wrap elementor-element-populated\">\n\t\t\t\t\t\t<div class=\"elementor-element elementor-element-08c6552 elementor-widget elementor-widget-text-editor\" data-id=\"08c6552\" data-element_type=\"widget\" data-e-type=\"widget\" data-widget_type=\"text-editor.default\">\n\t\t\t\t<div class=\"elementor-widget-container\">\n\t\t\t\t\t\t\t\t\t<p>Galer\u00eda<\/p>\t\t\t\t\t\t\t\t<\/div>\n\t\t\t\t<\/div>\n\t\t\t\t<div class=\"elementor-element elementor-element-14ffabb elementor-widget elementor-widget-heading\" data-id=\"14ffabb\" data-element_type=\"widget\" data-e-type=\"widget\" data-widget_type=\"heading.default\">\n\t\t\t\t<div class=\"elementor-widget-container\">\n\t\t\t\t\t<h2 class=\"elementor-heading-title elementor-size-default\">Eche un vistazo a nuestra f\u00e1brica<\/h2>\t\t\t\t<\/div>\n\t\t\t\t<\/div>\n\t\t\t\t<div class=\"elementor-element elementor-element-defbf2c gallery-spacing-custom elementor-widget elementor-widget-image-gallery\" data-id=\"defbf2c\" data-element_type=\"widget\" data-e-type=\"widget\" data-widget_type=\"image-gallery.default\">\n\t\t\t\t<div class=\"elementor-widget-container\">\n\t\t\t\t\t\t\t<div class=\"elementor-image-gallery\">\n\t\t\t<div id='gallery-1' class='gallery galleryid-416 gallery-columns-3 gallery-size-full'><figure class='gallery-item'>\n\t\t\t<div class='gallery-icon landscape'>\n\t\t\t\t<img decoding=\"async\" width=\"600\" height=\"337\" src=\"https:\/\/czd-shelves.com\/wp-content\/uploads\/2022\/06\/Yupai-Factory-1.jpg\" class=\"attachment-full size-full\" alt=\"estantes del supermercado\" srcset=\"https:\/\/czd-shelves.com\/wp-content\/uploads\/2022\/06\/Yupai-Factory-1.jpg 600w, https:\/\/czd-shelves.com\/wp-content\/uploads\/2022\/06\/Yupai-Factory-1-300x169.jpg 300w\" sizes=\"(max-width: 600px) 100vw, 600px\" title=\"\">\n\t\t\t<\/div><\/figure><figure class='gallery-item'>\n\t\t\t<div class='gallery-icon landscape'>\n\t\t\t\t<img decoding=\"async\" width=\"600\" height=\"337\" src=\"https:\/\/czd-shelves.com\/wp-content\/uploads\/2022\/06\/Yupai-Factory-2.jpg\" class=\"attachment-full size-full\" alt=\"\" srcset=\"https:\/\/czd-shelves.com\/wp-content\/uploads\/2022\/06\/Yupai-Factory-2.jpg 600w, https:\/\/czd-shelves.com\/wp-content\/uploads\/2022\/06\/Yupai-Factory-2-300x169.jpg 300w\" sizes=\"(max-width: 600px) 100vw, 600px\" title=\"\">\n\t\t\t<\/div><\/figure><figure class='gallery-item'>\n\t\t\t<div class='gallery-icon landscape'>\n\t\t\t\t<img loading=\"lazy\" decoding=\"async\" width=\"600\" height=\"337\" src=\"https:\/\/czd-shelves.com\/wp-content\/uploads\/2022\/06\/Yupai-Factory-3.jpg\" class=\"attachment-full size-full\" alt=\"\" srcset=\"https:\/\/czd-shelves.com\/wp-content\/uploads\/2022\/06\/Yupai-Factory-3.jpg 600w, https:\/\/czd-shelves.com\/wp-content\/uploads\/2022\/06\/Yupai-Factory-3-300x169.jpg 300w\" sizes=\"(max-width: 600px) 100vw, 600px\" title=\"\">\n\t\t\t<\/div><\/figure>\n\t\t<\/div>\n\t\t<\/div>\n\t\t\t\t\t\t<\/div>\n\t\t\t\t<\/div>\n\t\t\t\t\t<\/div>\n\t\t<\/div>\n\t\t\t\t\t<\/div>\n\t\t<\/section>\n\t\t\t\t<section data-particle_enable=\"false\" data-particle-mobile-disabled=\"false\" class=\"elementor-section elementor-top-section elementor-element elementor-element-4cd21e1 ct-section-stretched elementor-section-height-min-height elementor-section-boxed elementor-section-height-default elementor-section-items-middle\" data-id=\"4cd21e1\" data-element_type=\"section\" data-e-type=\"section\" data-settings=\"{&quot;background_background&quot;:&quot;classic&quot;}\">\n\t\t\t\t\t\t\t<div class=\"elementor-background-overlay\"><\/div>\n\t\t\t\t\t\t\t<div class=\"elementor-container elementor-column-gap-default\">\n\t\t\t\t\t<div class=\"elementor-column elementor-col-50 elementor-top-column elementor-element elementor-element-1a6947c\" data-id=\"1a6947c\" data-element_type=\"column\" data-e-type=\"column\">\n\t\t\t<div class=\"elementor-widget-wrap elementor-element-populated\">\n\t\t\t\t\t\t<div class=\"elementor-element elementor-element-578f3b5 elementor-widget elementor-widget-text-editor\" data-id=\"578f3b5\" data-element_type=\"widget\" data-e-type=\"widget\" data-widget_type=\"text-editor.default\">\n\t\t\t\t<div class=\"elementor-widget-container\">\n\t\t\t\t\t\t\t\t\t<p>ALGUNOS DETALLES DE NUESTRA FABRICA<\/p>\t\t\t\t\t\t\t\t<\/div>\n\t\t\t\t<\/div>\n\t\t\t\t<div class=\"elementor-element elementor-element-851f3fe elementor-widget elementor-widget-heading\" data-id=\"851f3fe\" data-element_type=\"widget\" data-e-type=\"widget\" data-widget_type=\"heading.default\">\n\t\t\t\t<div class=\"elementor-widget-container\">\n\t\t\t\t\t<h2 class=\"elementor-heading-title elementor-size-default\">Le invitamos a visitarnos en China<\/h2>\t\t\t\t<\/div>\n\t\t\t\t<\/div>\n\t\t\t\t\t<\/div>\n\t\t<\/div>\n\t\t\t\t<div class=\"elementor-column elementor-col-50 elementor-top-column elementor-element elementor-element-819e1a3\" data-id=\"819e1a3\" data-element_type=\"column\" data-e-type=\"column\" data-settings=\"{&quot;background_background&quot;:&quot;classic&quot;}\">\n\t\t\t<div class=\"elementor-widget-wrap elementor-element-populated\">\n\t\t\t\t\t\t<section data-particle_enable=\"false\" data-particle-mobile-disabled=\"false\" class=\"elementor-section elementor-inner-section elementor-element elementor-element-1531eed elementor-section-boxed elementor-section-height-default elementor-section-height-default\" data-id=\"1531eed\" data-element_type=\"section\" data-e-type=\"section\">\n\t\t\t\t\t\t<div class=\"elementor-container elementor-column-gap-default\">\n\t\t\t\t\t<div class=\"elementor-column elementor-col-50 elementor-inner-column elementor-element elementor-element-321b96a\" data-id=\"321b96a\" data-element_type=\"column\" data-e-type=\"column\">\n\t\t\t<div class=\"elementor-widget-wrap elementor-element-populated\">\n\t\t\t\t\t\t<div class=\"elementor-element elementor-element-ce77005 elementor-widget elementor-widget-heading\" data-id=\"ce77005\" data-element_type=\"widget\" data-e-type=\"widget\" data-widget_type=\"heading.default\">\n\t\t\t\t<div class=\"elementor-widget-container\">\n\t\t\t\t\t<h3 class=\"elementor-heading-title elementor-size-default\">L\u00ednea de producci\u00f3n ajustada<\/h3>\t\t\t\t<\/div>\n\t\t\t\t<\/div>\n\t\t\t\t<div class=\"elementor-element elementor-element-9d3dc53 elementor-widget elementor-widget-text-editor\" data-id=\"9d3dc53\" data-element_type=\"widget\" data-e-type=\"widget\" data-widget_type=\"text-editor.default\">\n\t\t\t\t<div class=\"elementor-widget-container\">\n\t\t\t\t\t\t\t\t\t<p>Como somos un fabricante de equipos para supermercados personalizables, nuestra planta de fabricaci\u00f3n cuenta con una cantidad de empleados calificados y una gama de equipos avanzados que se pueden usar para fabricar y modificar una amplia gama de equipos para supermercados.<\/p><p>Nuestra f\u00e1brica se ha establecido con una serie de \u00e1reas dedicadas, como el \u00e1rea de clasificaci\u00f3n de piezas, el \u00e1rea de ensamblaje, el \u00e1rea de empaque y el laboratorio de control de calidad. Nuestra empresa optimiz\u00f3 el sistema de gesti\u00f3n de producci\u00f3n para aumentar la capacidad de producci\u00f3n en 30%. La planta de fabricaci\u00f3n de Changzhida no solo est\u00e1 dise\u00f1ada para productos de gran volumen, sino que tambi\u00e9n es ideal para equipos de supermercado personalizados.<\/p>\t\t\t\t\t\t\t\t<\/div>\n\t\t\t\t<\/div>\n\t\t\t\t\t<\/div>\n\t\t<\/div>\n\t\t\t\t<div class=\"elementor-column elementor-col-50 elementor-inner-column elementor-element elementor-element-cd6c904\" data-id=\"cd6c904\" data-element_type=\"column\" data-e-type=\"column\" data-settings=\"{&quot;background_background&quot;:&quot;classic&quot;}\">\n\t\t\t<div class=\"elementor-widget-wrap elementor-element-populated\">\n\t\t\t\t\t\t<div class=\"elementor-element elementor-element-8abfefb elementor-widget elementor-widget-heading\" data-id=\"8abfefb\" data-element_type=\"widget\" data-e-type=\"widget\" data-widget_type=\"heading.default\">\n\t\t\t\t<div class=\"elementor-widget-container\">\n\t\t\t\t\t<h3 class=\"elementor-heading-title elementor-size-default\">Orientado a la Calidad<\/h3>\t\t\t\t<\/div>\n\t\t\t\t<\/div>\n\t\t\t\t<div class=\"elementor-element elementor-element-1cca19c elementor-widget elementor-widget-text-editor\" data-id=\"1cca19c\" data-element_type=\"widget\" data-e-type=\"widget\" data-widget_type=\"text-editor.default\">\n\t\t\t\t<div class=\"elementor-widget-container\">\n\t\t\t\t\t\t\t\t\t<p>La fabricaci\u00f3n de calidad no tiene por qu\u00e9 significar costos m\u00e1s altos, de hecho, a menudo significa costos de garant\u00eda y retiro m\u00e1s bajos a medida que se arraiga una cultura de calidad.<\/p><p>En Changzhida, nos tomamos muy en serio la garant\u00eda y el control de calidad. Como un fabricante de larga data de equipos para supermercados y equipos para almacenes, bajo estrictos procesos de control de calidad y control de calidad, hemos demostrado a\u00f1os de trayectoria ayudando a las empresas de marcas a dise\u00f1ar, desarrollar, fabricar y lanzar sus exclusivos equipos para supermercados en mercados nacionales e internacionales. Estamos aqu\u00ed para ayudarlo a obtener y mantener una excelente fabricaci\u00f3n y valiosos equipos de exhibici\u00f3n para supermercados, equipos de almacenamiento, productos de equipos de exhibici\u00f3n comerciales para tiendas.<\/p>\t\t\t\t\t\t\t\t<\/div>\n\t\t\t\t<\/div>\n\t\t\t\t\t<\/div>\n\t\t<\/div>\n\t\t\t\t\t<\/div>\n\t\t<\/section>\n\t\t\t\t<section data-particle_enable=\"false\" data-particle-mobile-disabled=\"false\" class=\"elementor-section elementor-inner-section elementor-element elementor-element-31c9610 elementor-section-boxed elementor-section-height-default elementor-section-height-default\" data-id=\"31c9610\" data-element_type=\"section\" data-e-type=\"section\">\n\t\t\t\t\t\t<div class=\"elementor-container elementor-column-gap-default\">\n\t\t\t\t\t<div class=\"elementor-column elementor-col-100 elementor-inner-column elementor-element elementor-element-46a319d\" data-id=\"46a319d\" data-element_type=\"column\" data-e-type=\"column\">\n\t\t\t<div class=\"elementor-widget-wrap elementor-element-populated\">\n\t\t\t\t\t\t<div class=\"elementor-element elementor-element-32b2a48 elementor-widget elementor-widget-heading\" data-id=\"32b2a48\" data-element_type=\"widget\" data-e-type=\"widget\" data-widget_type=\"heading.default\">\n\t\t\t\t<div class=\"elementor-widget-container\">\n\t\t\t\t\t<h3 class=\"elementor-heading-title elementor-size-default\">Felicidad de los empleados<\/h3>\t\t\t\t<\/div>\n\t\t\t\t<\/div>\n\t\t\t\t<div class=\"elementor-element elementor-element-b5ddafd elementor-widget elementor-widget-text-editor\" data-id=\"b5ddafd\" data-element_type=\"widget\" data-e-type=\"widget\" data-widget_type=\"text-editor.default\">\n\t\t\t\t<div class=\"elementor-widget-container\">\n\t\t\t\t\t\t\t\t\t<p>Como f\u00e1brica responsable de equipos para supermercados, nuestros productos son de primera calidad, al igual que la vida de nuestros empleados. Tenemos una excelente oportunidad de hacer una diferencia en la vida de nuestros empleados. Changzhida ofrece a los empleados suficiente espacio, materiales correctos y un ambiente c\u00f3modo y agradable para trabajar. Nuestra gente trabaja feliz en f\u00e1brica, los siguientes son algunos de los esfuerzos que hemos realizado para mejorar el bienestar de nuestros empleados:<br \/>1. Asegurar suficiente vegetaci\u00f3n en el \u00e1rea de la planta.<br \/>2. Proporcionar materiales de producci\u00f3n seguros y no t\u00f3xicos y protecci\u00f3n laboral.<br \/>3. Ayudar a nuestros trabajadores a sentirse valorados a trav\u00e9s de la formaci\u00f3n continua.<br \/>4. Realizaci\u00f3n de actividades peri\u00f3dicas de reuni\u00f3n para mejorar el sentido de pertenencia de los empleados.<\/p>\t\t\t\t\t\t\t\t<\/div>\n\t\t\t\t<\/div>\n\t\t\t\t\t<\/div>\n\t\t<\/div>\n\t\t\t\t\t<\/div>\n\t\t<\/section>\n\t\t\t\t\t<\/div>\n\t\t<\/div>\n\t\t\t\t\t<\/div>\n\t\t<\/section>\n\t\t\t\t<section data-particle_enable=\"false\" data-particle-mobile-disabled=\"false\" class=\"elementor-section elementor-top-section elementor-element elementor-element-5ac08ac elementor-section-boxed elementor-section-height-default elementor-section-height-default\" data-id=\"5ac08ac\" data-element_type=\"section\" data-e-type=\"section\">\n\t\t\t\t\t\t<div class=\"elementor-container elementor-column-gap-default\">\n\t\t\t\t\t<div class=\"elementor-column elementor-col-100 elementor-top-column elementor-element elementor-element-9191947\" data-id=\"9191947\" data-element_type=\"column\" data-e-type=\"column\">\n\t\t\t<div class=\"elementor-widget-wrap elementor-element-populated\">\n\t\t\t\t\t\t<div class=\"elementor-element elementor-element-bac13ae elementor-widget elementor-widget-text-editor\" data-id=\"bac13ae\" data-element_type=\"widget\" data-e-type=\"widget\" data-widget_type=\"text-editor.default\">\n\t\t\t\t<div class=\"elementor-widget-container\">\n\t\t\t\t\t\t\t\t\t<p>Proceso de producci\u00f3n<\/p>\t\t\t\t\t\t\t\t<\/div>\n\t\t\t\t<\/div>\n\t\t\t\t<div class=\"elementor-element elementor-element-7b82e4a elementor-widget elementor-widget-heading\" data-id=\"7b82e4a\" data-element_type=\"widget\" data-e-type=\"widget\" data-widget_type=\"heading.default\">\n\t\t\t\t<div class=\"elementor-widget-container\">\n\t\t\t\t\t<h2 class=\"elementor-heading-title elementor-size-default\">C\u00f3mo se producen los estantes de Changzhida<\/h2>\t\t\t\t<\/div>\n\t\t\t\t<\/div>\n\t\t\t\t<div class=\"elementor-element elementor-element-755d436 gallery-spacing-custom elementor-widget elementor-widget-image-gallery\" data-id=\"755d436\" data-element_type=\"widget\" data-e-type=\"widget\" data-widget_type=\"image-gallery.default\">\n\t\t\t\t<div class=\"elementor-widget-container\">\n\t\t\t\t\t\t\t<div class=\"elementor-image-gallery\">\n\t\t\t<div id='gallery-2' class='gallery galleryid-416 gallery-columns-3 gallery-size-full'><figure class='gallery-item'>\n\t\t\t<div class='gallery-icon landscape'>\n\t\t\t\t<img loading=\"lazy\" decoding=\"async\" width=\"600\" height=\"337\" src=\"https:\/\/czd-shelves.com\/wp-content\/uploads\/2022\/06\/22-01-Cutting-Board.jpg\" class=\"attachment-full size-full\" alt=\"tabla de cortar\" aria-describedby=\"gallery-2-1245\" srcset=\"https:\/\/czd-shelves.com\/wp-content\/uploads\/2022\/06\/22-01-Cutting-Board.jpg 600w, https:\/\/czd-shelves.com\/wp-content\/uploads\/2022\/06\/22-01-Cutting-Board-300x169.jpg 300w\" sizes=\"(max-width: 600px) 100vw, 600px\" title=\"\">\n\t\t\t<\/div>\n\t\t\t\t<figcaption class='wp-caption-text gallery-caption' id='gallery-2-1245'>\n\t\t\t\ttabla de cortar\n\t\t\t\t<\/figcaption><\/figure><figure class='gallery-item'>\n\t\t\t<div class='gallery-icon landscape'>\n\t\t\t\t<img loading=\"lazy\" decoding=\"async\" width=\"600\" height=\"337\" src=\"https:\/\/czd-shelves.com\/wp-content\/uploads\/2022\/06\/22-02-Forming.jpg\" class=\"attachment-full size-full\" alt=\"\" aria-describedby=\"gallery-2-1244\" srcset=\"https:\/\/czd-shelves.com\/wp-content\/uploads\/2022\/06\/22-02-Forming.jpg 600w, https:\/\/czd-shelves.com\/wp-content\/uploads\/2022\/06\/22-02-Forming-300x169.jpg 300w\" sizes=\"(max-width: 600px) 100vw, 600px\" title=\"\">\n\t\t\t<\/div>\n\t\t\t\t<figcaption class='wp-caption-text gallery-caption' id='gallery-2-1244'>\n\t\t\t\tformando\n\t\t\t\t<\/figcaption><\/figure><figure class='gallery-item'>\n\t\t\t<div class='gallery-icon landscape'>\n\t\t\t\t<img loading=\"lazy\" decoding=\"async\" width=\"600\" height=\"337\" src=\"https:\/\/czd-shelves.com\/wp-content\/uploads\/2022\/06\/22-03-Welding.jpg\" class=\"attachment-full size-full\" alt=\"\" aria-describedby=\"gallery-2-1243\" srcset=\"https:\/\/czd-shelves.com\/wp-content\/uploads\/2022\/06\/22-03-Welding.jpg 600w, https:\/\/czd-shelves.com\/wp-content\/uploads\/2022\/06\/22-03-Welding-300x169.jpg 300w\" sizes=\"(max-width: 600px) 100vw, 600px\" title=\"\">\n\t\t\t<\/div>\n\t\t\t\t<figcaption class='wp-caption-text gallery-caption' id='gallery-2-1243'>\n\t\t\t\tSoldadura\n\t\t\t\t<\/figcaption><\/figure><figure class='gallery-item'>\n\t\t\t<div class='gallery-icon landscape'>\n\t\t\t\t<img loading=\"lazy\" decoding=\"async\" width=\"600\" height=\"337\" src=\"https:\/\/czd-shelves.com\/wp-content\/uploads\/2022\/06\/22-04-Coating.jpg\" class=\"attachment-full size-full\" alt=\"\" aria-describedby=\"gallery-2-1242\" srcset=\"https:\/\/czd-shelves.com\/wp-content\/uploads\/2022\/06\/22-04-Coating.jpg 600w, https:\/\/czd-shelves.com\/wp-content\/uploads\/2022\/06\/22-04-Coating-300x169.jpg 300w\" sizes=\"(max-width: 600px) 100vw, 600px\" title=\"\">\n\t\t\t<\/div>\n\t\t\t\t<figcaption class='wp-caption-text gallery-caption' id='gallery-2-1242'>\n\t\t\t\tRevestimiento\n\t\t\t\t<\/figcaption><\/figure><figure class='gallery-item'>\n\t\t\t<div class='gallery-icon landscape'>\n\t\t\t\t<img loading=\"lazy\" decoding=\"async\" width=\"600\" height=\"337\" src=\"https:\/\/czd-shelves.com\/wp-content\/uploads\/2022\/06\/22-05-Packing.jpg\" class=\"attachment-full size-full\" alt=\"Embalaje\" aria-describedby=\"gallery-2-1241\" srcset=\"https:\/\/czd-shelves.com\/wp-content\/uploads\/2022\/06\/22-05-Packing.jpg 600w, https:\/\/czd-shelves.com\/wp-content\/uploads\/2022\/06\/22-05-Packing-300x169.jpg 300w\" sizes=\"(max-width: 600px) 100vw, 600px\" title=\"\">\n\t\t\t<\/div>\n\t\t\t\t<figcaption class='wp-caption-text gallery-caption' id='gallery-2-1241'>\n\t\t\t\tEmbalaje\n\t\t\t\t<\/figcaption><\/figure><figure class='gallery-item'>\n\t\t\t<div class='gallery-icon landscape'>\n\t\t\t\t<img loading=\"lazy\" decoding=\"async\" width=\"600\" height=\"337\" src=\"https:\/\/czd-shelves.com\/wp-content\/uploads\/2022\/06\/Ready-To-Ship.jpg\" class=\"attachment-full size-full\" alt=\"\" aria-describedby=\"gallery-2-1246\" srcset=\"https:\/\/czd-shelves.com\/wp-content\/uploads\/2022\/06\/Ready-To-Ship.jpg 600w, https:\/\/czd-shelves.com\/wp-content\/uploads\/2022\/06\/Ready-To-Ship-300x169.jpg 300w\" sizes=\"(max-width: 600px) 100vw, 600px\" title=\"\">\n\t\t\t<\/div>\n\t\t\t\t<figcaption class='wp-caption-text gallery-caption' id='gallery-2-1246'>\n\t\t\t\tListo para enviar\n\t\t\t\t<\/figcaption><\/figure>\n\t\t<\/div>\n\t\t<\/div>\n\t\t\t\t\t\t<\/div>\n\t\t\t\t<\/div>\n\t\t\t\t\t<\/div>\n\t\t<\/div>\n\t\t\t\t\t<\/div>\n\t\t<\/section>\n\t\t\t\t<\/div>","protected":false},"excerpt":{"rendered":"<p>99% SATISFACTION Manufacturing The Leading Qualified Supermarket Equipment Factory In China Our supermarket equipment factory has been established for 20 years, which is the enterprise professionally manufacturing supermarket display and storage equipment. Changzhida has a full set of production system from researching &amp; developing, materials purchasing, producing, inspection, packaging and exporting. All our skilled and [&hellip;]<\/p>\n","protected":false},"author":1,"featured_media":407,"parent":0,"menu_order":0,"comment_status":"closed","ping_status":"closed","template":"","meta":{"footnotes":""},"class_list":["post-416","page","type-page","status-publish","has-post-thumbnail","hentry"],"blocksy_meta":{"styles_descriptor":{"styles":{"desktop":"","tablet":"","mobile":""},"google_fonts":[],"version":6}},"_links":{"self":[{"href":"https:\/\/czd-shelves.com\/es\/wp-json\/wp\/v2\/pages\/416","targetHints":{"allow":["GET"]}}],"collection":[{"href":"https:\/\/czd-shelves.com\/es\/wp-json\/wp\/v2\/pages"}],"about":[{"href":"https:\/\/czd-shelves.com\/es\/wp-json\/wp\/v2\/types\/page"}],"author":[{"embeddable":true,"href":"https:\/\/czd-shelves.com\/es\/wp-json\/wp\/v2\/users\/1"}],"replies":[{"embeddable":true,"href":"https:\/\/czd-shelves.com\/es\/wp-json\/wp\/v2\/comments?post=416"}],"version-history":[{"count":28,"href":"https:\/\/czd-shelves.com\/es\/wp-json\/wp\/v2\/pages\/416\/revisions"}],"predecessor-version":[{"id":2155,"href":"https:\/\/czd-shelves.com\/es\/wp-json\/wp\/v2\/pages\/416\/revisions\/2155"}],"wp:featuredmedia":[{"embeddable":true,"href":"https:\/\/czd-shelves.com\/es\/wp-json\/wp\/v2\/media\/407"}],"wp:attachment":[{"href":"https:\/\/czd-shelves.com\/es\/wp-json\/wp\/v2\/media?parent=416"}],"curies":[{"name":"wp","href":"https:\/\/api.w.org\/{rel}","templated":true}]}}